{"id":744517,"date":"2025-03-03T19:26:21","date_gmt":"2025-03-03T18:26:21","guid":{"rendered":"https:\/\/stoic-curie.212-227-153-4.plesk.page\/producto\/elektromagnetska-pumpa-spojke-tellarini-ife-12v-258lt-minuta\/"},"modified":"2026-02-25T00:01:15","modified_gmt":"2026-02-25T00:01:15","slug":"elektromagnetska-pumpa-spojke-tellarini-ife-12v-258lt-minuta","status":"publish","type":"product","link":"https:\/\/stoic-curie.212-227-153-4.plesk.page\/hr\/product\/elektromagnetska-pumpa-spojke-tellarini-ife-12v-258lt-minuta\/","title":{"rendered":"Elektromagnetska pumpa spojke Tellarini IFE 40-12"},"content":{"rendered":"<p>Elektromagnetska pumpa spojke Tellarini IFE 40-12 &#8211; <\/p>\n<p style=\"color: rgb(34, 34, 34); font-family: Arial, Helvetica, sans-serif; font-size: small;\"><strong>Pumpa s mesingovim impelerom i osovinom od nehr\u0111aju\u0107eg \u010delika s elektromagnetskom spojkom<\/strong><\/p>\n<ul style=\"color: rgb(34, 34, 34); font-family: Arial, Helvetica, sans-serif; font-size: small;\">\n<li><strong>Maksimalne okretaje:<\/strong>&nbsp;2900<\/li>\n<li><strong>Maksimalni lift:<\/strong>&nbsp;65 m pri 1400 RPM<\/li>\n<\/ul>\n<p style=\"color: rgb(34, 34, 34); font-family: Arial, Helvetica, sans-serif; font-size: small;\">Ova pumpa je dizajnirana za primjenu u slatkoj i slanoj vodi, \u0161to je \u010dini idealnim izborom za usisavanje i prijenos teku\u0107ina. Njena robusna sposobnost samospumpanja omogu\u0107ava rad \u010dak i kada je opskrba teku\u0107inom povremena, a dodatno ima i reverzibilan protok radi ve\u0107e svestranosti. IFE serija je izra\u0111ena od mesinga CB754S s osovinom od nehr\u0111aju\u0107eg \u010delika. Ovaj model uklju\u010duje potporu i remenicu za jednostavno spajanje motora. Elektromagnetska spojka izme\u0111u remenice i osovine omogu\u0107ava daljinsko upravljanje uklju\u010divanjem i isklju\u010divanjem pumpe uz pomo\u0107 jednostavnog prekida\u010da. Provjerite da odaberete odgovaraju\u0107e brtve za svoju specifi\u010dnu primjenu.<\/p>\n<p style=\"color: rgb(34, 34, 34); font-family: Arial, Helvetica, sans-serif; font-size: small;\"><strong>Primjene:<\/strong><\/p>\n<ul style=\"color: rgb(34, 34, 34); font-family: Arial, Helvetica, sans-serif; font-size: small;\">\n<li><strong>Nautika:<\/strong>&nbsp;Odvod, servis, hla\u0111enje, pranje, morska voda<\/li>\n<li><strong>Poljoprivreda:<\/strong>&nbsp;Fungicidi, teku\u0107a gnojiva, dijelovi poljoprivrednih strojeva, navodnjavanje<\/li>\n<li><strong>Transport:<\/strong>&nbsp;Tankeri, cestovna mehanizacija, sustavi prihvata vode na brodu<\/li>\n<\/ul>\n<p style=\"color: rgb(34, 34, 34); font-family: Arial, Helvetica, sans-serif; font-size: small;\"><strong>Hidrauli\u010dke specifikacije:<\/strong><\/p>\n<ul style=\"color: rgb(34, 34, 34); font-family: Arial, Helvetica, sans-serif; font-size: small;\">\n<li><strong>Maksimalni kapacitet:<\/strong>&nbsp;258 L\/min<\/li>\n<li><strong>Maksimalna visina:<\/strong>&nbsp;65 m<\/li>\n<li><strong>Brtva osovine:<\/strong>&nbsp;Da<\/li>\n<li><strong>Maksimalna visina usisavanja:<\/strong>&nbsp;6 m<\/li>\n<li><strong>Navojne otvore:<\/strong>&nbsp;1&#8243;\u00bd<\/li>\n<li><strong>Maksimalna gusto\u0107a teku\u0107ine:<\/strong>&nbsp;1.1 g\/cm\u00b3 (oslobo\u0111eno tvrdih \u010destica)<\/li>\n<li><strong>Maksimalna temperatura:<\/strong>&nbsp;90\u00b0C<\/li>\n<li><strong>Nije pogodna za:<\/strong>&nbsp;Agresivne teku\u0107ine, benzin, otapala ili okru\u017eenja s rizicima od eksplozije i po\u017eara<\/li>\n<li><strong>Povrat protoka:<\/strong>&nbsp;Da<\/li>\n<li><strong>Uklju\u010deno:<\/strong>&nbsp;Par mesinganih priklju\u010daka za crijeva za cijevi promjera 40 mm (jedan ravan, jedan zakrivljen)<\/li>\n<li><strong>Kratkotrajna operacija:<\/strong>&nbsp;Mo\u017ee raditi s zatvorenim cijevima u kratkim vremenskim intervalima<\/li>\n<li><strong>Napomena o instalaciji:<\/strong>&nbsp;Ispunite pumpu teku\u0107inom prije instalacije; ovaj korak nije potreban kasnije<\/li>\n<\/ul>\n<p style=\"color: rgb(34, 34, 34); font-family: Arial, Helvetica, sans-serif; font-size: small;\"><strong>Tehni\u010dke specifikacije:<\/strong><\/p>\n<ul style=\"color: rgb(34, 34, 34); font-family: Arial, Helvetica, sans-serif; font-size: small;\">\n<li><strong>Spajanje remenice:<\/strong>&nbsp;Pripremljeno za 2A148<\/li>\n<li><strong>Spojka:<\/strong>&nbsp;12V DC elektromagnetska spojka za daljinsko upravljanje<\/li>\n<\/ul>\n<p style=\"color: rgb(34, 34, 34); font-family: Arial, Helvetica, sans-serif; font-size: small;\"><strong>Materijali:<\/strong><\/p>\n<ul style=\"color: rgb(34, 34, 34); font-family: Arial, Helvetica, sans-serif; font-size: small;\">\n<li><strong>Dijelovi pumpe:<\/strong>&nbsp;Mesing<\/li>\n<li><strong>Osovina:<\/strong>&nbsp;AISI 304<\/li>\n<li><strong>Impeler:<\/strong>&nbsp;Mesing<\/li>\n<li><strong>Brtve:<\/strong>&nbsp;NBR<\/li>\n<\/ul>\n<p style=\"color: rgb(34, 34, 34); font-family: Arial, Helvetica, sans-serif; font-size: small;\"><strong>Karakteristike pumpe:<\/strong><\/p>\n<ul style=\"color: rgb(34, 34, 34); font-family: Arial, Helvetica, sans-serif; font-size: small;\">\n<li><strong>Otvor:<\/strong>&nbsp;1&#8243;\u00bd<\/li>\n<li><strong>Promjer priklju\u010dka crijeva:<\/strong>&nbsp;40 mm<\/li>\n<li><strong>Sposobnost usisavanja:<\/strong>&nbsp;6 m<\/li>\n<li><strong>Maksimalna protok:<\/strong>&nbsp;258 L\/min<\/li>\n<li><strong>Maksimalna visina:<\/strong>&nbsp;65 m<\/li>\n<\/ul>\n<p style=\"color: rgb(34, 34, 34); font-family: Arial, Helvetica, sans-serif; font-size: small;\"><strong>Ukupne dimenzije:<\/strong><\/p>\n<ul style=\"color: rgb(34, 34, 34); font-family: Arial, Helvetica, sans-serif; font-size: small;\">\n<li><strong>Te\u017eina:<\/strong>&nbsp;12,0 kg<\/li>\n<li><strong>Dimenzije (D\u0160V):<\/strong>&nbsp;304 mm x 158 mm x 180 mm<\/li>\n<\/ul>\n<p style=\"color: rgb(34, 34, 34); font-family: Arial, Helvetica, sans-serif; font-size: small;\"><strong>Podaci o izvedbi:<\/strong><\/p>\n<ul style=\"color: rgb(34, 34, 34); font-family: Arial, Helvetica, sans-serif; font-size: small;\">\n<li>\n<p><strong>Pri 1400 RPM:<\/strong><\/p>\n<ul>\n<li>1 m: 149 L\/min, 0.6 HP<\/li>\n<li>5 m: 119 L\/min, 0.7 HP<\/li>\n<li>10 m: 78 L\/min, 0.8 HP<\/li>\n<\/ul>\n<\/li>\n<li>\n<p><strong>Pri 1900 RPM:<\/strong><\/p>\n<ul>\n<li>1 m: 192 L\/min, 1.5 HP<\/li>\n<li>5 m: 168 L\/min, 1.6 HP<\/li>\n<li>10 m: 139 L\/min, 1.8 HP<\/li>\n<\/ul>\n<\/li>\n<li>\n<p><strong>Pri 2800 RPM:<\/strong><\/p>\n<ul>\n<li>1 m: 258 L\/min, 3.7 HP<\/li>\n<li>10 m: 234 L\/min, 4.1 HP<\/li>\n<li>20 m: 203 L\/min, 4.6 HP<\/li>\n<li>30 m: 167 L\/min, 5.0 HP<\/li>\n<\/ul>\n<\/li>\n<\/ul>\n","protected":false},"excerpt":{"rendered":"<p>Elektromagnetska pumpa spojke Tellarini IFE 40-12 &#8211; Pumpa s mesingovim impelerom i osovinom od nehr\u0111aju\u0107eg \u010delika s elektromagnetskom spojkom Maksimalne<\/p>\n","protected":false},"featured_media":5946619,"comment_status":"open","ping_status":"closed","template":"","meta":[],"product_brand":[2976],"product_cat":[1809],"product_tag":[],"class_list":{"0":"post-744517","1":"product","2":"type-product","3":"status-publish","4":"has-post-thumbnail","6":"product_brand-gianneschi-hr","7":"product_cat-pumpe-za-hladenje-motora","9":"first","10":"instock","11":"shipping-taxable","12":"purchasable","13":"product-type-simple"},"_links":{"self":[{"href":"https:\/\/stoic-curie.212-227-153-4.plesk.page\/hr\/wp-json\/wp\/v2\/product\/744517","targetHints":{"allow":["GET"]}}],"collection":[{"href":"https:\/\/stoic-curie.212-227-153-4.plesk.page\/hr\/wp-json\/wp\/v2\/product"}],"about":[{"href":"https:\/\/stoic-curie.212-227-153-4.plesk.page\/hr\/wp-json\/wp\/v2\/types\/product"}],"replies":[{"embeddable":true,"href":"https:\/\/stoic-curie.212-227-153-4.plesk.page\/hr\/wp-json\/wp\/v2\/comments?post=744517"}],"version-history":[{"count":0,"href":"https:\/\/stoic-curie.212-227-153-4.plesk.page\/hr\/wp-json\/wp\/v2\/product\/744517\/revisions"}],"wp:featuredmedia":[{"embeddable":true,"href":"https:\/\/stoic-curie.212-227-153-4.plesk.page\/hr\/wp-json\/wp\/v2\/media\/5946619"}],"wp:attachment":[{"href":"https:\/\/stoic-curie.212-227-153-4.plesk.page\/hr\/wp-json\/wp\/v2\/media?parent=744517"}],"wp:term":[{"taxonomy":"product_brand","embeddable":true,"href":"https:\/\/stoic-curie.212-227-153-4.plesk.page\/hr\/wp-json\/wp\/v2\/product_brand?post=744517"},{"taxonomy":"product_cat","embeddable":true,"href":"https:\/\/stoic-curie.212-227-153-4.plesk.page\/hr\/wp-json\/wp\/v2\/product_cat?post=744517"},{"taxonomy":"product_tag","embeddable":true,"href":"https:\/\/stoic-curie.212-227-153-4.plesk.page\/hr\/wp-json\/wp\/v2\/product_tag?post=744517"}],"curies":[{"name":"wp","href":"https:\/\/api.w.org\/{rel}","templated":true}]}}