{"id":744518,"date":"2025-03-03T19:26:21","date_gmt":"2025-03-03T18:26:21","guid":{"rendered":"https:\/\/stoic-curie.212-227-153-4.plesk.page\/producto\/pumpa-elektromagnetske-spojke-tellarini-ife-24v-258lt-minuta\/"},"modified":"2026-02-25T00:01:15","modified_gmt":"2026-02-25T00:01:15","slug":"pumpa-elektromagnetske-spojke-tellarini-ife-24v-258lt-minuta","status":"publish","type":"product","link":"https:\/\/stoic-curie.212-227-153-4.plesk.page\/hr\/product\/pumpa-elektromagnetske-spojke-tellarini-ife-24v-258lt-minuta\/","title":{"rendered":"Pumpa elektromagnetske spojke Tellarini IFE 40-24"},"content":{"rendered":"<p>Pumpa elektromagnetske spojke Tellarini IFE 40-24 &#8211; <\/p>\n<p style=\"color: rgb(34, 34, 34); font-family: Arial, Helvetica, sans-serif; font-size: small;\">Otkrijte idealno rje\u0161enje za usisavanje i prijenos teku\u0107ina, s robusnim svojstvima samousisavanja, sposobno\u0161\u0107u rada \u010dak i uz povremenu prisutnost teku\u0107ine i obrnuti protok. IFE serija je izra\u0111ena od CB754S mesinga s osovinom od nehr\u0111aju\u0107eg \u010delika. Ovaj model uklju\u010duje potporu i remenicu za jednostavno povezivanje motora. Elektromagnetna spojka izme\u0111u remenice i osovine omogu\u0107uje vam povezivanje pumpe s radnim motorom te daljinsko upravljanje uklju\u010divanjem i isklju\u010divanjem jednostavnim prekida\u010dem. Obavezno procijenite kompatibilnost i odaberite odgovaraju\u0107e brtve za svaku primjenu.<\/p>\n<p style=\"color: rgb(34, 34, 34); font-family: Arial, Helvetica, sans-serif; font-size: small;\"><strong>Hidrauli\u010dke specifikacije<\/strong><\/p>\n<ul style=\"color: rgb(34, 34, 34); font-family: Arial, Helvetica, sans-serif; font-size: small;\">\n<li><strong>Maksimalni kapacitet:<\/strong>&nbsp;258 litara\/min<\/li>\n<li><strong>Maksimalna visina:<\/strong>&nbsp;65 metara<\/li>\n<li><strong>Brtva na osovini:<\/strong>&nbsp;Zatvara\u010d<\/li>\n<li><strong>Maksimalna visina usisavanja:<\/strong>&nbsp;6 metara<\/li>\n<li><strong>Navoji:<\/strong>&nbsp;1&#8243;\u00bd<\/li>\n<li><strong>Maksimalna gusto\u0107a teku\u0107ine:<\/strong>&nbsp;1.1 g\/cm\u00b3 (bez tvrdih \u010destica)<\/li>\n<li><strong>Maksimalna temperatura:<\/strong>&nbsp;90\u00b0C<\/li>\n<li><strong>Nije prikladno za:<\/strong>&nbsp;Agresivne teku\u0107ine koje mogu o\u0161tetiti materijale pumpe i brtve (pogledajte tehni\u010dke specifikacije)<\/li>\n<li><strong>Nije prikladno za:<\/strong>&nbsp;Prijenos benzina, otapala ili upotrebu u eksplozivnim i zapaljivim okru\u017eenjima<\/li>\n<li><strong>Obrnuti protok:<\/strong>&nbsp;Da<\/li>\n<li><strong>Uklju\u010deno:<\/strong>&nbsp;Par mesinganih priklju\u010daka za crijeva promjera 40 mm (jedan ravni i jedan zakrivljeni)<\/li>\n<li><strong>Kratkoro\u010dni rad:<\/strong>&nbsp;Mo\u017ee raditi s zatvorenim cijevima na kratko vrijeme<\/li>\n<li><strong>Napomena o monta\u017ei:<\/strong>&nbsp;Pumpe je potrebno napuniti teku\u0107inom prije instalacije; ovaj korak nakon toga nije potreban.<\/li>\n<\/ul>\n<p style=\"color: rgb(34, 34, 34); font-family: Arial, Helvetica, sans-serif; font-size: small;\"><strong>Tehni\u010dke specifikacije<\/strong><\/p>\n<ul style=\"color: rgb(34, 34, 34); font-family: Arial, Helvetica, sans-serif; font-size: small;\">\n<li><strong>Pripremljenost za spoj:<\/strong>&nbsp;Putem remenice 2A148<\/li>\n<li><strong>Spojnica:<\/strong>&nbsp;24V DC elektromagnetna spojka omogu\u0107ava daljinsko upravljanje uklju\u010divanjem i isklju\u010divanjem pumpe putem prekida\u010da.<\/li>\n<\/ul>\n<p style=\"color: rgb(34, 34, 34); font-family: Arial, Helvetica, sans-serif; font-size: small;\"><strong>Materijali<\/strong><\/p>\n<ul style=\"color: rgb(34, 34, 34); font-family: Arial, Helvetica, sans-serif; font-size: small;\">\n<li><strong>Odjeli pumpe:<\/strong>&nbsp;Medi<\/li>\n<li><strong>Osovina:<\/strong>&nbsp;AISI 304<\/li>\n<li><strong>Propeler:<\/strong>&nbsp;Medi<\/li>\n<li><strong>Brtve:<\/strong>&nbsp;NBR<\/li>\n<\/ul>\n<p style=\"color: rgb(34, 34, 34); font-family: Arial, Helvetica, sans-serif; font-size: small;\"><strong>Karakteristike pumpe<\/strong><\/p>\n<ul style=\"color: rgb(34, 34, 34); font-family: Arial, Helvetica, sans-serif; font-size: small;\">\n<li><strong>Navoji:<\/strong>&nbsp;1&#8243;\u00bd<\/li>\n<li><strong>Promjer priklju\u010dka za crijevo:<\/strong>&nbsp;40 mm<\/li>\n<li><strong>Sposobnost usisavanja:<\/strong>&nbsp;6 m<\/li>\n<li><strong>Maksimalni protok (Qmax):<\/strong>&nbsp;258 litara\/min<\/li>\n<li><strong>Maksimalna visina (Hmax):<\/strong>&nbsp;65 m<\/li>\n<\/ul>\n<p style=\"color: rgb(34, 34, 34); font-family: Arial, Helvetica, sans-serif; font-size: small;\"><strong>Ukupne dimenzije<\/strong><\/p>\n<ul style=\"color: rgb(34, 34, 34); font-family: Arial, Helvetica, sans-serif; font-size: small;\">\n<li><strong>\u0160irina:<\/strong>&nbsp;304 mm<\/li>\n<li><strong>Du\u017eina:<\/strong>&nbsp;158 mm<\/li>\n<li><strong>Visina:<\/strong>&nbsp;180 mm<\/li>\n<li><strong>Te\u017eina:<\/strong>&nbsp;12.0 kg<\/li>\n<\/ul>\n<p style=\"color: rgb(34, 34, 34); font-family: Arial, Helvetica, sans-serif; font-size: small;\"><strong>Idealne primjene<\/strong><\/p>\n<ul style=\"color: rgb(34, 34, 34); font-family: Arial, Helvetica, sans-serif; font-size: small;\">\n<li><strong>Pomorska:<\/strong>&nbsp;Otvor za ispu\u0161tanje, usluge, hla\u0111enje, pranje, morska voda<\/li>\n<li><strong>Poljoprivreda:<\/strong>&nbsp;Fungicidi, teku\u0107a gnojiva, dijelovi poljoprivrednih strojeva, navodnjavanje<\/li>\n<li><strong>Transport:<\/strong>&nbsp;Cisterne, cesta oprema, sustavi vode na brodu<\/li>\n<\/ul>\n<p style=\"color: rgb(34, 34, 34); font-family: Arial, Helvetica, sans-serif; font-size: small;\"><strong>Opcije proizvoda<\/strong><\/p>\n<ul style=\"color: rgb(34, 34, 34); font-family: Arial, Helvetica, sans-serif; font-size: small;\">\n<li><strong>IFE 25-12:<\/strong>&nbsp;1&#8243;25 mm, 97 litara\/min, 45 m<\/li>\n<li><strong>IFE 25-24:<\/strong>&nbsp;1&#8243;25 mm, 97 litara\/min, 45 m<\/li>\n<li><strong>IFE 30-12:<\/strong>&nbsp;1&#8243;\u00bd30 mm, 166 litara\/min, 65 m<\/li>\n<li><strong>IFE 30-24:<\/strong>&nbsp;1&#8243;\u00bd30 mm, 166 litara\/min, 65 m<\/li>\n<li><strong>IFE 40-12:<\/strong>&nbsp;1&#8243;\u00bd40 mm, 258 litara\/min, 65 m<\/li>\n<li><strong>IFE 40-24:<\/strong>&nbsp;1&#8243;\u00bd40 mm, 258 litara\/min, 65 m<\/li>\n<\/ul>\n","protected":false},"excerpt":{"rendered":"<p>Pumpa elektromagnetske spojke Tellarini IFE 40-24 &#8211; Otkrijte idealno rje\u0161enje za usisavanje i prijenos teku\u0107ina, s robusnim svojstvima samousisavanja, sposobno\u0161\u0107u<\/p>\n","protected":false},"featured_media":5946619,"comment_status":"open","ping_status":"closed","template":"","meta":[],"product_brand":[2976],"product_cat":[1809],"product_tag":[],"class_list":{"0":"post-744518","1":"product","2":"type-product","3":"status-publish","4":"has-post-thumbnail","6":"product_brand-gianneschi-hr","7":"product_cat-pumpe-za-hladenje-motora","9":"first","10":"outofstock","11":"shipping-taxable","12":"purchasable","13":"product-type-simple"},"_links":{"self":[{"href":"https:\/\/stoic-curie.212-227-153-4.plesk.page\/hr\/wp-json\/wp\/v2\/product\/744518","targetHints":{"allow":["GET"]}}],"collection":[{"href":"https:\/\/stoic-curie.212-227-153-4.plesk.page\/hr\/wp-json\/wp\/v2\/product"}],"about":[{"href":"https:\/\/stoic-curie.212-227-153-4.plesk.page\/hr\/wp-json\/wp\/v2\/types\/product"}],"replies":[{"embeddable":true,"href":"https:\/\/stoic-curie.212-227-153-4.plesk.page\/hr\/wp-json\/wp\/v2\/comments?post=744518"}],"version-history":[{"count":0,"href":"https:\/\/stoic-curie.212-227-153-4.plesk.page\/hr\/wp-json\/wp\/v2\/product\/744518\/revisions"}],"wp:featuredmedia":[{"embeddable":true,"href":"https:\/\/stoic-curie.212-227-153-4.plesk.page\/hr\/wp-json\/wp\/v2\/media\/5946619"}],"wp:attachment":[{"href":"https:\/\/stoic-curie.212-227-153-4.plesk.page\/hr\/wp-json\/wp\/v2\/media?parent=744518"}],"wp:term":[{"taxonomy":"product_brand","embeddable":true,"href":"https:\/\/stoic-curie.212-227-153-4.plesk.page\/hr\/wp-json\/wp\/v2\/product_brand?post=744518"},{"taxonomy":"product_cat","embeddable":true,"href":"https:\/\/stoic-curie.212-227-153-4.plesk.page\/hr\/wp-json\/wp\/v2\/product_cat?post=744518"},{"taxonomy":"product_tag","embeddable":true,"href":"https:\/\/stoic-curie.212-227-153-4.plesk.page\/hr\/wp-json\/wp\/v2\/product_tag?post=744518"}],"curies":[{"name":"wp","href":"https:\/\/api.w.org\/{rel}","templated":true}]}}