{"id":744520,"date":"2025-03-03T19:27:44","date_gmt":"2025-03-03T18:27:44","guid":{"rendered":"https:\/\/stoic-curie.212-227-153-4.plesk.page\/producto\/podesivi-pantograf-roca-w50-crni-1020-1200mm\/"},"modified":"2026-02-25T00:01:15","modified_gmt":"2026-02-25T00:01:15","slug":"podesivi-pantograf-roca-w50-crni-1020-1200mm","status":"publish","type":"product","link":"https:\/\/stoic-curie.212-227-153-4.plesk.page\/hr\/product\/podesivi-pantograf-roca-w50-crni-1020-1200mm\/","title":{"rendered":"Podesivi pantograf Roca W50 Crni 1020-1200mm"},"content":{"rendered":"<p>Podesivi pantograf Roca W50 Crni 1020-1200mm &#8211; <\/p>\n<p>Visokokvalitetni brisa\u010d stakla Roca W50 za srednje velike i velike \u010damce. Tako\u0111er za profesionalnu upotrebu na radnim \u010damcima. Motor od 50 Nm sa 30 ili 47 zamaha u minuti, automatsko samostalno parkiranje lijevo ili desno i podesivi kut brisanja od 45\u00b0 do 110\u00b0. Potro\u0161nja 6A u mirovanju i 10A pri punom optere\u0107enju na 12V. <br \/> Treba ga dopuniti pantografskom rukom i o\u0161tricom. Pantografska ruka opremljena je mlaznicom za prskanje sa crijevom od 1,1 metra i mo\u017ee se skratiti do 370 mm.<\/p>\n","protected":false},"excerpt":{"rendered":"<p>Podesivi pantograf Roca W50 Crni 1020-1200mm &#8211; Visokokvalitetni brisa\u010d stakla Roca W50 za srednje velike i velike \u010damce. Tako\u0111er za<\/p>\n","protected":false},"featured_media":5946621,"comment_status":"open","ping_status":"closed","template":"","meta":[],"product_brand":[3316],"product_cat":[1735],"product_tag":[],"class_list":{"0":"post-744520","1":"product","2":"type-product","3":"status-publish","4":"has-post-thumbnail","6":"product_brand-roca-marine-hr","7":"product_cat-brisaci-vjetrobranskog-stakla-na-brodu","9":"first","10":"instock","11":"shipping-taxable","12":"purchasable","13":"product-type-simple"},"_links":{"self":[{"href":"https:\/\/stoic-curie.212-227-153-4.plesk.page\/hr\/wp-json\/wp\/v2\/product\/744520","targetHints":{"allow":["GET"]}}],"collection":[{"href":"https:\/\/stoic-curie.212-227-153-4.plesk.page\/hr\/wp-json\/wp\/v2\/product"}],"about":[{"href":"https:\/\/stoic-curie.212-227-153-4.plesk.page\/hr\/wp-json\/wp\/v2\/types\/product"}],"replies":[{"embeddable":true,"href":"https:\/\/stoic-curie.212-227-153-4.plesk.page\/hr\/wp-json\/wp\/v2\/comments?post=744520"}],"version-history":[{"count":0,"href":"https:\/\/stoic-curie.212-227-153-4.plesk.page\/hr\/wp-json\/wp\/v2\/product\/744520\/revisions"}],"wp:featuredmedia":[{"embeddable":true,"href":"https:\/\/stoic-curie.212-227-153-4.plesk.page\/hr\/wp-json\/wp\/v2\/media\/5946621"}],"wp:attachment":[{"href":"https:\/\/stoic-curie.212-227-153-4.plesk.page\/hr\/wp-json\/wp\/v2\/media?parent=744520"}],"wp:term":[{"taxonomy":"product_brand","embeddable":true,"href":"https:\/\/stoic-curie.212-227-153-4.plesk.page\/hr\/wp-json\/wp\/v2\/product_brand?post=744520"},{"taxonomy":"product_cat","embeddable":true,"href":"https:\/\/stoic-curie.212-227-153-4.plesk.page\/hr\/wp-json\/wp\/v2\/product_cat?post=744520"},{"taxonomy":"product_tag","embeddable":true,"href":"https:\/\/stoic-curie.212-227-153-4.plesk.page\/hr\/wp-json\/wp\/v2\/product_tag?post=744520"}],"curies":[{"name":"wp","href":"https:\/\/api.w.org\/{rel}","templated":true}]}}