{"id":744521,"date":"2025-03-03T19:28:22","date_gmt":"2025-03-03T18:28:22","guid":{"rendered":"https:\/\/stoic-curie.212-227-153-4.plesk.page\/producto\/zaslon-osjetljiv-na-dodir-za-roca-upravljacki-sustav\/"},"modified":"2026-02-25T00:01:15","modified_gmt":"2026-02-25T00:01:15","slug":"zaslon-osjetljiv-na-dodir-za-roca-upravljacki-sustav","status":"publish","type":"product","link":"https:\/\/stoic-curie.212-227-153-4.plesk.page\/hr\/product\/zaslon-osjetljiv-na-dodir-za-roca-upravljacki-sustav\/","title":{"rendered":"Zaslon osjetljiv na dodir za Roca upravlja\u010dki sustav"},"content":{"rendered":"<p>Zaslon osjetljiv na dodir za Roca upravlja\u010dki sustav &#8211; <\/p>\n<p>Univerzalni Roca sustav koji kontrolira i sinkronizira do 3 motora brisa\u010da niskog kapaciteta bilo koje snage. Omogu\u0107uje odabir svakog pojedina\u010dnog motora, kontrolira brzinu brisanja i sustav pranja vjetrobranskog stakla. Univerzalno napajanje 12\/24V. Mora se dopuniti Carling prekida\u010dem ili dodirnim panelom. Carling prekida\u010d dolazi s 1,5 metara kabela i priklju\u010dka. Dodirni panel upravlja svim kontrolama zajedno s do 3 motora brisa\u010da.<\/p>\n","protected":false},"excerpt":{"rendered":"<p>Zaslon osjetljiv na dodir za Roca upravlja\u010dki sustav &#8211; Univerzalni Roca sustav koji kontrolira i sinkronizira do 3 motora brisa\u010da<\/p>\n","protected":false},"featured_media":5939212,"comment_status":"open","ping_status":"closed","template":"","meta":[],"product_brand":[3316],"product_cat":[1735],"product_tag":[],"class_list":{"0":"post-744521","1":"product","2":"type-product","3":"status-publish","4":"has-post-thumbnail","6":"product_brand-roca-marine-hr","7":"product_cat-brisaci-vjetrobranskog-stakla-na-brodu","9":"first","10":"instock","11":"shipping-taxable","12":"purchasable","13":"product-type-simple"},"_links":{"self":[{"href":"https:\/\/stoic-curie.212-227-153-4.plesk.page\/hr\/wp-json\/wp\/v2\/product\/744521","targetHints":{"allow":["GET"]}}],"collection":[{"href":"https:\/\/stoic-curie.212-227-153-4.plesk.page\/hr\/wp-json\/wp\/v2\/product"}],"about":[{"href":"https:\/\/stoic-curie.212-227-153-4.plesk.page\/hr\/wp-json\/wp\/v2\/types\/product"}],"replies":[{"embeddable":true,"href":"https:\/\/stoic-curie.212-227-153-4.plesk.page\/hr\/wp-json\/wp\/v2\/comments?post=744521"}],"version-history":[{"count":0,"href":"https:\/\/stoic-curie.212-227-153-4.plesk.page\/hr\/wp-json\/wp\/v2\/product\/744521\/revisions"}],"wp:featuredmedia":[{"embeddable":true,"href":"https:\/\/stoic-curie.212-227-153-4.plesk.page\/hr\/wp-json\/wp\/v2\/media\/5939212"}],"wp:attachment":[{"href":"https:\/\/stoic-curie.212-227-153-4.plesk.page\/hr\/wp-json\/wp\/v2\/media?parent=744521"}],"wp:term":[{"taxonomy":"product_brand","embeddable":true,"href":"https:\/\/stoic-curie.212-227-153-4.plesk.page\/hr\/wp-json\/wp\/v2\/product_brand?post=744521"},{"taxonomy":"product_cat","embeddable":true,"href":"https:\/\/stoic-curie.212-227-153-4.plesk.page\/hr\/wp-json\/wp\/v2\/product_cat?post=744521"},{"taxonomy":"product_tag","embeddable":true,"href":"https:\/\/stoic-curie.212-227-153-4.plesk.page\/hr\/wp-json\/wp\/v2\/product_tag?post=744521"}],"curies":[{"name":"wp","href":"https:\/\/api.w.org\/{rel}","templated":true}]}}