{"id":744522,"date":"2025-03-03T19:28:22","date_gmt":"2025-03-03T18:28:22","guid":{"rendered":"https:\/\/stoic-curie.212-227-153-4.plesk.page\/producto\/podvodno-led-svjetlo-wk-bijelo-i-plavo-93-x-16mm\/"},"modified":"2026-02-25T00:01:15","modified_gmt":"2026-02-25T00:01:15","slug":"podvodno-led-svjetlo-wk-bijelo-i-plavo-93-x-16mm","status":"publish","type":"product","link":"https:\/\/stoic-curie.212-227-153-4.plesk.page\/hr\/product\/podvodno-led-svjetlo-wk-bijelo-i-plavo-93-x-16mm\/","title":{"rendered":"Podvodno LED svjetlo WK bijelo i plavo 93 x 16mm"},"content":{"rendered":"<p>Podvodno LED svjetlo WK bijelo i plavo 93 x 16mm &#8211; <\/p>\n<p>Dvobojno 9-32V visoko luminozno podvodno LED svjetlo. IP68 vodootporno ku\u0107i\u0161te od 316 nehr\u0111aju\u0107eg \u010delika s elektronikom za\u0161ti\u0107enom od silikonskog gela. S ugra\u0111enim upravlja\u010dem i za\u0161titom od pregrijavanja. 1,5 m naponskog kabela. 5 odabranih na\u010dina rada svjetla: valovita bijela i plava, stabilna plava, stabilna bijela, stabilna bijela i plava, trep\u0107u\u0107a bijela i plava. 12\/24V prekida\u010dka plo\u010da, IP65.<\/p>\n","protected":false},"excerpt":{"rendered":"<p>Podvodno LED svjetlo WK bijelo i plavo 93 x 16mm &#8211; Dvobojno 9-32V visoko luminozno podvodno LED svjetlo. IP68 vodootporno<\/p>\n","protected":false},"featured_media":5946628,"comment_status":"open","ping_status":"closed","template":"","meta":[],"product_brand":[3221],"product_cat":[1731],"product_tag":[],"class_list":{"0":"post-744522","1":"product","2":"type-product","3":"status-publish","4":"has-post-thumbnail","6":"product_brand-oceanled-hr","7":"product_cat-uronjiva-led-svjetla","9":"first","10":"instock","11":"shipping-taxable","12":"purchasable","13":"product-type-simple"},"_links":{"self":[{"href":"https:\/\/stoic-curie.212-227-153-4.plesk.page\/hr\/wp-json\/wp\/v2\/product\/744522","targetHints":{"allow":["GET"]}}],"collection":[{"href":"https:\/\/stoic-curie.212-227-153-4.plesk.page\/hr\/wp-json\/wp\/v2\/product"}],"about":[{"href":"https:\/\/stoic-curie.212-227-153-4.plesk.page\/hr\/wp-json\/wp\/v2\/types\/product"}],"replies":[{"embeddable":true,"href":"https:\/\/stoic-curie.212-227-153-4.plesk.page\/hr\/wp-json\/wp\/v2\/comments?post=744522"}],"version-history":[{"count":0,"href":"https:\/\/stoic-curie.212-227-153-4.plesk.page\/hr\/wp-json\/wp\/v2\/product\/744522\/revisions"}],"wp:featuredmedia":[{"embeddable":true,"href":"https:\/\/stoic-curie.212-227-153-4.plesk.page\/hr\/wp-json\/wp\/v2\/media\/5946628"}],"wp:attachment":[{"href":"https:\/\/stoic-curie.212-227-153-4.plesk.page\/hr\/wp-json\/wp\/v2\/media?parent=744522"}],"wp:term":[{"taxonomy":"product_brand","embeddable":true,"href":"https:\/\/stoic-curie.212-227-153-4.plesk.page\/hr\/wp-json\/wp\/v2\/product_brand?post=744522"},{"taxonomy":"product_cat","embeddable":true,"href":"https:\/\/stoic-curie.212-227-153-4.plesk.page\/hr\/wp-json\/wp\/v2\/product_cat?post=744522"},{"taxonomy":"product_tag","embeddable":true,"href":"https:\/\/stoic-curie.212-227-153-4.plesk.page\/hr\/wp-json\/wp\/v2\/product_tag?post=744522"}],"curies":[{"name":"wp","href":"https:\/\/api.w.org\/{rel}","templated":true}]}}