{"id":744525,"date":"2025-03-03T19:28:23","date_gmt":"2025-03-03T18:28:23","guid":{"rendered":"https:\/\/stoic-curie.212-227-153-4.plesk.page\/producto\/kontrolna-ploca-quick-qcc-lcs\/"},"modified":"2026-02-25T00:01:15","modified_gmt":"2026-02-25T00:01:15","slug":"kontrolna-ploca-quick-qcc-lcs","status":"publish","type":"product","link":"https:\/\/stoic-curie.212-227-153-4.plesk.page\/hr\/product\/kontrolna-ploca-quick-qcc-lcs\/","title":{"rendered":"Kontrolna plo\u010da Quick QCC-LCS"},"content":{"rendered":"<p>Kontrolna plo\u010da Quick QCC-LCS  &#8211; <\/p>\n<p>Vodootporno LED podvodno svjetlo s ku\u0107i\u0161tem od nehr\u0111aju\u0107eg \u010delika 316. Instalacija ispod vodene linije sa sustavom tre\u0161nice koji, u slu\u010daju kvara, omogu\u0107ava zamjenu svjetlosnog tijela iznutra \u010damca bez potrebe da ga izvadite iz vode. Integrirani upravlja\u010d s krugom za\u0161ti\u0107enim od naponskih vrhova i promjene polariteta. Hladno bijela svjetlost od 6200 K ili odabir RGBW. Potrebna je QCC-PLT300 jedinica za kontrolu boje i QCC-LCS dodirna kontrolna plo\u010da.<\/p>\n","protected":false},"excerpt":{"rendered":"<p>Kontrolna plo\u010da Quick QCC-LCS &#8211; Vodootporno LED podvodno svjetlo s ku\u0107i\u0161tem od nehr\u0111aju\u0107eg \u010delika 316. Instalacija ispod vodene linije sa<\/p>\n","protected":false},"featured_media":5946633,"comment_status":"open","ping_status":"closed","template":"","meta":[],"product_brand":[3281],"product_cat":[1731],"product_tag":[],"class_list":{"0":"post-744525","1":"product","2":"type-product","3":"status-publish","4":"has-post-thumbnail","6":"product_brand-quick-hr","7":"product_cat-uronjiva-led-svjetla","9":"first","10":"outofstock","11":"shipping-taxable","12":"purchasable","13":"product-type-simple"},"_links":{"self":[{"href":"https:\/\/stoic-curie.212-227-153-4.plesk.page\/hr\/wp-json\/wp\/v2\/product\/744525","targetHints":{"allow":["GET"]}}],"collection":[{"href":"https:\/\/stoic-curie.212-227-153-4.plesk.page\/hr\/wp-json\/wp\/v2\/product"}],"about":[{"href":"https:\/\/stoic-curie.212-227-153-4.plesk.page\/hr\/wp-json\/wp\/v2\/types\/product"}],"replies":[{"embeddable":true,"href":"https:\/\/stoic-curie.212-227-153-4.plesk.page\/hr\/wp-json\/wp\/v2\/comments?post=744525"}],"version-history":[{"count":0,"href":"https:\/\/stoic-curie.212-227-153-4.plesk.page\/hr\/wp-json\/wp\/v2\/product\/744525\/revisions"}],"wp:featuredmedia":[{"embeddable":true,"href":"https:\/\/stoic-curie.212-227-153-4.plesk.page\/hr\/wp-json\/wp\/v2\/media\/5946633"}],"wp:attachment":[{"href":"https:\/\/stoic-curie.212-227-153-4.plesk.page\/hr\/wp-json\/wp\/v2\/media?parent=744525"}],"wp:term":[{"taxonomy":"product_brand","embeddable":true,"href":"https:\/\/stoic-curie.212-227-153-4.plesk.page\/hr\/wp-json\/wp\/v2\/product_brand?post=744525"},{"taxonomy":"product_cat","embeddable":true,"href":"https:\/\/stoic-curie.212-227-153-4.plesk.page\/hr\/wp-json\/wp\/v2\/product_cat?post=744525"},{"taxonomy":"product_tag","embeddable":true,"href":"https:\/\/stoic-curie.212-227-153-4.plesk.page\/hr\/wp-json\/wp\/v2\/product_tag?post=744525"}],"curies":[{"name":"wp","href":"https:\/\/api.w.org\/{rel}","templated":true}]}}