{"id":744534,"date":"2025-03-03T19:28:25","date_gmt":"2025-03-03T18:28:25","guid":{"rendered":"https:\/\/stoic-curie.212-227-153-4.plesk.page\/producto\/digitali-instrument-vdo-veratron-vmh35\/"},"modified":"2026-02-25T00:01:15","modified_gmt":"2026-02-25T00:01:15","slug":"digitali-instrument-vdo-veratron-vmh35","status":"publish","type":"product","link":"https:\/\/stoic-curie.212-227-153-4.plesk.page\/hr\/product\/digitali-instrument-vdo-veratron-vmh35\/","title":{"rendered":"Digitali instrument VDO Veratron VMH35"},"content":{"rendered":"<p>Digitali instrument VDO Veratron VMH35 &#8211; <\/p>\n<p>Multifunkcionalni digitalni TFT hibridni zaslon u boji s crnim mineralnim staklom i postoljem od nehr\u0111aju\u0107eg \u010delika. Opremljen NMEA2000 povezivo\u0161\u0107u i brzinomjerom s integriranom GPS antenom. Dva analogna i jedan frekvencijski ulaz za ne-NMEA brzinomjere, mo\u017ee se postaviti da bude kompatibilan s bilo kojim senzorom. Standardno se isporu\u010duje s motorima Honda\/Selva, kompatibilno sa svim drugim 12V analognim i elektroni\u010dkim motorima.<\/p>\n","protected":false},"excerpt":{"rendered":"<p>Digitali instrument VDO Veratron VMH35 &#8211; Multifunkcionalni digitalni TFT hibridni zaslon u boji s crnim mineralnim staklom i postoljem od<\/p>\n","protected":false},"featured_media":5946645,"comment_status":"open","ping_status":"closed","template":"","meta":[],"product_brand":[3511],"product_cat":[1785],"product_tag":[],"class_list":{"0":"post-744534","1":"product","2":"type-product","3":"status-publish","4":"has-post-thumbnail","6":"product_brand-vdo-veratron-hr","7":"product_cat-vdo-instrumenti","9":"first","10":"instock","11":"shipping-taxable","12":"purchasable","13":"product-type-simple"},"_links":{"self":[{"href":"https:\/\/stoic-curie.212-227-153-4.plesk.page\/hr\/wp-json\/wp\/v2\/product\/744534","targetHints":{"allow":["GET"]}}],"collection":[{"href":"https:\/\/stoic-curie.212-227-153-4.plesk.page\/hr\/wp-json\/wp\/v2\/product"}],"about":[{"href":"https:\/\/stoic-curie.212-227-153-4.plesk.page\/hr\/wp-json\/wp\/v2\/types\/product"}],"replies":[{"embeddable":true,"href":"https:\/\/stoic-curie.212-227-153-4.plesk.page\/hr\/wp-json\/wp\/v2\/comments?post=744534"}],"version-history":[{"count":0,"href":"https:\/\/stoic-curie.212-227-153-4.plesk.page\/hr\/wp-json\/wp\/v2\/product\/744534\/revisions"}],"wp:featuredmedia":[{"embeddable":true,"href":"https:\/\/stoic-curie.212-227-153-4.plesk.page\/hr\/wp-json\/wp\/v2\/media\/5946645"}],"wp:attachment":[{"href":"https:\/\/stoic-curie.212-227-153-4.plesk.page\/hr\/wp-json\/wp\/v2\/media?parent=744534"}],"wp:term":[{"taxonomy":"product_brand","embeddable":true,"href":"https:\/\/stoic-curie.212-227-153-4.plesk.page\/hr\/wp-json\/wp\/v2\/product_brand?post=744534"},{"taxonomy":"product_cat","embeddable":true,"href":"https:\/\/stoic-curie.212-227-153-4.plesk.page\/hr\/wp-json\/wp\/v2\/product_cat?post=744534"},{"taxonomy":"product_tag","embeddable":true,"href":"https:\/\/stoic-curie.212-227-153-4.plesk.page\/hr\/wp-json\/wp\/v2\/product_tag?post=744534"}],"curies":[{"name":"wp","href":"https:\/\/api.w.org\/{rel}","templated":true}]}}