{"id":744536,"date":"2025-03-03T19:31:16","date_gmt":"2025-03-03T18:31:16","guid":{"rendered":"https:\/\/stoic-curie.212-227-153-4.plesk.page\/producto\/daljinski-upravljac-icom-commandmic-hm-229b\/"},"modified":"2026-02-25T00:01:15","modified_gmt":"2026-02-25T00:01:15","slug":"daljinski-upravljac-icom-commandmic-hm-229b","status":"publish","type":"product","link":"https:\/\/stoic-curie.212-227-153-4.plesk.page\/hr\/product\/daljinski-upravljac-icom-commandmic-hm-229b\/","title":{"rendered":"Daljinski upravlja\u010d Icom Commandmic HM-229B"},"content":{"rendered":"<p>Daljinski upravlja\u010d Icom Commandmic HM-229B &#8211; <\/p>\n<p>Fiksna monta\u017ea ICOM IC-M510E 12V klasa D DSC VHF s mikrofonom i vanjskim GPS-om. Uz opcionu be\u017ei\u010dnu CT-M500 kutijastu su\u010delje, mo\u017ee se upravljati s udaljene stanice ili pametnog telefona putem besplatne namjenske aplikacije. AIS verzija omogu\u0107uje DSC pregled, odabir i pozivanje svih ciljeva izravno s ekrana. Boja 4,3&#8243; LCD TFT zaslon, IP68 vodootporan ku\u0107i\u0161te, NMEA0183 povezivost (NMEA2000 WLAN s be\u017ei\u010dnom kutijom), navigacijske funkcije s waypoint-om, sirena protiv magle, dvojnog\/triple nadzora, trenutni pristup kanalu 16, aktivni sustav za smanjenje \u0161uma (ANC), TAG i AquaQuake za odvodnju vode. Opcionalni Commandmic HM-229B mikrofon omogu\u0107uje upravljanje svim VHF funkcijama s drugog mjesta. Tako\u0111er se koristi kao interkom ili za uspostavljanje DSC poziva.<br \/>Uklju\u010duje GPS antenu i 10 m kabela, monta\u017enu dr\u017ea\u010d, kabl za napajanje i korisni\u010dki priru\u010dnik. Dimenzije: 175 x 71 x H110 mm.<\/p>\n","protected":false},"excerpt":{"rendered":"<p>Daljinski upravlja\u010d Icom Commandmic HM-229B &#8211; Fiksna monta\u017ea ICOM IC-M510E 12V klasa D DSC VHF s mikrofonom i vanjskim GPS-om.<\/p>\n","protected":false},"featured_media":5946652,"comment_status":"open","ping_status":"closed","template":"","meta":[],"product_brand":[3011],"product_cat":[1744],"product_tag":[],"class_list":{"0":"post-744536","1":"product","2":"type-product","3":"status-publish","4":"has-post-thumbnail","6":"product_brand-icom-marine-hr","7":"product_cat-brodska-elektronika","9":"first","10":"instock","11":"shipping-taxable","12":"purchasable","13":"product-type-simple"},"_links":{"self":[{"href":"https:\/\/stoic-curie.212-227-153-4.plesk.page\/hr\/wp-json\/wp\/v2\/product\/744536","targetHints":{"allow":["GET"]}}],"collection":[{"href":"https:\/\/stoic-curie.212-227-153-4.plesk.page\/hr\/wp-json\/wp\/v2\/product"}],"about":[{"href":"https:\/\/stoic-curie.212-227-153-4.plesk.page\/hr\/wp-json\/wp\/v2\/types\/product"}],"replies":[{"embeddable":true,"href":"https:\/\/stoic-curie.212-227-153-4.plesk.page\/hr\/wp-json\/wp\/v2\/comments?post=744536"}],"version-history":[{"count":0,"href":"https:\/\/stoic-curie.212-227-153-4.plesk.page\/hr\/wp-json\/wp\/v2\/product\/744536\/revisions"}],"wp:featuredmedia":[{"embeddable":true,"href":"https:\/\/stoic-curie.212-227-153-4.plesk.page\/hr\/wp-json\/wp\/v2\/media\/5946652"}],"wp:attachment":[{"href":"https:\/\/stoic-curie.212-227-153-4.plesk.page\/hr\/wp-json\/wp\/v2\/media?parent=744536"}],"wp:term":[{"taxonomy":"product_brand","embeddable":true,"href":"https:\/\/stoic-curie.212-227-153-4.plesk.page\/hr\/wp-json\/wp\/v2\/product_brand?post=744536"},{"taxonomy":"product_cat","embeddable":true,"href":"https:\/\/stoic-curie.212-227-153-4.plesk.page\/hr\/wp-json\/wp\/v2\/product_cat?post=744536"},{"taxonomy":"product_tag","embeddable":true,"href":"https:\/\/stoic-curie.212-227-153-4.plesk.page\/hr\/wp-json\/wp\/v2\/product_tag?post=744536"}],"curies":[{"name":"wp","href":"https:\/\/api.w.org\/{rel}","templated":true}]}}