{"id":744537,"date":"2025-03-03T19:31:19","date_gmt":"2025-03-03T18:31:19","guid":{"rendered":"https:\/\/stoic-curie.212-227-153-4.plesk.page\/producto\/bezicna-kutija-icom-ct-m500\/"},"modified":"2026-02-25T00:01:15","modified_gmt":"2026-02-25T00:01:15","slug":"bezicna-kutija-icom-ct-m500","status":"publish","type":"product","link":"https:\/\/stoic-curie.212-227-153-4.plesk.page\/hr\/product\/bezicna-kutija-icom-ct-m500\/","title":{"rendered":"Be\u017ei\u010dna kutija Icom CT-M500"},"content":{"rendered":"<p>Be\u017ei\u010dna kutija Icom CT-M500 &#8211; <\/p>\n<p>Fiksna monta\u017ea ICOM IC-M510E 12V razred D DSC VHF s mikrofonom i vanjskim GPS-om. Uz opcijsku be\u017ei\u010dnu CT-M500 su\u010delje, mo\u017ee se upravljati s udaljene stanice ili pametnog telefona putem besplatne namjenske aplikacije. AIS verzija omogu\u0107ava DSC pregled, odabir i pozivanje svih ciljeva izravno s ekrana. Boja LCD TFT zaslon dimenzija 4,3&#8243;, IP68 vodootporna ku\u0107i\u0161ta, NMEA0183 kompatibilnost (NMEA2000 WLAN s be\u017ei\u010dnom jedinicom), navigacijske funkcije s to\u010dkama, anti-mist sirena, dual\/tri watch funkcija, instant pristup kanalu 16, aktivni canceller buke (ANC), TAG i AquaQuake za drena\u017eu vode. Opcionalni Commandmic HM-229B mikrofon omogu\u0107ava upravljanje svim VHF funkcijama s druge lokacije. Tako\u0111er se koristi kao interkom ili za postavljanje DSC poziva. Uklju\u010duje GPS antenu i 10 m kabel, monta\u017enu plo\u010du, naponski kabel i korisni\u010dku priru\u010dnik. Dimenzije: 175 x 71 x H110 mm.<\/p>\n","protected":false},"excerpt":{"rendered":"<p>Be\u017ei\u010dna kutija Icom CT-M500 &#8211; Fiksna monta\u017ea ICOM IC-M510E 12V razred D DSC VHF s mikrofonom i vanjskim GPS-om. Uz<\/p>\n","protected":false},"featured_media":5946653,"comment_status":"open","ping_status":"closed","template":"","meta":[],"product_brand":[3011],"product_cat":[1744],"product_tag":[],"class_list":{"0":"post-744537","1":"product","2":"type-product","3":"status-publish","4":"has-post-thumbnail","6":"product_brand-icom-marine-hr","7":"product_cat-brodska-elektronika","9":"first","10":"instock","11":"shipping-taxable","12":"purchasable","13":"product-type-simple"},"_links":{"self":[{"href":"https:\/\/stoic-curie.212-227-153-4.plesk.page\/hr\/wp-json\/wp\/v2\/product\/744537","targetHints":{"allow":["GET"]}}],"collection":[{"href":"https:\/\/stoic-curie.212-227-153-4.plesk.page\/hr\/wp-json\/wp\/v2\/product"}],"about":[{"href":"https:\/\/stoic-curie.212-227-153-4.plesk.page\/hr\/wp-json\/wp\/v2\/types\/product"}],"replies":[{"embeddable":true,"href":"https:\/\/stoic-curie.212-227-153-4.plesk.page\/hr\/wp-json\/wp\/v2\/comments?post=744537"}],"version-history":[{"count":0,"href":"https:\/\/stoic-curie.212-227-153-4.plesk.page\/hr\/wp-json\/wp\/v2\/product\/744537\/revisions"}],"wp:featuredmedia":[{"embeddable":true,"href":"https:\/\/stoic-curie.212-227-153-4.plesk.page\/hr\/wp-json\/wp\/v2\/media\/5946653"}],"wp:attachment":[{"href":"https:\/\/stoic-curie.212-227-153-4.plesk.page\/hr\/wp-json\/wp\/v2\/media?parent=744537"}],"wp:term":[{"taxonomy":"product_brand","embeddable":true,"href":"https:\/\/stoic-curie.212-227-153-4.plesk.page\/hr\/wp-json\/wp\/v2\/product_brand?post=744537"},{"taxonomy":"product_cat","embeddable":true,"href":"https:\/\/stoic-curie.212-227-153-4.plesk.page\/hr\/wp-json\/wp\/v2\/product_cat?post=744537"},{"taxonomy":"product_tag","embeddable":true,"href":"https:\/\/stoic-curie.212-227-153-4.plesk.page\/hr\/wp-json\/wp\/v2\/product_tag?post=744537"}],"curies":[{"name":"wp","href":"https:\/\/api.w.org\/{rel}","templated":true}]}}