{"id":744539,"date":"2025-03-03T19:31:20","date_gmt":"2025-03-03T18:31:20","guid":{"rendered":"https:\/\/stoic-curie.212-227-153-4.plesk.page\/producto\/fusion-ms-ra60-rds-bluetooth-marine-stereo\/"},"modified":"2026-02-25T00:01:15","modified_gmt":"2026-02-25T00:01:15","slug":"fusion-ms-ra60-rds-bluetooth-marine-stereo","status":"publish","type":"product","link":"https:\/\/stoic-curie.212-227-153-4.plesk.page\/hr\/product\/fusion-ms-ra60-rds-bluetooth-marine-stereo\/","title":{"rendered":"Fusion MS-RA60 RDS \/ BLUETOOTH, Marine Stereo"},"content":{"rendered":"<p>Fusion MS-RA60 RDS \/ BLUETOOTH, Marine Stereo &#8211; <\/p>\n<p>Fusion MS-RA60 vodootporni IPx7 dashboard morski stereo s pozadinskim LCD zaslonom. RDS FM\/AM DAB spreman radio, stra\u017enji AUX ulaz i ugra\u0111eni Bluetooth za striming zvuka sa pametnih telefona i kompatibilnih ure\u0111aja. Opremeljeno funkcijom daljinskog upravljanja Fusion-Link koja omogu\u0107uje upravljanje stereo ure\u0111ajem putem Garmin sata ili kompatibilnih NMEA2000 multifunkcionalnih ure\u0111aja. Nezavisna upravlja\u010dka pode\u0161avanja za dvije odvojene audio zone. Kit za retrofitting prilago\u0111ava stereo ure\u0111aj postoje\u0107im rupama standardnih DIN tipa dashboard radio ure\u0111aja. D= dubina<\/p>\n","protected":false},"excerpt":{"rendered":"<p>Fusion MS-RA60 RDS \/ BLUETOOTH, Marine Stereo &#8211; Fusion MS-RA60 vodootporni IPx7 dashboard morski stereo s pozadinskim LCD zaslonom. RDS<\/p>\n","protected":false},"featured_media":5946654,"comment_status":"open","ping_status":"closed","template":"","meta":[],"product_brand":[2961],"product_cat":[1733],"product_tag":[],"class_list":{"0":"post-744539","1":"product","2":"type-product","3":"status-publish","4":"has-post-thumbnail","6":"product_brand-fusion-hr","7":"product_cat-stereo-i-zvucnici","9":"first","10":"instock","11":"shipping-taxable","12":"purchasable","13":"product-type-simple"},"_links":{"self":[{"href":"https:\/\/stoic-curie.212-227-153-4.plesk.page\/hr\/wp-json\/wp\/v2\/product\/744539","targetHints":{"allow":["GET"]}}],"collection":[{"href":"https:\/\/stoic-curie.212-227-153-4.plesk.page\/hr\/wp-json\/wp\/v2\/product"}],"about":[{"href":"https:\/\/stoic-curie.212-227-153-4.plesk.page\/hr\/wp-json\/wp\/v2\/types\/product"}],"replies":[{"embeddable":true,"href":"https:\/\/stoic-curie.212-227-153-4.plesk.page\/hr\/wp-json\/wp\/v2\/comments?post=744539"}],"version-history":[{"count":0,"href":"https:\/\/stoic-curie.212-227-153-4.plesk.page\/hr\/wp-json\/wp\/v2\/product\/744539\/revisions"}],"wp:featuredmedia":[{"embeddable":true,"href":"https:\/\/stoic-curie.212-227-153-4.plesk.page\/hr\/wp-json\/wp\/v2\/media\/5946654"}],"wp:attachment":[{"href":"https:\/\/stoic-curie.212-227-153-4.plesk.page\/hr\/wp-json\/wp\/v2\/media?parent=744539"}],"wp:term":[{"taxonomy":"product_brand","embeddable":true,"href":"https:\/\/stoic-curie.212-227-153-4.plesk.page\/hr\/wp-json\/wp\/v2\/product_brand?post=744539"},{"taxonomy":"product_cat","embeddable":true,"href":"https:\/\/stoic-curie.212-227-153-4.plesk.page\/hr\/wp-json\/wp\/v2\/product_cat?post=744539"},{"taxonomy":"product_tag","embeddable":true,"href":"https:\/\/stoic-curie.212-227-153-4.plesk.page\/hr\/wp-json\/wp\/v2\/product_tag?post=744539"}],"curies":[{"name":"wp","href":"https:\/\/api.w.org\/{rel}","templated":true}]}}