{"id":744544,"date":"2025-03-03T19:31:22","date_gmt":"2025-03-03T18:31:22","guid":{"rendered":"https:\/\/stoic-curie.212-227-153-4.plesk.page\/producto\/offshore-jakna-musto-br2-crvena-velicina-s\/"},"modified":"2026-02-25T00:01:15","modified_gmt":"2026-02-25T00:01:15","slug":"offshore-jakna-musto-br2-crvena-velicina-s","status":"publish","type":"product","link":"https:\/\/stoic-curie.212-227-153-4.plesk.page\/hr\/product\/offshore-jakna-musto-br2-crvena-velicina-s\/","title":{"rendered":"Offshore jakna Musto BR2 Crvena, velicina : S"},"content":{"rendered":"<p>Offshore jakna Musto BR2 Crvena, velicina : S &#8211; <\/p>\n<p>Musto BR2 Offshore jakna izra\u0111ena je od iznimno prozra\u010dnog, vodoodpornog i vjetrootpornog BR2 dvokatnog materijala. S artikuliranim rukavima, fluorescentnom kapulja\u010dom koja se mo\u017ee sklopiti, i dvostrukom podesivom za\u0161titom od oluje s odvodnim kanalom preko dvojne YKK\u00ae patentne zatvara\u010de za neprobojan prednji zatvara\u010d. Ovratnik oblo\u017een mre\u017eastim flisom osigurava udobnost i toplinu, dok su dvostruki man\u0161eti s pode\u0161ivim vanjskim man\u0161etama dodatak. Jakna tako\u0111er ima podstavljenu unutra\u0161njost, 2 cargo d\u017eepa s vodoodpornim zatvara\u010dima te 4 d\u017eepa za grijanje ruku djelomi\u010dno oblo\u017eena flisom, uz unutarnju d\u017eep s patentnim zatvara\u010dem, unutra\u0161nji d\u017eep za sun\u010dane nao\u010dale s patentnim zatvara\u010dem, prizmat\u010dne reflektore i reflektiraju\u0107e detalje u \u0161avovima.<\/p>\n","protected":false},"excerpt":{"rendered":"<p>Offshore jakna Musto BR2 Crvena, velicina : S &#8211; Musto BR2 Offshore jakna izra\u0111ena je od iznimno prozra\u010dnog, vodoodpornog i<\/p>\n","protected":false},"featured_media":5946666,"comment_status":"open","ping_status":"closed","template":"","meta":[],"product_brand":[3156],"product_cat":[1854],"product_tag":[],"class_list":{"0":"post-744544","1":"product","2":"type-product","3":"status-publish","4":"has-post-thumbnail","6":"product_brand-musto-hr","7":"product_cat-jedrilicarska-odjeca-musto","9":"first","10":"instock","11":"shipping-taxable","12":"purchasable","13":"product-type-simple"},"_links":{"self":[{"href":"https:\/\/stoic-curie.212-227-153-4.plesk.page\/hr\/wp-json\/wp\/v2\/product\/744544","targetHints":{"allow":["GET"]}}],"collection":[{"href":"https:\/\/stoic-curie.212-227-153-4.plesk.page\/hr\/wp-json\/wp\/v2\/product"}],"about":[{"href":"https:\/\/stoic-curie.212-227-153-4.plesk.page\/hr\/wp-json\/wp\/v2\/types\/product"}],"replies":[{"embeddable":true,"href":"https:\/\/stoic-curie.212-227-153-4.plesk.page\/hr\/wp-json\/wp\/v2\/comments?post=744544"}],"version-history":[{"count":0,"href":"https:\/\/stoic-curie.212-227-153-4.plesk.page\/hr\/wp-json\/wp\/v2\/product\/744544\/revisions"}],"wp:featuredmedia":[{"embeddable":true,"href":"https:\/\/stoic-curie.212-227-153-4.plesk.page\/hr\/wp-json\/wp\/v2\/media\/5946666"}],"wp:attachment":[{"href":"https:\/\/stoic-curie.212-227-153-4.plesk.page\/hr\/wp-json\/wp\/v2\/media?parent=744544"}],"wp:term":[{"taxonomy":"product_brand","embeddable":true,"href":"https:\/\/stoic-curie.212-227-153-4.plesk.page\/hr\/wp-json\/wp\/v2\/product_brand?post=744544"},{"taxonomy":"product_cat","embeddable":true,"href":"https:\/\/stoic-curie.212-227-153-4.plesk.page\/hr\/wp-json\/wp\/v2\/product_cat?post=744544"},{"taxonomy":"product_tag","embeddable":true,"href":"https:\/\/stoic-curie.212-227-153-4.plesk.page\/hr\/wp-json\/wp\/v2\/product_tag?post=744544"}],"curies":[{"name":"wp","href":"https:\/\/api.w.org\/{rel}","templated":true}]}}