{"id":744545,"date":"2025-03-03T19:31:22","date_gmt":"2025-03-03T18:31:22","guid":{"rendered":"https:\/\/stoic-curie.212-227-153-4.plesk.page\/producto\/offshore-jakna-musto-br2-crvena-velicina-m\/"},"modified":"2026-02-25T00:01:15","modified_gmt":"2026-02-25T00:01:15","slug":"offshore-jakna-musto-br2-crvena-velicina-m","status":"publish","type":"product","link":"https:\/\/stoic-curie.212-227-153-4.plesk.page\/hr\/product\/offshore-jakna-musto-br2-crvena-velicina-m\/","title":{"rendered":"Offshore jakna Musto BR2 Crvena, velicina: M"},"content":{"rendered":"<p>Offshore jakna Musto BR2 Crvena, velicina: M &#8211; <\/p>\n<p>Musto BR2 Offshore jakna izra\u0111ena je od izuzetno prozra\u010dnog, vodootpornog i vjetrootpornog BR2 tkanine sa 2 sloja. Ima artikulirane rukave, fluorescentnu kapulja\u010du koja se mo\u017ee sklopiti i dvostruku preklopnu za\u0161titu od oluje s odvodnim kanalom preko dvosmjernog YKK\u00ae zatvara\u010da za nepropusno zatvaranje sprijeda. Ovratnik je podstavljen mre\u017eastim flisom za udobnost i toplinu, a tu su i dvostruki man\u017eeti s pode\u0161ivim vanjskim man\u017eetama, mre\u017eom podstavljene 2 cargo d\u017eepa sa vodoodbojnim zatvoraima te 4 d\u017eepa za grijanje ruku djelomi\u010dno podstavljene flisom, plus unutarnja zip d\u017eep, unutarnji zip d\u017eep za sun\u010dane nao\u010dale, prizmat\u010dni reflektori i reflektiraju\u0107i detalji u \u0161avovima.<\/p>\n","protected":false},"excerpt":{"rendered":"<p>Offshore jakna Musto BR2 Crvena, velicina: M &#8211; Musto BR2 Offshore jakna izra\u0111ena je od izuzetno prozra\u010dnog, vodootpornog i vjetrootpornog<\/p>\n","protected":false},"featured_media":5946666,"comment_status":"open","ping_status":"closed","template":"","meta":[],"product_brand":[3156],"product_cat":[1854],"product_tag":[],"class_list":{"0":"post-744545","1":"product","2":"type-product","3":"status-publish","4":"has-post-thumbnail","6":"product_brand-musto-hr","7":"product_cat-jedrilicarska-odjeca-musto","9":"first","10":"instock","11":"shipping-taxable","12":"purchasable","13":"product-type-simple"},"_links":{"self":[{"href":"https:\/\/stoic-curie.212-227-153-4.plesk.page\/hr\/wp-json\/wp\/v2\/product\/744545","targetHints":{"allow":["GET"]}}],"collection":[{"href":"https:\/\/stoic-curie.212-227-153-4.plesk.page\/hr\/wp-json\/wp\/v2\/product"}],"about":[{"href":"https:\/\/stoic-curie.212-227-153-4.plesk.page\/hr\/wp-json\/wp\/v2\/types\/product"}],"replies":[{"embeddable":true,"href":"https:\/\/stoic-curie.212-227-153-4.plesk.page\/hr\/wp-json\/wp\/v2\/comments?post=744545"}],"version-history":[{"count":0,"href":"https:\/\/stoic-curie.212-227-153-4.plesk.page\/hr\/wp-json\/wp\/v2\/product\/744545\/revisions"}],"wp:featuredmedia":[{"embeddable":true,"href":"https:\/\/stoic-curie.212-227-153-4.plesk.page\/hr\/wp-json\/wp\/v2\/media\/5946666"}],"wp:attachment":[{"href":"https:\/\/stoic-curie.212-227-153-4.plesk.page\/hr\/wp-json\/wp\/v2\/media?parent=744545"}],"wp:term":[{"taxonomy":"product_brand","embeddable":true,"href":"https:\/\/stoic-curie.212-227-153-4.plesk.page\/hr\/wp-json\/wp\/v2\/product_brand?post=744545"},{"taxonomy":"product_cat","embeddable":true,"href":"https:\/\/stoic-curie.212-227-153-4.plesk.page\/hr\/wp-json\/wp\/v2\/product_cat?post=744545"},{"taxonomy":"product_tag","embeddable":true,"href":"https:\/\/stoic-curie.212-227-153-4.plesk.page\/hr\/wp-json\/wp\/v2\/product_tag?post=744545"}],"curies":[{"name":"wp","href":"https:\/\/api.w.org\/{rel}","templated":true}]}}