{"id":744546,"date":"2025-03-03T19:31:22","date_gmt":"2025-03-03T18:31:22","guid":{"rendered":"https:\/\/stoic-curie.212-227-153-4.plesk.page\/producto\/offshore-jakna-musto-br2-crvena-velicina-l\/"},"modified":"2026-02-25T00:01:15","modified_gmt":"2026-02-25T00:01:15","slug":"offshore-jakna-musto-br2-crvena-velicina-l","status":"publish","type":"product","link":"https:\/\/stoic-curie.212-227-153-4.plesk.page\/hr\/product\/offshore-jakna-musto-br2-crvena-velicina-l\/","title":{"rendered":"Offshore jakna Musto BR2 Crvena, velicina: L"},"content":{"rendered":"<p>Offshore jakna Musto BR2 Crvena, velicina: L &#8211; <\/p>\n<p>Musto BR2 Offshore jakna, izra\u0111ena od izuzetno prozra\u010dnog, vodootpornog i vjetrootpornog BR2 2-slojnog materijala. S artikuliranim rukavima, fluorescentnom kapulja\u010dom koja se mo\u017ee smotati, te dvosmjernom podesivom dvostrukom za\u0161titnom preklopom s drena\u017enim kanalom preko 2-smjernog YKK\u00c2\u00ae zatvara\u010da za neprobojno zatvaranje sprijeda. Ovratnik podstavljen re\u0161etkastim flisom osigurava udobnost i toplinu, a dvostruki man\u0161eti imaju podesive vanjske man\u0161ete. Tako\u0111er, jakna ima mre\u017eastu podstavu, 2 cargo d\u017eepa s vodoodbojnim zatvara\u010dima i 4 d\u017eepa za grijanje ruku, polu podstavljene flisom, kao i unutarnju d\u017eep s patentnim zatvara\u010dem, unutarnju d\u017eep za nao\u010dale sa zatvara\u010dem, prizma reflektore i reflektiraju\u0107e detalje u \u0161avovima.<\/p>\n","protected":false},"excerpt":{"rendered":"<p>Offshore jakna Musto BR2 Crvena, velicina: L &#8211; Musto BR2 Offshore jakna, izra\u0111ena od izuzetno prozra\u010dnog, vodootpornog i vjetrootpornog BR2<\/p>\n","protected":false},"featured_media":5946666,"comment_status":"open","ping_status":"closed","template":"","meta":[],"product_brand":[3156],"product_cat":[1854],"product_tag":[],"class_list":{"0":"post-744546","1":"product","2":"type-product","3":"status-publish","4":"has-post-thumbnail","6":"product_brand-musto-hr","7":"product_cat-jedrilicarska-odjeca-musto","9":"first","10":"instock","11":"shipping-taxable","12":"purchasable","13":"product-type-simple"},"_links":{"self":[{"href":"https:\/\/stoic-curie.212-227-153-4.plesk.page\/hr\/wp-json\/wp\/v2\/product\/744546","targetHints":{"allow":["GET"]}}],"collection":[{"href":"https:\/\/stoic-curie.212-227-153-4.plesk.page\/hr\/wp-json\/wp\/v2\/product"}],"about":[{"href":"https:\/\/stoic-curie.212-227-153-4.plesk.page\/hr\/wp-json\/wp\/v2\/types\/product"}],"replies":[{"embeddable":true,"href":"https:\/\/stoic-curie.212-227-153-4.plesk.page\/hr\/wp-json\/wp\/v2\/comments?post=744546"}],"version-history":[{"count":0,"href":"https:\/\/stoic-curie.212-227-153-4.plesk.page\/hr\/wp-json\/wp\/v2\/product\/744546\/revisions"}],"wp:featuredmedia":[{"embeddable":true,"href":"https:\/\/stoic-curie.212-227-153-4.plesk.page\/hr\/wp-json\/wp\/v2\/media\/5946666"}],"wp:attachment":[{"href":"https:\/\/stoic-curie.212-227-153-4.plesk.page\/hr\/wp-json\/wp\/v2\/media?parent=744546"}],"wp:term":[{"taxonomy":"product_brand","embeddable":true,"href":"https:\/\/stoic-curie.212-227-153-4.plesk.page\/hr\/wp-json\/wp\/v2\/product_brand?post=744546"},{"taxonomy":"product_cat","embeddable":true,"href":"https:\/\/stoic-curie.212-227-153-4.plesk.page\/hr\/wp-json\/wp\/v2\/product_cat?post=744546"},{"taxonomy":"product_tag","embeddable":true,"href":"https:\/\/stoic-curie.212-227-153-4.plesk.page\/hr\/wp-json\/wp\/v2\/product_tag?post=744546"}],"curies":[{"name":"wp","href":"https:\/\/api.w.org\/{rel}","templated":true}]}}