{"id":744547,"date":"2025-03-03T19:31:23","date_gmt":"2025-03-03T18:31:23","guid":{"rendered":"https:\/\/stoic-curie.212-227-153-4.plesk.page\/producto\/offshore-jakna-musto-br2-crvena-velicina-xl\/"},"modified":"2026-02-25T00:01:15","modified_gmt":"2026-02-25T00:01:15","slug":"offshore-jakna-musto-br2-crvena-velicina-xl","status":"publish","type":"product","link":"https:\/\/stoic-curie.212-227-153-4.plesk.page\/hr\/product\/offshore-jakna-musto-br2-crvena-velicina-xl\/","title":{"rendered":"Offshore jakna Musto BR2 Crvena, velicina : XL"},"content":{"rendered":"<p>Offshore jakna Musto BR2 Crvena, velicina : XL &#8211; <\/p>\n<p>Musto BR2 Offshore jakna izra\u0111ena je od izrazito prozra\u010dnog, vodoodbojnog i vjetrootpornog BR2 2-slojnog materijala. S artikuliranim rukavima, fluorescentnom kapulja\u010dom koja se mo\u017ee pohraniti, dvostrukim dvostruko podesivim za\u0161titnim preklopom sa drena\u017enim kanalom preko 2-smjernog YKK\u00c2\u00ae zatvara\u010da za neprobojan prednji zatvor, ovratnikom oblo\u017eenim mre\u017eicom za udobnost i toplinu, duplim man\u017eetama s podesivim vanjskim man\u017eetama, mre\u017enim oblo\u017eenim 2 cargo d\u017eepovima s vodoodbojnim zatvaranjem i 4 d\u017eepa za grijanje ruku djelomi\u010dno oblo\u017eenim flisom plus unutarnjim d\u017eepom na zatvara\u010d, unutarnjim d\u017eepom za sun\u010dane nao\u010dale, prizmati reflektori i reflektiraju\u0107i detalji u \u0161avovima.<\/p>\n","protected":false},"excerpt":{"rendered":"<p>Offshore jakna Musto BR2 Crvena, velicina : XL &#8211; Musto BR2 Offshore jakna izra\u0111ena je od izrazito prozra\u010dnog, vodoodbojnog i<\/p>\n","protected":false},"featured_media":5946666,"comment_status":"open","ping_status":"closed","template":"","meta":[],"product_brand":[3156],"product_cat":[1854],"product_tag":[],"class_list":{"0":"post-744547","1":"product","2":"type-product","3":"status-publish","4":"has-post-thumbnail","6":"product_brand-musto-hr","7":"product_cat-jedrilicarska-odjeca-musto","9":"first","10":"instock","11":"shipping-taxable","12":"purchasable","13":"product-type-simple"},"_links":{"self":[{"href":"https:\/\/stoic-curie.212-227-153-4.plesk.page\/hr\/wp-json\/wp\/v2\/product\/744547","targetHints":{"allow":["GET"]}}],"collection":[{"href":"https:\/\/stoic-curie.212-227-153-4.plesk.page\/hr\/wp-json\/wp\/v2\/product"}],"about":[{"href":"https:\/\/stoic-curie.212-227-153-4.plesk.page\/hr\/wp-json\/wp\/v2\/types\/product"}],"replies":[{"embeddable":true,"href":"https:\/\/stoic-curie.212-227-153-4.plesk.page\/hr\/wp-json\/wp\/v2\/comments?post=744547"}],"version-history":[{"count":0,"href":"https:\/\/stoic-curie.212-227-153-4.plesk.page\/hr\/wp-json\/wp\/v2\/product\/744547\/revisions"}],"wp:featuredmedia":[{"embeddable":true,"href":"https:\/\/stoic-curie.212-227-153-4.plesk.page\/hr\/wp-json\/wp\/v2\/media\/5946666"}],"wp:attachment":[{"href":"https:\/\/stoic-curie.212-227-153-4.plesk.page\/hr\/wp-json\/wp\/v2\/media?parent=744547"}],"wp:term":[{"taxonomy":"product_brand","embeddable":true,"href":"https:\/\/stoic-curie.212-227-153-4.plesk.page\/hr\/wp-json\/wp\/v2\/product_brand?post=744547"},{"taxonomy":"product_cat","embeddable":true,"href":"https:\/\/stoic-curie.212-227-153-4.plesk.page\/hr\/wp-json\/wp\/v2\/product_cat?post=744547"},{"taxonomy":"product_tag","embeddable":true,"href":"https:\/\/stoic-curie.212-227-153-4.plesk.page\/hr\/wp-json\/wp\/v2\/product_tag?post=744547"}],"curies":[{"name":"wp","href":"https:\/\/api.w.org\/{rel}","templated":true}]}}