{"id":744548,"date":"2025-03-03T19:32:58","date_gmt":"2025-03-03T18:32:58","guid":{"rendered":"https:\/\/stoic-curie.212-227-153-4.plesk.page\/producto\/offshore-jakna-musto-br2-crvena-velicina-xxl\/"},"modified":"2026-02-25T00:01:15","modified_gmt":"2026-02-25T00:01:15","slug":"offshore-jakna-musto-br2-crvena-velicina-xxl","status":"publish","type":"product","link":"https:\/\/stoic-curie.212-227-153-4.plesk.page\/hr\/product\/offshore-jakna-musto-br2-crvena-velicina-xxl\/","title":{"rendered":"Offshore jakna Musto BR2 Crvena, velicina : XXL"},"content":{"rendered":"<p>Offshore jakna Musto BR2 Crvena, velicina : XXL &#8211; <\/p>\n<p>Musto BR2 Offshore jakna, izra\u0111ena od izuzetno prozra\u010dnog, vodootpornog i vjetrootpornog BR2 2-slojnog materijala. S artikuliranim rukavima, fluorescentnom kapulja\u010dom koja se mo\u017ee sklopiti i dvostrukom, pode\u0161avaju\u0107om olujnom za\u0161titom s drena\u017enim kanalom preko dvostrukog YKK\u00ae patentnog zatvara\u010da za neprobojan prednji zatvara\u010d, ovratnikom od mre\u017eastog flisa za udobnost i toplinu, dvostrukim man\u017eetama s pode\u0161avaju\u0107im vanjskim man\u017eetama, mre\u017eastim podstavljanjem, 2 teretne d\u017eepa s vodoodbojnim zatvara\u010dima i 4 d\u017eepa za grijanje ruku polu podstavljena flisom, plus unutarnja zip d\u017eep, unutarnji zip d\u017eep za sun\u010dane nao\u010dale, prizmatici reflektori i reflektiraju\u0107i detalji u \u0161avovima.<\/p>\n","protected":false},"excerpt":{"rendered":"<p>Offshore jakna Musto BR2 Crvena, velicina : XXL &#8211; Musto BR2 Offshore jakna, izra\u0111ena od izuzetno prozra\u010dnog, vodootpornog i vjetrootpornog<\/p>\n","protected":false},"featured_media":5946666,"comment_status":"open","ping_status":"closed","template":"","meta":[],"product_brand":[3156],"product_cat":[1854],"product_tag":[],"class_list":{"0":"post-744548","1":"product","2":"type-product","3":"status-publish","4":"has-post-thumbnail","6":"product_brand-musto-hr","7":"product_cat-jedrilicarska-odjeca-musto","9":"first","10":"instock","11":"shipping-taxable","12":"purchasable","13":"product-type-simple"},"_links":{"self":[{"href":"https:\/\/stoic-curie.212-227-153-4.plesk.page\/hr\/wp-json\/wp\/v2\/product\/744548","targetHints":{"allow":["GET"]}}],"collection":[{"href":"https:\/\/stoic-curie.212-227-153-4.plesk.page\/hr\/wp-json\/wp\/v2\/product"}],"about":[{"href":"https:\/\/stoic-curie.212-227-153-4.plesk.page\/hr\/wp-json\/wp\/v2\/types\/product"}],"replies":[{"embeddable":true,"href":"https:\/\/stoic-curie.212-227-153-4.plesk.page\/hr\/wp-json\/wp\/v2\/comments?post=744548"}],"version-history":[{"count":0,"href":"https:\/\/stoic-curie.212-227-153-4.plesk.page\/hr\/wp-json\/wp\/v2\/product\/744548\/revisions"}],"wp:featuredmedia":[{"embeddable":true,"href":"https:\/\/stoic-curie.212-227-153-4.plesk.page\/hr\/wp-json\/wp\/v2\/media\/5946666"}],"wp:attachment":[{"href":"https:\/\/stoic-curie.212-227-153-4.plesk.page\/hr\/wp-json\/wp\/v2\/media?parent=744548"}],"wp:term":[{"taxonomy":"product_brand","embeddable":true,"href":"https:\/\/stoic-curie.212-227-153-4.plesk.page\/hr\/wp-json\/wp\/v2\/product_brand?post=744548"},{"taxonomy":"product_cat","embeddable":true,"href":"https:\/\/stoic-curie.212-227-153-4.plesk.page\/hr\/wp-json\/wp\/v2\/product_cat?post=744548"},{"taxonomy":"product_tag","embeddable":true,"href":"https:\/\/stoic-curie.212-227-153-4.plesk.page\/hr\/wp-json\/wp\/v2\/product_tag?post=744548"}],"curies":[{"name":"wp","href":"https:\/\/api.w.org\/{rel}","templated":true}]}}