{"id":744549,"date":"2025-03-03T19:34:41","date_gmt":"2025-03-03T18:34:41","guid":{"rendered":"https:\/\/stoic-curie.212-227-153-4.plesk.page\/producto\/offshore-jakna-musto-br2-crna-velicina-s\/"},"modified":"2026-02-25T00:01:15","modified_gmt":"2026-02-25T00:01:15","slug":"offshore-jakna-musto-br2-crna-velicina-s","status":"publish","type":"product","link":"https:\/\/stoic-curie.212-227-153-4.plesk.page\/hr\/product\/offshore-jakna-musto-br2-crna-velicina-s\/","title":{"rendered":"Offshore jakna Musto BR2 Crna, velicina : S"},"content":{"rendered":"<p>Offshore jakna Musto BR2 Crna, velicina : S &#8211; <\/p>\n<p>Musto BR2 Offshore jakna izra\u0111ena je od iznimno prozra\u010dnog, vodootpornog i vjetrootpornog BR2 dvostrukog sloja. Ima artikulirane rukave, fluorescentnu kapulja\u010du koja se mo\u017ee uvaliti, te dvostruki podesivi za\u0161titni zavoj s odvodnim kanalom preko dvostrukog YKK\u00ae zatvara\u010da za neprobojan prednji zatvara\u010d. Ovratnik je oblo\u017een re\u0161etkastim flisom za udobnost i toplinu, s dvostrukim man\u017eetama s vanjskim pode\u0161avanjima, mre\u017eastom oblogom, 2 cargo d\u017eepa s vodoodbojnim zatvaranjem i 4 d\u017eepa za grijanje ruku, od kojih su neki djelomi\u010dno oblo\u017eeni flisom, pored unutarnjeg d\u017eepa sa zatvara\u010dem, unutarnjeg d\u017eepa za sun\u010dane nao\u010dale, prizmalnih reflektora i reflektiraju\u0107ih detalja u \u0161avovima.<\/p>\n","protected":false},"excerpt":{"rendered":"<p>Offshore jakna Musto BR2 Crna, velicina : S &#8211; Musto BR2 Offshore jakna izra\u0111ena je od iznimno prozra\u010dnog, vodootpornog i<\/p>\n","protected":false},"featured_media":5946672,"comment_status":"open","ping_status":"closed","template":"","meta":[],"product_brand":[3156],"product_cat":[1854],"product_tag":[],"class_list":{"0":"post-744549","1":"product","2":"type-product","3":"status-publish","4":"has-post-thumbnail","6":"product_brand-musto-hr","7":"product_cat-jedrilicarska-odjeca-musto","9":"first","10":"instock","11":"shipping-taxable","12":"purchasable","13":"product-type-simple"},"_links":{"self":[{"href":"https:\/\/stoic-curie.212-227-153-4.plesk.page\/hr\/wp-json\/wp\/v2\/product\/744549","targetHints":{"allow":["GET"]}}],"collection":[{"href":"https:\/\/stoic-curie.212-227-153-4.plesk.page\/hr\/wp-json\/wp\/v2\/product"}],"about":[{"href":"https:\/\/stoic-curie.212-227-153-4.plesk.page\/hr\/wp-json\/wp\/v2\/types\/product"}],"replies":[{"embeddable":true,"href":"https:\/\/stoic-curie.212-227-153-4.plesk.page\/hr\/wp-json\/wp\/v2\/comments?post=744549"}],"version-history":[{"count":0,"href":"https:\/\/stoic-curie.212-227-153-4.plesk.page\/hr\/wp-json\/wp\/v2\/product\/744549\/revisions"}],"wp:featuredmedia":[{"embeddable":true,"href":"https:\/\/stoic-curie.212-227-153-4.plesk.page\/hr\/wp-json\/wp\/v2\/media\/5946672"}],"wp:attachment":[{"href":"https:\/\/stoic-curie.212-227-153-4.plesk.page\/hr\/wp-json\/wp\/v2\/media?parent=744549"}],"wp:term":[{"taxonomy":"product_brand","embeddable":true,"href":"https:\/\/stoic-curie.212-227-153-4.plesk.page\/hr\/wp-json\/wp\/v2\/product_brand?post=744549"},{"taxonomy":"product_cat","embeddable":true,"href":"https:\/\/stoic-curie.212-227-153-4.plesk.page\/hr\/wp-json\/wp\/v2\/product_cat?post=744549"},{"taxonomy":"product_tag","embeddable":true,"href":"https:\/\/stoic-curie.212-227-153-4.plesk.page\/hr\/wp-json\/wp\/v2\/product_tag?post=744549"}],"curies":[{"name":"wp","href":"https:\/\/api.w.org\/{rel}","templated":true}]}}