{"id":744550,"date":"2025-03-03T19:34:42","date_gmt":"2025-03-03T18:34:42","guid":{"rendered":"https:\/\/stoic-curie.212-227-153-4.plesk.page\/producto\/offshore-jakna-musto-br2-crna-velicina-m\/"},"modified":"2026-02-25T00:01:15","modified_gmt":"2026-02-25T00:01:15","slug":"offshore-jakna-musto-br2-crna-velicina-m","status":"publish","type":"product","link":"https:\/\/stoic-curie.212-227-153-4.plesk.page\/hr\/product\/offshore-jakna-musto-br2-crna-velicina-m\/","title":{"rendered":"Offshore jakna Musto BR2 Crna, velicina: M"},"content":{"rendered":"<p>Offshore jakna Musto BR2 Crna, velicina: M &#8211; <\/p>\n<p>Musto BR2 Offshore jakna izra\u0111ena je od izuzetno prozra\u010dnog, vodootpornog i vjetrootpornog materijala BR2 s dva sloja. S artikuliranim rukavima, fluorescentnom kapulja\u010dom koja se mo\u017ee skrolati, dvostrukim vremenskim poklopcem s dvostrukim pode\u0161avanjem s drena\u017enim kanalom preko dvostranog YKK\u00ae zatvara\u010da za nepordbljivu prednju zatvaranje, ovratnikom podstavljenim mre\u017eom za udobnost i toplinu, dvostrukom man\u017eetom s podesivim vanjskim man\u017eetama, povratnim, 2 teretne d\u017eepa s vodoodbojnim zatvara\u010dem i 4 d\u017eepa za grijanje ruku polu podstavljena s flisom plus unutra\u0161njim d\u017eepom s patentnim zatvara\u010dem, unutra\u0161njim d\u017eepom za sun\u010dane nao\u010dale s patentnim zatvara\u010dem, prizmatnim reflektorima i reflektiraju\u0107im detaljima u \u0161avovima.<\/p>\n","protected":false},"excerpt":{"rendered":"<p>Offshore jakna Musto BR2 Crna, velicina: M &#8211; Musto BR2 Offshore jakna izra\u0111ena je od izuzetno prozra\u010dnog, vodootpornog i vjetrootpornog<\/p>\n","protected":false},"featured_media":5946672,"comment_status":"open","ping_status":"closed","template":"","meta":[],"product_brand":[3156],"product_cat":[1854],"product_tag":[],"class_list":{"0":"post-744550","1":"product","2":"type-product","3":"status-publish","4":"has-post-thumbnail","6":"product_brand-musto-hr","7":"product_cat-jedrilicarska-odjeca-musto","9":"first","10":"instock","11":"shipping-taxable","12":"purchasable","13":"product-type-simple"},"_links":{"self":[{"href":"https:\/\/stoic-curie.212-227-153-4.plesk.page\/hr\/wp-json\/wp\/v2\/product\/744550","targetHints":{"allow":["GET"]}}],"collection":[{"href":"https:\/\/stoic-curie.212-227-153-4.plesk.page\/hr\/wp-json\/wp\/v2\/product"}],"about":[{"href":"https:\/\/stoic-curie.212-227-153-4.plesk.page\/hr\/wp-json\/wp\/v2\/types\/product"}],"replies":[{"embeddable":true,"href":"https:\/\/stoic-curie.212-227-153-4.plesk.page\/hr\/wp-json\/wp\/v2\/comments?post=744550"}],"version-history":[{"count":0,"href":"https:\/\/stoic-curie.212-227-153-4.plesk.page\/hr\/wp-json\/wp\/v2\/product\/744550\/revisions"}],"wp:featuredmedia":[{"embeddable":true,"href":"https:\/\/stoic-curie.212-227-153-4.plesk.page\/hr\/wp-json\/wp\/v2\/media\/5946672"}],"wp:attachment":[{"href":"https:\/\/stoic-curie.212-227-153-4.plesk.page\/hr\/wp-json\/wp\/v2\/media?parent=744550"}],"wp:term":[{"taxonomy":"product_brand","embeddable":true,"href":"https:\/\/stoic-curie.212-227-153-4.plesk.page\/hr\/wp-json\/wp\/v2\/product_brand?post=744550"},{"taxonomy":"product_cat","embeddable":true,"href":"https:\/\/stoic-curie.212-227-153-4.plesk.page\/hr\/wp-json\/wp\/v2\/product_cat?post=744550"},{"taxonomy":"product_tag","embeddable":true,"href":"https:\/\/stoic-curie.212-227-153-4.plesk.page\/hr\/wp-json\/wp\/v2\/product_tag?post=744550"}],"curies":[{"name":"wp","href":"https:\/\/api.w.org\/{rel}","templated":true}]}}