{"id":744551,"date":"2025-03-03T19:34:42","date_gmt":"2025-03-03T18:34:42","guid":{"rendered":"https:\/\/stoic-curie.212-227-153-4.plesk.page\/producto\/offshore-jakna-musto-br2-crna-velicina-xl\/"},"modified":"2026-02-25T00:01:15","modified_gmt":"2026-02-25T00:01:15","slug":"offshore-jakna-musto-br2-crna-velicina-xl","status":"publish","type":"product","link":"https:\/\/stoic-curie.212-227-153-4.plesk.page\/hr\/product\/offshore-jakna-musto-br2-crna-velicina-xl\/","title":{"rendered":"Offshore jakna Musto BR2 Crna, velicina : XL"},"content":{"rendered":"<p>Offshore jakna Musto BR2 Crna, velicina : XL &#8211; <\/p>\n<p>Musto BR2 Offshore jakna izra\u0111ena je od iznimno prozra\u010dnog, vodootpornog i vjetrootpornog BR2 tkanine sa 2 sloja. S artikuliranim rukavima, fluorescentnom kapulja\u010dom koja se mo\u017ee sklopiti i dvostrukim hemijskim poklopcem s pode\u0161avanjem u 2 smjera i odvodnim kanalom preko dvostrukog YKK\u00ae munja za neprobojan prednji zatvara\u010d. Ima ovratnik podstavljen flisom za udobnost i toplinu, dvostruke man\u017eete s podesivim vanjskim man\u017eetama, mre\u017easte 2 cargo d\u017eepa s vodoodbojnim zatvara\u010dima i 4 d\u017eepa za grijanje ruku, polu podstavljena flisom, plus unutarnji d\u017eep s patentnim zatvara\u010dem, unutarnji d\u017eep s patentnim zatvara\u010dem za sun\u010dane nao\u010dale, prizme reflektore i reflektiraju\u0107e detalje u \u0161avu.<\/p>\n","protected":false},"excerpt":{"rendered":"<p>Offshore jakna Musto BR2 Crna, velicina : XL &#8211; Musto BR2 Offshore jakna izra\u0111ena je od iznimno prozra\u010dnog, vodootpornog i<\/p>\n","protected":false},"featured_media":5946672,"comment_status":"open","ping_status":"closed","template":"","meta":[],"product_brand":[3156],"product_cat":[1854],"product_tag":[],"class_list":{"0":"post-744551","1":"product","2":"type-product","3":"status-publish","4":"has-post-thumbnail","6":"product_brand-musto-hr","7":"product_cat-jedrilicarska-odjeca-musto","9":"first","10":"instock","11":"shipping-taxable","12":"purchasable","13":"product-type-simple"},"_links":{"self":[{"href":"https:\/\/stoic-curie.212-227-153-4.plesk.page\/hr\/wp-json\/wp\/v2\/product\/744551","targetHints":{"allow":["GET"]}}],"collection":[{"href":"https:\/\/stoic-curie.212-227-153-4.plesk.page\/hr\/wp-json\/wp\/v2\/product"}],"about":[{"href":"https:\/\/stoic-curie.212-227-153-4.plesk.page\/hr\/wp-json\/wp\/v2\/types\/product"}],"replies":[{"embeddable":true,"href":"https:\/\/stoic-curie.212-227-153-4.plesk.page\/hr\/wp-json\/wp\/v2\/comments?post=744551"}],"version-history":[{"count":0,"href":"https:\/\/stoic-curie.212-227-153-4.plesk.page\/hr\/wp-json\/wp\/v2\/product\/744551\/revisions"}],"wp:featuredmedia":[{"embeddable":true,"href":"https:\/\/stoic-curie.212-227-153-4.plesk.page\/hr\/wp-json\/wp\/v2\/media\/5946672"}],"wp:attachment":[{"href":"https:\/\/stoic-curie.212-227-153-4.plesk.page\/hr\/wp-json\/wp\/v2\/media?parent=744551"}],"wp:term":[{"taxonomy":"product_brand","embeddable":true,"href":"https:\/\/stoic-curie.212-227-153-4.plesk.page\/hr\/wp-json\/wp\/v2\/product_brand?post=744551"},{"taxonomy":"product_cat","embeddable":true,"href":"https:\/\/stoic-curie.212-227-153-4.plesk.page\/hr\/wp-json\/wp\/v2\/product_cat?post=744551"},{"taxonomy":"product_tag","embeddable":true,"href":"https:\/\/stoic-curie.212-227-153-4.plesk.page\/hr\/wp-json\/wp\/v2\/product_tag?post=744551"}],"curies":[{"name":"wp","href":"https:\/\/api.w.org\/{rel}","templated":true}]}}