{"id":744552,"date":"2025-03-03T19:34:42","date_gmt":"2025-03-03T18:34:42","guid":{"rendered":"https:\/\/stoic-curie.212-227-153-4.plesk.page\/producto\/offshore-jakna-musto-br2-crna-velicina-xxl\/"},"modified":"2026-02-25T00:01:15","modified_gmt":"2026-02-25T00:01:15","slug":"offshore-jakna-musto-br2-crna-velicina-xxl","status":"publish","type":"product","link":"https:\/\/stoic-curie.212-227-153-4.plesk.page\/hr\/product\/offshore-jakna-musto-br2-crna-velicina-xxl\/","title":{"rendered":"Offshore jakna Musto BR2 Crna, velicina: XXL"},"content":{"rendered":"<p>Offshore jakna Musto BR2 Crna, velicina: XXL &#8211; <\/p>\n<p>Musto BR2 Offshore jakna sastavljena je od iznimno prozra\u010dnog, vodootpornog i vjetrootpornog BR2 2-slojnog materijala. Ima artikulirane rukave, fluorescentnu kapulja\u010du koja se mo\u017ee pohraniti, te dvostruki \u0161titnik od oluje s podesivim dvostrukim preklopom i drena\u017enim kanalom preko dvostrukog YKK\u00ae zatvara\u010da za neprobojan prednji zatvara\u010d. Ovratnik podstavljen flisom pru\u017ea udobnost i toplinu, dupli man\u0161eti s pode\u0161avanjima vanjskih man\u0161eta, mre\u017easto podstavljene, 2 cargo d\u017eepa s vodonepropusnim zatvara\u010dima i 4 d\u017eepa za grijanje ruku napola podstavljena flisom, kao i unutarnji d\u017eep s patent-zatvara\u010dem, unutarnji d\u017eep za sun\u010dane nao\u010dale s patent-zatvara\u010dem, prizmati reflektori i reflektiraju\u0107i detalji u \u0161avovima.<\/p>\n","protected":false},"excerpt":{"rendered":"<p>Offshore jakna Musto BR2 Crna, velicina: XXL &#8211; Musto BR2 Offshore jakna sastavljena je od iznimno prozra\u010dnog, vodootpornog i vjetrootpornog<\/p>\n","protected":false},"featured_media":5946672,"comment_status":"open","ping_status":"closed","template":"","meta":[],"product_brand":[3156],"product_cat":[1854],"product_tag":[],"class_list":{"0":"post-744552","1":"product","2":"type-product","3":"status-publish","4":"has-post-thumbnail","6":"product_brand-musto-hr","7":"product_cat-jedrilicarska-odjeca-musto","9":"first","10":"instock","11":"shipping-taxable","12":"purchasable","13":"product-type-simple"},"_links":{"self":[{"href":"https:\/\/stoic-curie.212-227-153-4.plesk.page\/hr\/wp-json\/wp\/v2\/product\/744552","targetHints":{"allow":["GET"]}}],"collection":[{"href":"https:\/\/stoic-curie.212-227-153-4.plesk.page\/hr\/wp-json\/wp\/v2\/product"}],"about":[{"href":"https:\/\/stoic-curie.212-227-153-4.plesk.page\/hr\/wp-json\/wp\/v2\/types\/product"}],"replies":[{"embeddable":true,"href":"https:\/\/stoic-curie.212-227-153-4.plesk.page\/hr\/wp-json\/wp\/v2\/comments?post=744552"}],"version-history":[{"count":0,"href":"https:\/\/stoic-curie.212-227-153-4.plesk.page\/hr\/wp-json\/wp\/v2\/product\/744552\/revisions"}],"wp:featuredmedia":[{"embeddable":true,"href":"https:\/\/stoic-curie.212-227-153-4.plesk.page\/hr\/wp-json\/wp\/v2\/media\/5946672"}],"wp:attachment":[{"href":"https:\/\/stoic-curie.212-227-153-4.plesk.page\/hr\/wp-json\/wp\/v2\/media?parent=744552"}],"wp:term":[{"taxonomy":"product_brand","embeddable":true,"href":"https:\/\/stoic-curie.212-227-153-4.plesk.page\/hr\/wp-json\/wp\/v2\/product_brand?post=744552"},{"taxonomy":"product_cat","embeddable":true,"href":"https:\/\/stoic-curie.212-227-153-4.plesk.page\/hr\/wp-json\/wp\/v2\/product_cat?post=744552"},{"taxonomy":"product_tag","embeddable":true,"href":"https:\/\/stoic-curie.212-227-153-4.plesk.page\/hr\/wp-json\/wp\/v2\/product_tag?post=744552"}],"curies":[{"name":"wp","href":"https:\/\/api.w.org\/{rel}","templated":true}]}}