{"id":744554,"date":"2025-03-03T19:34:43","date_gmt":"2025-03-03T18:34:43","guid":{"rendered":"https:\/\/stoic-curie.212-227-153-4.plesk.page\/producto\/jedrilicarske-hlace-musto-br2-offshore-crvena-velicina-m\/"},"modified":"2026-02-25T00:01:15","modified_gmt":"2026-02-25T00:01:15","slug":"jedrilicarske-hlace-musto-br2-offshore-crvena-velicina-m","status":"publish","type":"product","link":"https:\/\/stoic-curie.212-227-153-4.plesk.page\/hr\/product\/jedrilicarske-hlace-musto-br2-offshore-crvena-velicina-m\/","title":{"rendered":"Jedrilicarske hlace Musto BR2 Offshore Crvena, velicina M"},"content":{"rendered":"<p>Jedrilicarske hlace Musto BR2 Offshore Crvena, velicina M &#8211; <\/p>\n<p>Musto BR2 Offshore Salopette, konstruirana od iznimno prozra\u010dnog, vodootpornog i vjetrootpornog BR2 2-slojnog materijala. Potpuno zatvorena konstrukcija za vodootpornu brtvu, visoki kroj za dodatnu za\u0161titu s pode\u0161avanjem struka straga i elasti\u010dnim rukavima i naramenicama. S odvojivom torbom za vi\u0161ekratnu upotrebu, oblo\u017eene materijalom, podesive naramenice s \u010di\u010dak trakama, dvosmjernim prednjim patentnim zatvara\u010dem s u\u0161ivanjem za jednostavan pristup, podesivim man\u017eetama s \u010di\u010dak trakama, vojnim d\u017eepom na bedrima s vodoodbojnim, oja\u010danim koljenima i sjedi\u0161tem.<\/p>\n","protected":false},"excerpt":{"rendered":"<p>Jedrilicarske hlace Musto BR2 Offshore Crvena, velicina M &#8211; Musto BR2 Offshore Salopette, konstruirana od iznimno prozra\u010dnog, vodootpornog i vjetrootpornog<\/p>\n","protected":false},"featured_media":5946673,"comment_status":"open","ping_status":"closed","template":"","meta":[],"product_brand":[3156],"product_cat":[1854],"product_tag":[],"class_list":{"0":"post-744554","1":"product","2":"type-product","3":"status-publish","4":"has-post-thumbnail","6":"product_brand-musto-hr","7":"product_cat-jedrilicarska-odjeca-musto","9":"first","10":"instock","11":"shipping-taxable","12":"purchasable","13":"product-type-simple"},"_links":{"self":[{"href":"https:\/\/stoic-curie.212-227-153-4.plesk.page\/hr\/wp-json\/wp\/v2\/product\/744554","targetHints":{"allow":["GET"]}}],"collection":[{"href":"https:\/\/stoic-curie.212-227-153-4.plesk.page\/hr\/wp-json\/wp\/v2\/product"}],"about":[{"href":"https:\/\/stoic-curie.212-227-153-4.plesk.page\/hr\/wp-json\/wp\/v2\/types\/product"}],"replies":[{"embeddable":true,"href":"https:\/\/stoic-curie.212-227-153-4.plesk.page\/hr\/wp-json\/wp\/v2\/comments?post=744554"}],"version-history":[{"count":0,"href":"https:\/\/stoic-curie.212-227-153-4.plesk.page\/hr\/wp-json\/wp\/v2\/product\/744554\/revisions"}],"wp:featuredmedia":[{"embeddable":true,"href":"https:\/\/stoic-curie.212-227-153-4.plesk.page\/hr\/wp-json\/wp\/v2\/media\/5946673"}],"wp:attachment":[{"href":"https:\/\/stoic-curie.212-227-153-4.plesk.page\/hr\/wp-json\/wp\/v2\/media?parent=744554"}],"wp:term":[{"taxonomy":"product_brand","embeddable":true,"href":"https:\/\/stoic-curie.212-227-153-4.plesk.page\/hr\/wp-json\/wp\/v2\/product_brand?post=744554"},{"taxonomy":"product_cat","embeddable":true,"href":"https:\/\/stoic-curie.212-227-153-4.plesk.page\/hr\/wp-json\/wp\/v2\/product_cat?post=744554"},{"taxonomy":"product_tag","embeddable":true,"href":"https:\/\/stoic-curie.212-227-153-4.plesk.page\/hr\/wp-json\/wp\/v2\/product_tag?post=744554"}],"curies":[{"name":"wp","href":"https:\/\/api.w.org\/{rel}","templated":true}]}}