{"id":744557,"date":"2025-03-03T19:34:44","date_gmt":"2025-03-03T18:34:44","guid":{"rendered":"https:\/\/stoic-curie.212-227-153-4.plesk.page\/producto\/jedrilicarske-hlace-musto-br2-offshore-red-velicina-xxl\/"},"modified":"2026-02-25T00:01:15","modified_gmt":"2026-02-25T00:01:15","slug":"jedrilicarske-hlace-musto-br2-offshore-red-velicina-xxl","status":"publish","type":"product","link":"https:\/\/stoic-curie.212-227-153-4.plesk.page\/hr\/product\/jedrilicarske-hlace-musto-br2-offshore-red-velicina-xxl\/","title":{"rendered":"Jedrilicarske hlace Musto BR2 Offshore Red, velicina XXL"},"content":{"rendered":"<p>Jedrilicarske hlace Musto BR2 Offshore Red, velicina XXL &#8211; <\/p>\n<p>Musto BR2 Offshore kombinezon izra\u0111en od izuzetno prozra\u010dnog, vodootpornog i vjetrootpornog BR2 2-slojnog materijala. Potpuno zape\u010da\u0107ene \u0161avove za vodonepropusnu brtvu, visoki kroj za dodatnu za\u0161titu s kako prilagodljivim strukom, tako i elasti\u010dnim ispodrucima i naramenicama. Opremljen uklonjivom vi\u0161efunkcionalnom torbicom, tkaninom prekrivenim, podesivim naramenicama s \u010di\u010dak zatvaranjem, dvostrukim prednjim patentnim zatvara\u010dem s usnikom za lak\u0161i pristup, pode\u0161avaju\u0107im man\u017eetama s \u010di\u010dak zatvaranjem, te teretnom torbom na bedrima s vodu odbijaju\u0107im, oja\u010danim koljenima i stra\u017enjem dijelu.<\/p>\n","protected":false},"excerpt":{"rendered":"<p>Jedrilicarske hlace Musto BR2 Offshore Red, velicina XXL &#8211; Musto BR2 Offshore kombinezon izra\u0111en od izuzetno prozra\u010dnog, vodootpornog i vjetrootpornog<\/p>\n","protected":false},"featured_media":5946673,"comment_status":"open","ping_status":"closed","template":"","meta":[],"product_brand":[3156],"product_cat":[1854],"product_tag":[],"class_list":{"0":"post-744557","1":"product","2":"type-product","3":"status-publish","4":"has-post-thumbnail","6":"product_brand-musto-hr","7":"product_cat-jedrilicarska-odjeca-musto","9":"first","10":"instock","11":"shipping-taxable","12":"purchasable","13":"product-type-simple"},"_links":{"self":[{"href":"https:\/\/stoic-curie.212-227-153-4.plesk.page\/hr\/wp-json\/wp\/v2\/product\/744557","targetHints":{"allow":["GET"]}}],"collection":[{"href":"https:\/\/stoic-curie.212-227-153-4.plesk.page\/hr\/wp-json\/wp\/v2\/product"}],"about":[{"href":"https:\/\/stoic-curie.212-227-153-4.plesk.page\/hr\/wp-json\/wp\/v2\/types\/product"}],"replies":[{"embeddable":true,"href":"https:\/\/stoic-curie.212-227-153-4.plesk.page\/hr\/wp-json\/wp\/v2\/comments?post=744557"}],"version-history":[{"count":0,"href":"https:\/\/stoic-curie.212-227-153-4.plesk.page\/hr\/wp-json\/wp\/v2\/product\/744557\/revisions"}],"wp:featuredmedia":[{"embeddable":true,"href":"https:\/\/stoic-curie.212-227-153-4.plesk.page\/hr\/wp-json\/wp\/v2\/media\/5946673"}],"wp:attachment":[{"href":"https:\/\/stoic-curie.212-227-153-4.plesk.page\/hr\/wp-json\/wp\/v2\/media?parent=744557"}],"wp:term":[{"taxonomy":"product_brand","embeddable":true,"href":"https:\/\/stoic-curie.212-227-153-4.plesk.page\/hr\/wp-json\/wp\/v2\/product_brand?post=744557"},{"taxonomy":"product_cat","embeddable":true,"href":"https:\/\/stoic-curie.212-227-153-4.plesk.page\/hr\/wp-json\/wp\/v2\/product_cat?post=744557"},{"taxonomy":"product_tag","embeddable":true,"href":"https:\/\/stoic-curie.212-227-153-4.plesk.page\/hr\/wp-json\/wp\/v2\/product_tag?post=744557"}],"curies":[{"name":"wp","href":"https:\/\/api.w.org\/{rel}","templated":true}]}}