{"id":744558,"date":"2025-03-03T19:34:44","date_gmt":"2025-03-03T18:34:44","guid":{"rendered":"https:\/\/stoic-curie.212-227-153-4.plesk.page\/producto\/jedrilicarske-hlace-musto-br2-offshore-black-velicina-s\/"},"modified":"2026-02-25T00:01:15","modified_gmt":"2026-02-25T00:01:15","slug":"jedrilicarske-hlace-musto-br2-offshore-black-velicina-s","status":"publish","type":"product","link":"https:\/\/stoic-curie.212-227-153-4.plesk.page\/hr\/product\/jedrilicarske-hlace-musto-br2-offshore-black-velicina-s\/","title":{"rendered":"Jedrilicarske hlace Musto BR2 Offshore Black , velicina S"},"content":{"rendered":"<p>Jedrilicarske hlace Musto BR2 Offshore Black , velicina S &#8211; <\/p>\n<p>Musto BR2 Offshore salopette izra\u0111ena je od izuzetno prozra\u010dnog, vodootpornog i vjetrootpornog vlasni\u010dkog BR2 dvojakog materijala. Potpuno zape\u010da\u0107ene \u0161avove osiguravaju vodootpornu za\u0161titu. Visoki dizajn pru\u017ea dodatnu za\u0161titu, dok pode\u0161eni stra\u017enji pojas i elasti\u010dni pazuha i naramenice osiguravaju udobnost. Opremljena je odvojivom vi\u0161enamjenskom torbom, podesivim naramenicama oblo\u017eenim materijalom s \u010di\u010dak trakama, dvosmjernim prednjim zipom sa jezi\u010dkom za lak pristup, podesivim man\u017eetama s \u010di\u010dak trakama, bo\u010dnom teretnom torbom na bedrima s vodoodbojnim, oja\u010danim koljenima i sjedi\u0161tem.<\/p>\n","protected":false},"excerpt":{"rendered":"<p>Jedrilicarske hlace Musto BR2 Offshore Black , velicina S &#8211; Musto BR2 Offshore salopette izra\u0111ena je od izuzetno prozra\u010dnog, vodootpornog<\/p>\n","protected":false},"featured_media":5946679,"comment_status":"open","ping_status":"closed","template":"","meta":[],"product_brand":[3156],"product_cat":[1854],"product_tag":[],"class_list":{"0":"post-744558","1":"product","2":"type-product","3":"status-publish","4":"has-post-thumbnail","6":"product_brand-musto-hr","7":"product_cat-jedrilicarska-odjeca-musto","9":"first","10":"instock","11":"shipping-taxable","12":"purchasable","13":"product-type-simple"},"_links":{"self":[{"href":"https:\/\/stoic-curie.212-227-153-4.plesk.page\/hr\/wp-json\/wp\/v2\/product\/744558","targetHints":{"allow":["GET"]}}],"collection":[{"href":"https:\/\/stoic-curie.212-227-153-4.plesk.page\/hr\/wp-json\/wp\/v2\/product"}],"about":[{"href":"https:\/\/stoic-curie.212-227-153-4.plesk.page\/hr\/wp-json\/wp\/v2\/types\/product"}],"replies":[{"embeddable":true,"href":"https:\/\/stoic-curie.212-227-153-4.plesk.page\/hr\/wp-json\/wp\/v2\/comments?post=744558"}],"version-history":[{"count":0,"href":"https:\/\/stoic-curie.212-227-153-4.plesk.page\/hr\/wp-json\/wp\/v2\/product\/744558\/revisions"}],"wp:featuredmedia":[{"embeddable":true,"href":"https:\/\/stoic-curie.212-227-153-4.plesk.page\/hr\/wp-json\/wp\/v2\/media\/5946679"}],"wp:attachment":[{"href":"https:\/\/stoic-curie.212-227-153-4.plesk.page\/hr\/wp-json\/wp\/v2\/media?parent=744558"}],"wp:term":[{"taxonomy":"product_brand","embeddable":true,"href":"https:\/\/stoic-curie.212-227-153-4.plesk.page\/hr\/wp-json\/wp\/v2\/product_brand?post=744558"},{"taxonomy":"product_cat","embeddable":true,"href":"https:\/\/stoic-curie.212-227-153-4.plesk.page\/hr\/wp-json\/wp\/v2\/product_cat?post=744558"},{"taxonomy":"product_tag","embeddable":true,"href":"https:\/\/stoic-curie.212-227-153-4.plesk.page\/hr\/wp-json\/wp\/v2\/product_tag?post=744558"}],"curies":[{"name":"wp","href":"https:\/\/api.w.org\/{rel}","templated":true}]}}