{"id":744561,"date":"2025-03-03T19:38:10","date_gmt":"2025-03-03T18:38:10","guid":{"rendered":"https:\/\/stoic-curie.212-227-153-4.plesk.page\/producto\/jedrilicarske-hlace-musto-br2-offshore-black-velicina-xl\/"},"modified":"2026-02-25T00:01:15","modified_gmt":"2026-02-25T00:01:15","slug":"jedrilicarske-hlace-musto-br2-offshore-black-velicina-xl","status":"publish","type":"product","link":"https:\/\/stoic-curie.212-227-153-4.plesk.page\/hr\/product\/jedrilicarske-hlace-musto-br2-offshore-black-velicina-xl\/","title":{"rendered":"Jedrilicarske hlace Musto BR2 Offshore Black , velicina XL"},"content":{"rendered":"<p>Jedrilicarske hlace Musto BR2 Offshore Black , velicina XL &#8211; <\/p>\n<p>Musto BR2 Offshore kombinezoni, izra\u0111eni od iznimno prozra\u010dnog, vodootpornog i vjetrootpornog BR2 dvojnog materijala. Potpuno zape\u010da\u0107ene \u0161avove osiguravaju vodonepropusni pe\u010dat, visoki kroj za dodatnu za\u0161titu s prilagodljivim pojasom na le\u0111ima i elasti\u010dnim rukavima i naramenicama. S uklonjivom torbicom za mnoge alate, materijalom oblo\u017eenim podesivim naramenicama s \u010di\u010dak zatvara\u010dima, dvojakim prednjim munjom s umetcima za lak pristup, rukavima s \u010di\u010dak zatvara\u010dima, i bo\u010dnom d\u017eepu na bedru s vodu odbijaju\u0107im, oja\u010danim koljenima i sjedi\u0161tem.<\/p>\n","protected":false},"excerpt":{"rendered":"<p>Jedrilicarske hlace Musto BR2 Offshore Black , velicina XL &#8211; Musto BR2 Offshore kombinezoni, izra\u0111eni od iznimno prozra\u010dnog, vodootpornog i<\/p>\n","protected":false},"featured_media":5946679,"comment_status":"open","ping_status":"closed","template":"","meta":[],"product_brand":[3156],"product_cat":[1854],"product_tag":[],"class_list":{"0":"post-744561","1":"product","2":"type-product","3":"status-publish","4":"has-post-thumbnail","6":"product_brand-musto-hr","7":"product_cat-jedrilicarska-odjeca-musto","9":"first","10":"instock","11":"shipping-taxable","12":"purchasable","13":"product-type-simple"},"_links":{"self":[{"href":"https:\/\/stoic-curie.212-227-153-4.plesk.page\/hr\/wp-json\/wp\/v2\/product\/744561","targetHints":{"allow":["GET"]}}],"collection":[{"href":"https:\/\/stoic-curie.212-227-153-4.plesk.page\/hr\/wp-json\/wp\/v2\/product"}],"about":[{"href":"https:\/\/stoic-curie.212-227-153-4.plesk.page\/hr\/wp-json\/wp\/v2\/types\/product"}],"replies":[{"embeddable":true,"href":"https:\/\/stoic-curie.212-227-153-4.plesk.page\/hr\/wp-json\/wp\/v2\/comments?post=744561"}],"version-history":[{"count":0,"href":"https:\/\/stoic-curie.212-227-153-4.plesk.page\/hr\/wp-json\/wp\/v2\/product\/744561\/revisions"}],"wp:featuredmedia":[{"embeddable":true,"href":"https:\/\/stoic-curie.212-227-153-4.plesk.page\/hr\/wp-json\/wp\/v2\/media\/5946679"}],"wp:attachment":[{"href":"https:\/\/stoic-curie.212-227-153-4.plesk.page\/hr\/wp-json\/wp\/v2\/media?parent=744561"}],"wp:term":[{"taxonomy":"product_brand","embeddable":true,"href":"https:\/\/stoic-curie.212-227-153-4.plesk.page\/hr\/wp-json\/wp\/v2\/product_brand?post=744561"},{"taxonomy":"product_cat","embeddable":true,"href":"https:\/\/stoic-curie.212-227-153-4.plesk.page\/hr\/wp-json\/wp\/v2\/product_cat?post=744561"},{"taxonomy":"product_tag","embeddable":true,"href":"https:\/\/stoic-curie.212-227-153-4.plesk.page\/hr\/wp-json\/wp\/v2\/product_tag?post=744561"}],"curies":[{"name":"wp","href":"https:\/\/api.w.org\/{rel}","templated":true}]}}