{"id":744563,"date":"2025-03-03T19:38:11","date_gmt":"2025-03-03T18:38:11","guid":{"rendered":"https:\/\/stoic-curie.212-227-153-4.plesk.page\/producto\/offshore-jakna-helly-hansen-skagen-blue-velicina-s\/"},"modified":"2026-02-25T00:01:15","modified_gmt":"2026-02-25T00:01:15","slug":"offshore-jakna-helly-hansen-skagen-blue-velicina-s","status":"publish","type":"product","link":"https:\/\/stoic-curie.212-227-153-4.plesk.page\/hr\/product\/offshore-jakna-helly-hansen-skagen-blue-velicina-s\/","title":{"rendered":"Offshore jakna Helly Hansen Skagen Blue, velicina : S"},"content":{"rendered":"<p>Offshore jakna Helly Hansen Skagen Blue, velicina : S &#8211; <\/p>\n<p>Helly Hansen Skagen offshore jakna savr\u0161ena je za navigaciju na otvorenom moru i obali, pru\u017eaju\u0107i potpunu za\u0161titu od vjetra i valova. Izra\u0111ena je od dvoslojnog materijala s trajnim odbijanjem vode (DWR) koji je vodootporan, vjetrootporan i prozra\u010dan zahvaljuju\u0107i HellyTech\u00ae performansama. Jakna ima potpuno zatvorene \u0161avove, brzo su\u0161e\u0107i mre\u017easti podstavu, oja\u010danje u lumbalnom dijelu, dvostruku munje vu\u010dju, dvostruko pode\u0161ene man\u017eete, artikulirane rukave, d\u017eepove na prsima s vodootpornim zatvara\u010dem, podstavljene d\u017eepove za ruke, velike cargo d\u017eepove, visoki ovratnik s za\u0161titom za lice, EN471 visoko vidljivu podesivu kapu i refleksne oznake uskla\u0111ene s Solas standardima.<\/p>\n","protected":false},"excerpt":{"rendered":"<p>Offshore jakna Helly Hansen Skagen Blue, velicina : S &#8211; Helly Hansen Skagen offshore jakna savr\u0161ena je za navigaciju na<\/p>\n","protected":false},"featured_media":5946680,"comment_status":"open","ping_status":"closed","template":"","meta":[],"product_brand":[3001],"product_cat":[1857],"product_tag":[],"class_list":{"0":"post-744563","1":"product","2":"type-product","3":"status-publish","4":"has-post-thumbnail","6":"product_brand-helly-hansen-hr","7":"product_cat-jedrilicarska-odjeca-helly-hansen","9":"first","10":"instock","11":"shipping-taxable","12":"purchasable","13":"product-type-simple"},"_links":{"self":[{"href":"https:\/\/stoic-curie.212-227-153-4.plesk.page\/hr\/wp-json\/wp\/v2\/product\/744563","targetHints":{"allow":["GET"]}}],"collection":[{"href":"https:\/\/stoic-curie.212-227-153-4.plesk.page\/hr\/wp-json\/wp\/v2\/product"}],"about":[{"href":"https:\/\/stoic-curie.212-227-153-4.plesk.page\/hr\/wp-json\/wp\/v2\/types\/product"}],"replies":[{"embeddable":true,"href":"https:\/\/stoic-curie.212-227-153-4.plesk.page\/hr\/wp-json\/wp\/v2\/comments?post=744563"}],"version-history":[{"count":0,"href":"https:\/\/stoic-curie.212-227-153-4.plesk.page\/hr\/wp-json\/wp\/v2\/product\/744563\/revisions"}],"wp:featuredmedia":[{"embeddable":true,"href":"https:\/\/stoic-curie.212-227-153-4.plesk.page\/hr\/wp-json\/wp\/v2\/media\/5946680"}],"wp:attachment":[{"href":"https:\/\/stoic-curie.212-227-153-4.plesk.page\/hr\/wp-json\/wp\/v2\/media?parent=744563"}],"wp:term":[{"taxonomy":"product_brand","embeddable":true,"href":"https:\/\/stoic-curie.212-227-153-4.plesk.page\/hr\/wp-json\/wp\/v2\/product_brand?post=744563"},{"taxonomy":"product_cat","embeddable":true,"href":"https:\/\/stoic-curie.212-227-153-4.plesk.page\/hr\/wp-json\/wp\/v2\/product_cat?post=744563"},{"taxonomy":"product_tag","embeddable":true,"href":"https:\/\/stoic-curie.212-227-153-4.plesk.page\/hr\/wp-json\/wp\/v2\/product_tag?post=744563"}],"curies":[{"name":"wp","href":"https:\/\/api.w.org\/{rel}","templated":true}]}}