{"id":744564,"date":"2025-03-03T19:38:11","date_gmt":"2025-03-03T18:38:11","guid":{"rendered":"https:\/\/stoic-curie.212-227-153-4.plesk.page\/producto\/offshore-jakna-helly-hansen-skagen-blue-velicina-m\/"},"modified":"2026-02-25T00:01:15","modified_gmt":"2026-02-25T00:01:15","slug":"offshore-jakna-helly-hansen-skagen-blue-velicina-m","status":"publish","type":"product","link":"https:\/\/stoic-curie.212-227-153-4.plesk.page\/hr\/product\/offshore-jakna-helly-hansen-skagen-blue-velicina-m\/","title":{"rendered":"Offshore jakna Helly Hansen Skagen Blue, velicina : M"},"content":{"rendered":"<p>Offshore jakna Helly Hansen Skagen Blue, velicina : M &#8211; <\/p>\n<p>Helly Hansen Skagen Offshore jakna je idealna za off-shore i obalu, pru\u017eaju\u0107i potpunu za\u0161titu od vjetra i valova. Izra\u0111ena je od 2-slojnog, trajno vodoodpornog (DWR) HellyTech\u00c2\u00ae Performance platna koje je vodootporno, vjetrootporno i di\u0161e. S potpuno zape\u010datenim \u0161avovima, brzosu\u0161e\u0107im mre\u017eastim podstavom, potporom za donji dio le\u0111a, dvostrukom kapicom protiv oluje, dvostrukim podesivim man\u017eetama, artikuliranim rukavima, prsne d\u017eepove s vodootpornim zatvara\u010dem, rupe za grijanje ruku s flisom, veliku cargo d\u017eepove, visokim ovratnikom s za\u0161titom lica, EN471 visoko vidljivu podesivu kapulja\u010du i Solas sukladne reflektore.<\/p>\n","protected":false},"excerpt":{"rendered":"<p>Offshore jakna Helly Hansen Skagen Blue, velicina : M &#8211; Helly Hansen Skagen Offshore jakna je idealna za off-shore i<\/p>\n","protected":false},"featured_media":5946680,"comment_status":"open","ping_status":"closed","template":"","meta":[],"product_brand":[3001],"product_cat":[1857],"product_tag":[],"class_list":{"0":"post-744564","1":"product","2":"type-product","3":"status-publish","4":"has-post-thumbnail","6":"product_brand-helly-hansen-hr","7":"product_cat-jedrilicarska-odjeca-helly-hansen","9":"first","10":"instock","11":"shipping-taxable","12":"purchasable","13":"product-type-simple"},"_links":{"self":[{"href":"https:\/\/stoic-curie.212-227-153-4.plesk.page\/hr\/wp-json\/wp\/v2\/product\/744564","targetHints":{"allow":["GET"]}}],"collection":[{"href":"https:\/\/stoic-curie.212-227-153-4.plesk.page\/hr\/wp-json\/wp\/v2\/product"}],"about":[{"href":"https:\/\/stoic-curie.212-227-153-4.plesk.page\/hr\/wp-json\/wp\/v2\/types\/product"}],"replies":[{"embeddable":true,"href":"https:\/\/stoic-curie.212-227-153-4.plesk.page\/hr\/wp-json\/wp\/v2\/comments?post=744564"}],"version-history":[{"count":0,"href":"https:\/\/stoic-curie.212-227-153-4.plesk.page\/hr\/wp-json\/wp\/v2\/product\/744564\/revisions"}],"wp:featuredmedia":[{"embeddable":true,"href":"https:\/\/stoic-curie.212-227-153-4.plesk.page\/hr\/wp-json\/wp\/v2\/media\/5946680"}],"wp:attachment":[{"href":"https:\/\/stoic-curie.212-227-153-4.plesk.page\/hr\/wp-json\/wp\/v2\/media?parent=744564"}],"wp:term":[{"taxonomy":"product_brand","embeddable":true,"href":"https:\/\/stoic-curie.212-227-153-4.plesk.page\/hr\/wp-json\/wp\/v2\/product_brand?post=744564"},{"taxonomy":"product_cat","embeddable":true,"href":"https:\/\/stoic-curie.212-227-153-4.plesk.page\/hr\/wp-json\/wp\/v2\/product_cat?post=744564"},{"taxonomy":"product_tag","embeddable":true,"href":"https:\/\/stoic-curie.212-227-153-4.plesk.page\/hr\/wp-json\/wp\/v2\/product_tag?post=744564"}],"curies":[{"name":"wp","href":"https:\/\/api.w.org\/{rel}","templated":true}]}}