{"id":744565,"date":"2025-03-03T19:38:11","date_gmt":"2025-03-03T18:38:11","guid":{"rendered":"https:\/\/stoic-curie.212-227-153-4.plesk.page\/producto\/offshore-jakna-helly-hansen-skagen-blue-velicina-l\/"},"modified":"2026-02-25T00:01:15","modified_gmt":"2026-02-25T00:01:15","slug":"offshore-jakna-helly-hansen-skagen-blue-velicina-l","status":"publish","type":"product","link":"https:\/\/stoic-curie.212-227-153-4.plesk.page\/hr\/product\/offshore-jakna-helly-hansen-skagen-blue-velicina-l\/","title":{"rendered":"Offshore jakna Helly Hansen Skagen Blue, velicina : L"},"content":{"rendered":"<p>Offshore jakna Helly Hansen Skagen Blue, velicina : L &#8211; <\/p>\n<p>Helly Hansen Skagen Offshore jakna namijenjena je navigaciji na otvorenom moru i obali, te pru\u017ea potpunu za\u0161titu od vjetra i valova. Izra\u0111ena je od dvostrukog sloja s trajnom vodoodbojnim (DWR) tretmanom, vodonepropusna, vjetrootporna i prozra\u010dna zahvaljuju\u0107i HellyTech\u00c2\u00ae Performance platnu. S potpuno zape\u010da\u0107enim \u0161avovima, brzo suhom mre\u017eastom podstavom, poja\u010danjem u lumbalnom dijelu, dvostrukom za\u0161titom od oluje, dvostruko pode\u0161ivim man\u017eetama, artikuliranim rukavima, prsnim d\u017eepovima s vodootpornim zatvara\u010dem, pojasima za grijanje ruku s runom, velikim teretnim d\u017eepovima, visokim ovratnikom za za\u0161titu lica, EN471 visokom vidljivo\u0161\u0107u pode\u0161avaju\u0107om kapulja\u010dom i reflektiraju\u0107im materijalima u skladu sa Solas-om.<\/p>\n","protected":false},"excerpt":{"rendered":"<p>Offshore jakna Helly Hansen Skagen Blue, velicina : L &#8211; Helly Hansen Skagen Offshore jakna namijenjena je navigaciji na otvorenom<\/p>\n","protected":false},"featured_media":5946680,"comment_status":"open","ping_status":"closed","template":"","meta":[],"product_brand":[3001],"product_cat":[1857],"product_tag":[],"class_list":{"0":"post-744565","1":"product","2":"type-product","3":"status-publish","4":"has-post-thumbnail","6":"product_brand-helly-hansen-hr","7":"product_cat-jedrilicarska-odjeca-helly-hansen","9":"first","10":"instock","11":"shipping-taxable","12":"purchasable","13":"product-type-simple"},"_links":{"self":[{"href":"https:\/\/stoic-curie.212-227-153-4.plesk.page\/hr\/wp-json\/wp\/v2\/product\/744565","targetHints":{"allow":["GET"]}}],"collection":[{"href":"https:\/\/stoic-curie.212-227-153-4.plesk.page\/hr\/wp-json\/wp\/v2\/product"}],"about":[{"href":"https:\/\/stoic-curie.212-227-153-4.plesk.page\/hr\/wp-json\/wp\/v2\/types\/product"}],"replies":[{"embeddable":true,"href":"https:\/\/stoic-curie.212-227-153-4.plesk.page\/hr\/wp-json\/wp\/v2\/comments?post=744565"}],"version-history":[{"count":0,"href":"https:\/\/stoic-curie.212-227-153-4.plesk.page\/hr\/wp-json\/wp\/v2\/product\/744565\/revisions"}],"wp:featuredmedia":[{"embeddable":true,"href":"https:\/\/stoic-curie.212-227-153-4.plesk.page\/hr\/wp-json\/wp\/v2\/media\/5946680"}],"wp:attachment":[{"href":"https:\/\/stoic-curie.212-227-153-4.plesk.page\/hr\/wp-json\/wp\/v2\/media?parent=744565"}],"wp:term":[{"taxonomy":"product_brand","embeddable":true,"href":"https:\/\/stoic-curie.212-227-153-4.plesk.page\/hr\/wp-json\/wp\/v2\/product_brand?post=744565"},{"taxonomy":"product_cat","embeddable":true,"href":"https:\/\/stoic-curie.212-227-153-4.plesk.page\/hr\/wp-json\/wp\/v2\/product_cat?post=744565"},{"taxonomy":"product_tag","embeddable":true,"href":"https:\/\/stoic-curie.212-227-153-4.plesk.page\/hr\/wp-json\/wp\/v2\/product_tag?post=744565"}],"curies":[{"name":"wp","href":"https:\/\/api.w.org\/{rel}","templated":true}]}}