{"id":744566,"date":"2025-03-03T19:38:11","date_gmt":"2025-03-03T18:38:11","guid":{"rendered":"https:\/\/stoic-curie.212-227-153-4.plesk.page\/producto\/offshore-jakna-helly-hansen-skagen-blue-velicina-xl\/"},"modified":"2026-02-25T00:01:15","modified_gmt":"2026-02-25T00:01:15","slug":"offshore-jakna-helly-hansen-skagen-blue-velicina-xl","status":"publish","type":"product","link":"https:\/\/stoic-curie.212-227-153-4.plesk.page\/hr\/product\/offshore-jakna-helly-hansen-skagen-blue-velicina-xl\/","title":{"rendered":"Offshore jakna Helly Hansen Skagen Blue, velicina : XL"},"content":{"rendered":"<p>Offshore jakna Helly Hansen Skagen Blue, velicina : XL &#8211; <\/p>\n<p>Helly Hansen Skagen Offshore jakna za navigaciju na moru i obali koja pru\u017ea potpunu za\u0161titu od vjetra i valova. S dvostrukim slojevima materijala obra\u0111enog Durablom Water Repellency (DWR), vodootporna, vjetrootporna i prozra\u010dna. S potpuno zatvorenim \u0161avovima, brzosu\u0161e\u0107im mre\u017eastim podstavljanjem, poja\u010danim donjim dijelom le\u0111a, dvostrukom olujnom preklopom, dvostruko podesivim man\u017eetama, artikuliranim rukavima, prednjim d\u017eepovima s vodootpornim patentnim zatvara\u010dem, d\u017eepovima za ruke oblo\u017eenim flisom, velikim cargo d\u017eepovima, visokim ovratnikom s za\u0161titom lica, EN471 visoko vidljivom podesivom kapom i reflektorima sukladnim Solasu.<\/p>\n","protected":false},"excerpt":{"rendered":"<p>Offshore jakna Helly Hansen Skagen Blue, velicina : XL &#8211; Helly Hansen Skagen Offshore jakna za navigaciju na moru i<\/p>\n","protected":false},"featured_media":5946680,"comment_status":"open","ping_status":"closed","template":"","meta":[],"product_brand":[3001],"product_cat":[1857],"product_tag":[],"class_list":{"0":"post-744566","1":"product","2":"type-product","3":"status-publish","4":"has-post-thumbnail","6":"product_brand-helly-hansen-hr","7":"product_cat-jedrilicarska-odjeca-helly-hansen","9":"first","10":"instock","11":"shipping-taxable","12":"purchasable","13":"product-type-simple"},"_links":{"self":[{"href":"https:\/\/stoic-curie.212-227-153-4.plesk.page\/hr\/wp-json\/wp\/v2\/product\/744566","targetHints":{"allow":["GET"]}}],"collection":[{"href":"https:\/\/stoic-curie.212-227-153-4.plesk.page\/hr\/wp-json\/wp\/v2\/product"}],"about":[{"href":"https:\/\/stoic-curie.212-227-153-4.plesk.page\/hr\/wp-json\/wp\/v2\/types\/product"}],"replies":[{"embeddable":true,"href":"https:\/\/stoic-curie.212-227-153-4.plesk.page\/hr\/wp-json\/wp\/v2\/comments?post=744566"}],"version-history":[{"count":0,"href":"https:\/\/stoic-curie.212-227-153-4.plesk.page\/hr\/wp-json\/wp\/v2\/product\/744566\/revisions"}],"wp:featuredmedia":[{"embeddable":true,"href":"https:\/\/stoic-curie.212-227-153-4.plesk.page\/hr\/wp-json\/wp\/v2\/media\/5946680"}],"wp:attachment":[{"href":"https:\/\/stoic-curie.212-227-153-4.plesk.page\/hr\/wp-json\/wp\/v2\/media?parent=744566"}],"wp:term":[{"taxonomy":"product_brand","embeddable":true,"href":"https:\/\/stoic-curie.212-227-153-4.plesk.page\/hr\/wp-json\/wp\/v2\/product_brand?post=744566"},{"taxonomy":"product_cat","embeddable":true,"href":"https:\/\/stoic-curie.212-227-153-4.plesk.page\/hr\/wp-json\/wp\/v2\/product_cat?post=744566"},{"taxonomy":"product_tag","embeddable":true,"href":"https:\/\/stoic-curie.212-227-153-4.plesk.page\/hr\/wp-json\/wp\/v2\/product_tag?post=744566"}],"curies":[{"name":"wp","href":"https:\/\/api.w.org\/{rel}","templated":true}]}}