{"id":744568,"date":"2025-03-03T19:38:12","date_gmt":"2025-03-03T18:38:12","guid":{"rendered":"https:\/\/stoic-curie.212-227-153-4.plesk.page\/producto\/jedrilicarske-hlace-helly-hansen-skagen-offshore-grey-velicina-s\/"},"modified":"2026-02-25T00:01:15","modified_gmt":"2026-02-25T00:01:15","slug":"jedrilicarske-hlace-helly-hansen-skagen-offshore-grey-velicina-s","status":"publish","type":"product","link":"https:\/\/stoic-curie.212-227-153-4.plesk.page\/hr\/product\/jedrilicarske-hlace-helly-hansen-skagen-offshore-grey-velicina-s\/","title":{"rendered":"Jedrilicarske hlace Helly Hansen Skagen Offshore Grey, velicina : S"},"content":{"rendered":"<p>Jedrilicarske hlace Helly Hansen Skagen Offshore Grey, velicina : S &#8211; <\/p>\n<p>Helly Hansen Skagen Offshore kombinezoni nude potpunu za\u0161titu za navigaciju na otvorenom moru i obalu od vjetra i valova. Izra\u0111eni su od izdr\u017eljive, vodoodbojne HellyTech\u00ae Performance tkanine s dvostrukim slojem koja je vodootporna, vjetrootporna i prozra\u010dna. S potpuno zatvorenim \u0161avovima, brzo su\u0161ivom unutarnjom mre\u017eicom, oja\u010danjima za sjedalo i koljena, visokom le\u0111ima za dodatnu za\u0161titu, dvosmjernim prednjim patentnim zatvara\u010dem, pode\u0161ivim trakama i strukom, desnom cargo d\u017eepom s vodoodbojnim patentnim zatvara\u010dem, lijevim cargo d\u017eepom, pode\u0161ivim otvaranjima nogu, te artikuliranim sjedi\u0161tima i koljenima.<\/p>\n","protected":false},"excerpt":{"rendered":"<p>Jedrilicarske hlace Helly Hansen Skagen Offshore Grey, velicina : S &#8211; Helly Hansen Skagen Offshore kombinezoni nude potpunu za\u0161titu za<\/p>\n","protected":false},"featured_media":5946683,"comment_status":"open","ping_status":"closed","template":"","meta":[],"product_brand":[3001],"product_cat":[1857],"product_tag":[],"class_list":{"0":"post-744568","1":"product","2":"type-product","3":"status-publish","4":"has-post-thumbnail","6":"product_brand-helly-hansen-hr","7":"product_cat-jedrilicarska-odjeca-helly-hansen","9":"first","10":"instock","11":"shipping-taxable","12":"purchasable","13":"product-type-simple"},"_links":{"self":[{"href":"https:\/\/stoic-curie.212-227-153-4.plesk.page\/hr\/wp-json\/wp\/v2\/product\/744568","targetHints":{"allow":["GET"]}}],"collection":[{"href":"https:\/\/stoic-curie.212-227-153-4.plesk.page\/hr\/wp-json\/wp\/v2\/product"}],"about":[{"href":"https:\/\/stoic-curie.212-227-153-4.plesk.page\/hr\/wp-json\/wp\/v2\/types\/product"}],"replies":[{"embeddable":true,"href":"https:\/\/stoic-curie.212-227-153-4.plesk.page\/hr\/wp-json\/wp\/v2\/comments?post=744568"}],"version-history":[{"count":0,"href":"https:\/\/stoic-curie.212-227-153-4.plesk.page\/hr\/wp-json\/wp\/v2\/product\/744568\/revisions"}],"wp:featuredmedia":[{"embeddable":true,"href":"https:\/\/stoic-curie.212-227-153-4.plesk.page\/hr\/wp-json\/wp\/v2\/media\/5946683"}],"wp:attachment":[{"href":"https:\/\/stoic-curie.212-227-153-4.plesk.page\/hr\/wp-json\/wp\/v2\/media?parent=744568"}],"wp:term":[{"taxonomy":"product_brand","embeddable":true,"href":"https:\/\/stoic-curie.212-227-153-4.plesk.page\/hr\/wp-json\/wp\/v2\/product_brand?post=744568"},{"taxonomy":"product_cat","embeddable":true,"href":"https:\/\/stoic-curie.212-227-153-4.plesk.page\/hr\/wp-json\/wp\/v2\/product_cat?post=744568"},{"taxonomy":"product_tag","embeddable":true,"href":"https:\/\/stoic-curie.212-227-153-4.plesk.page\/hr\/wp-json\/wp\/v2\/product_tag?post=744568"}],"curies":[{"name":"wp","href":"https:\/\/api.w.org\/{rel}","templated":true}]}}