{"id":744569,"date":"2025-03-03T19:38:12","date_gmt":"2025-03-03T18:38:12","guid":{"rendered":"https:\/\/stoic-curie.212-227-153-4.plesk.page\/producto\/jedrilicarske-hlace-helly-hansen-skagen-offshore-grey-velicina-m\/"},"modified":"2026-02-25T00:01:15","modified_gmt":"2026-02-25T00:01:15","slug":"jedrilicarske-hlace-helly-hansen-skagen-offshore-grey-velicina-m","status":"publish","type":"product","link":"https:\/\/stoic-curie.212-227-153-4.plesk.page\/hr\/product\/jedrilicarske-hlace-helly-hansen-skagen-offshore-grey-velicina-m\/","title":{"rendered":"Jedrilicarske hlace Helly Hansen Skagen Offshore Grey, velicina : M"},"content":{"rendered":"<p>Jedrilicarske hlace Helly Hansen Skagen Offshore Grey, velicina : M &#8211; <\/p>\n<p>Helly Hansen Skagen Offshore kombinezone pru\u017eaju potpunu za\u0161titu od vjetra i valova za navigaciju na otvorenom moru i u obalnom pojasu. Izra\u0111ene su od 2-slojnog materijala s postojanom impregnacijom (DWR), vodootporne, vjetrootporne i prozra\u010dne HellyTech\u00c2\u00ae Performance. Sa potpuno zape\u010datenim \u0161avovima, brzo su\u0161e\u0107im unutarnjim mre\u017enim podstavljanjem, oja\u010danjima na sjedalu i koljenima, visokim le\u0111ima za dodatnu za\u0161titu, dvostrukim prednjim zatvara\u010dem, podesivim naramenicama i strukom, desnom teretnom torbom s vodootpornim zatvara\u010dem, lijevom teretnom torbom, pode\u0161avaju\u0107im otvorima za nogavice te oblikovanim sjedalom i koljenima.<\/p>\n","protected":false},"excerpt":{"rendered":"<p>Jedrilicarske hlace Helly Hansen Skagen Offshore Grey, velicina : M &#8211; Helly Hansen Skagen Offshore kombinezone pru\u017eaju potpunu za\u0161titu od<\/p>\n","protected":false},"featured_media":5946683,"comment_status":"open","ping_status":"closed","template":"","meta":[],"product_brand":[3001],"product_cat":[1857],"product_tag":[],"class_list":{"0":"post-744569","1":"product","2":"type-product","3":"status-publish","4":"has-post-thumbnail","6":"product_brand-helly-hansen-hr","7":"product_cat-jedrilicarska-odjeca-helly-hansen","9":"first","10":"instock","11":"shipping-taxable","12":"purchasable","13":"product-type-simple"},"_links":{"self":[{"href":"https:\/\/stoic-curie.212-227-153-4.plesk.page\/hr\/wp-json\/wp\/v2\/product\/744569","targetHints":{"allow":["GET"]}}],"collection":[{"href":"https:\/\/stoic-curie.212-227-153-4.plesk.page\/hr\/wp-json\/wp\/v2\/product"}],"about":[{"href":"https:\/\/stoic-curie.212-227-153-4.plesk.page\/hr\/wp-json\/wp\/v2\/types\/product"}],"replies":[{"embeddable":true,"href":"https:\/\/stoic-curie.212-227-153-4.plesk.page\/hr\/wp-json\/wp\/v2\/comments?post=744569"}],"version-history":[{"count":0,"href":"https:\/\/stoic-curie.212-227-153-4.plesk.page\/hr\/wp-json\/wp\/v2\/product\/744569\/revisions"}],"wp:featuredmedia":[{"embeddable":true,"href":"https:\/\/stoic-curie.212-227-153-4.plesk.page\/hr\/wp-json\/wp\/v2\/media\/5946683"}],"wp:attachment":[{"href":"https:\/\/stoic-curie.212-227-153-4.plesk.page\/hr\/wp-json\/wp\/v2\/media?parent=744569"}],"wp:term":[{"taxonomy":"product_brand","embeddable":true,"href":"https:\/\/stoic-curie.212-227-153-4.plesk.page\/hr\/wp-json\/wp\/v2\/product_brand?post=744569"},{"taxonomy":"product_cat","embeddable":true,"href":"https:\/\/stoic-curie.212-227-153-4.plesk.page\/hr\/wp-json\/wp\/v2\/product_cat?post=744569"},{"taxonomy":"product_tag","embeddable":true,"href":"https:\/\/stoic-curie.212-227-153-4.plesk.page\/hr\/wp-json\/wp\/v2\/product_tag?post=744569"}],"curies":[{"name":"wp","href":"https:\/\/api.w.org\/{rel}","templated":true}]}}