{"id":744570,"date":"2025-03-03T19:39:43","date_gmt":"2025-03-03T18:39:43","guid":{"rendered":"https:\/\/stoic-curie.212-227-153-4.plesk.page\/producto\/jedrilicarske-hlace-helly-hansen-skagen-offshore-grey-velicina-l\/"},"modified":"2026-02-25T00:01:15","modified_gmt":"2026-02-25T00:01:15","slug":"jedrilicarske-hlace-helly-hansen-skagen-offshore-grey-velicina-l","status":"publish","type":"product","link":"https:\/\/stoic-curie.212-227-153-4.plesk.page\/hr\/product\/jedrilicarske-hlace-helly-hansen-skagen-offshore-grey-velicina-l\/","title":{"rendered":"Jedrilicarske hlace Helly Hansen Skagen Offshore Grey, velicina : L"},"content":{"rendered":"<p>Jedrilicarske hlace Helly Hansen Skagen Offshore Grey, velicina : L &#8211; <\/p>\n<p>Helly Hansen Skagen Offshore kombinezoni pru\u017eaju potpunu za\u0161titu za navigaciju na moru i uz obalu od vjetra i valova. Izra\u0111eni su od 2-slojnog materijala tretiranog trajnom vodootporno\u0161\u0107u (DWR) koji je vodootporan, vjetrootporan i prozra\u010dan zahvaljuju\u0107i HellyTech\u00c2\u00ae Performance platnu. Sa potpuno zatvorenim \u0161avovima, brzo su\u0161e\u0107om unutarnjom mre\u017eicom, oja\u010danjima na sjedalu i koljenima, visokim le\u0111ima za dodatnu za\u0161titu, dvosmjernim prednjim patent-zatvara\u010dem, podesivim trakama i strukom, desnom cargo-torba s vodootpornim patent-zatvara\u010dem, lijevom cargo-torbom, podesivim otvorima za noge, te umjetni\u010dki oblikovanim sjedi\u0161tem i koljenima.<\/p>\n","protected":false},"excerpt":{"rendered":"<p>Jedrilicarske hlace Helly Hansen Skagen Offshore Grey, velicina : L &#8211; Helly Hansen Skagen Offshore kombinezoni pru\u017eaju potpunu za\u0161titu za<\/p>\n","protected":false},"featured_media":5946683,"comment_status":"open","ping_status":"closed","template":"","meta":[],"product_brand":[3001],"product_cat":[1857],"product_tag":[],"class_list":{"0":"post-744570","1":"product","2":"type-product","3":"status-publish","4":"has-post-thumbnail","6":"product_brand-helly-hansen-hr","7":"product_cat-jedrilicarska-odjeca-helly-hansen","9":"first","10":"instock","11":"shipping-taxable","12":"purchasable","13":"product-type-simple"},"_links":{"self":[{"href":"https:\/\/stoic-curie.212-227-153-4.plesk.page\/hr\/wp-json\/wp\/v2\/product\/744570","targetHints":{"allow":["GET"]}}],"collection":[{"href":"https:\/\/stoic-curie.212-227-153-4.plesk.page\/hr\/wp-json\/wp\/v2\/product"}],"about":[{"href":"https:\/\/stoic-curie.212-227-153-4.plesk.page\/hr\/wp-json\/wp\/v2\/types\/product"}],"replies":[{"embeddable":true,"href":"https:\/\/stoic-curie.212-227-153-4.plesk.page\/hr\/wp-json\/wp\/v2\/comments?post=744570"}],"version-history":[{"count":0,"href":"https:\/\/stoic-curie.212-227-153-4.plesk.page\/hr\/wp-json\/wp\/v2\/product\/744570\/revisions"}],"wp:featuredmedia":[{"embeddable":true,"href":"https:\/\/stoic-curie.212-227-153-4.plesk.page\/hr\/wp-json\/wp\/v2\/media\/5946683"}],"wp:attachment":[{"href":"https:\/\/stoic-curie.212-227-153-4.plesk.page\/hr\/wp-json\/wp\/v2\/media?parent=744570"}],"wp:term":[{"taxonomy":"product_brand","embeddable":true,"href":"https:\/\/stoic-curie.212-227-153-4.plesk.page\/hr\/wp-json\/wp\/v2\/product_brand?post=744570"},{"taxonomy":"product_cat","embeddable":true,"href":"https:\/\/stoic-curie.212-227-153-4.plesk.page\/hr\/wp-json\/wp\/v2\/product_cat?post=744570"},{"taxonomy":"product_tag","embeddable":true,"href":"https:\/\/stoic-curie.212-227-153-4.plesk.page\/hr\/wp-json\/wp\/v2\/product_tag?post=744570"}],"curies":[{"name":"wp","href":"https:\/\/api.w.org\/{rel}","templated":true}]}}