{"id":744571,"date":"2025-03-03T19:41:16","date_gmt":"2025-03-03T18:41:16","guid":{"rendered":"https:\/\/stoic-curie.212-227-153-4.plesk.page\/producto\/jedrilicarske-hlace-helly-hansen-skagen-offshore-grey-velicina-xl\/"},"modified":"2026-02-25T00:01:15","modified_gmt":"2026-02-25T00:01:15","slug":"jedrilicarske-hlace-helly-hansen-skagen-offshore-grey-velicina-xl","status":"publish","type":"product","link":"https:\/\/stoic-curie.212-227-153-4.plesk.page\/hr\/product\/jedrilicarske-hlace-helly-hansen-skagen-offshore-grey-velicina-xl\/","title":{"rendered":"Jedrilicarske hlace Helly Hansen Skagen Offshore Grey, velicina : XL"},"content":{"rendered":"<p>Jedrilicarske hlace Helly Hansen Skagen Offshore Grey, velicina : XL &#8211; <\/p>\n<p>Helly Hansen Skagen Offshore kombinezoni su idealni za navigaciju na otvorenom i uz obalu, pru\u017eaju\u0107i potpunu za\u0161titu od vjetra i valova. Izra\u0111eni su od dvoslojnog materijala obra\u0111enog vodoodbojnim tretmanom Durable Water Repellency (DWR), koji je vodootporan, vjetrootporan i prozra\u010dan zahvaljuju\u0107i HellyTech\u00ae Performance platnu. Sa potpuno zape\u010da\u0107enim \u0161avovima, brzosu\u0161e\u0107om unutra\u0161njom mre\u017eom, oja\u010danjima na sjedi\u0161tu i koljenima, visokim le\u0111ima za dodatnu za\u0161titu, dvosmjernim prednjim zatvara\u010dem, podesivim naramenicama i strukom, desnom cargo d\u017eepom s vodoodbojnim zatvara\u010dem, lijevim cargo d\u017eepom, podesivim otvaranjima nogavica, te artikuliranim oblikom za sjedi\u0161te i koljena.<\/p>\n","protected":false},"excerpt":{"rendered":"<p>Jedrilicarske hlace Helly Hansen Skagen Offshore Grey, velicina : XL &#8211; Helly Hansen Skagen Offshore kombinezoni su idealni za navigaciju<\/p>\n","protected":false},"featured_media":5946683,"comment_status":"open","ping_status":"closed","template":"","meta":[],"product_brand":[3001],"product_cat":[1857],"product_tag":[],"class_list":{"0":"post-744571","1":"product","2":"type-product","3":"status-publish","4":"has-post-thumbnail","6":"product_brand-helly-hansen-hr","7":"product_cat-jedrilicarska-odjeca-helly-hansen","9":"first","10":"instock","11":"shipping-taxable","12":"purchasable","13":"product-type-simple"},"_links":{"self":[{"href":"https:\/\/stoic-curie.212-227-153-4.plesk.page\/hr\/wp-json\/wp\/v2\/product\/744571","targetHints":{"allow":["GET"]}}],"collection":[{"href":"https:\/\/stoic-curie.212-227-153-4.plesk.page\/hr\/wp-json\/wp\/v2\/product"}],"about":[{"href":"https:\/\/stoic-curie.212-227-153-4.plesk.page\/hr\/wp-json\/wp\/v2\/types\/product"}],"replies":[{"embeddable":true,"href":"https:\/\/stoic-curie.212-227-153-4.plesk.page\/hr\/wp-json\/wp\/v2\/comments?post=744571"}],"version-history":[{"count":0,"href":"https:\/\/stoic-curie.212-227-153-4.plesk.page\/hr\/wp-json\/wp\/v2\/product\/744571\/revisions"}],"wp:featuredmedia":[{"embeddable":true,"href":"https:\/\/stoic-curie.212-227-153-4.plesk.page\/hr\/wp-json\/wp\/v2\/media\/5946683"}],"wp:attachment":[{"href":"https:\/\/stoic-curie.212-227-153-4.plesk.page\/hr\/wp-json\/wp\/v2\/media?parent=744571"}],"wp:term":[{"taxonomy":"product_brand","embeddable":true,"href":"https:\/\/stoic-curie.212-227-153-4.plesk.page\/hr\/wp-json\/wp\/v2\/product_brand?post=744571"},{"taxonomy":"product_cat","embeddable":true,"href":"https:\/\/stoic-curie.212-227-153-4.plesk.page\/hr\/wp-json\/wp\/v2\/product_cat?post=744571"},{"taxonomy":"product_tag","embeddable":true,"href":"https:\/\/stoic-curie.212-227-153-4.plesk.page\/hr\/wp-json\/wp\/v2\/product_tag?post=744571"}],"curies":[{"name":"wp","href":"https:\/\/api.w.org\/{rel}","templated":true}]}}