{"id":744572,"date":"2025-03-03T19:41:17","date_gmt":"2025-03-03T18:41:17","guid":{"rendered":"https:\/\/stoic-curie.212-227-153-4.plesk.page\/producto\/jedrilicarske-hlace-helly-hansen-skagen-offshore-grey-velicina-xxl\/"},"modified":"2026-02-25T00:01:15","modified_gmt":"2026-02-25T00:01:15","slug":"jedrilicarske-hlace-helly-hansen-skagen-offshore-grey-velicina-xxl","status":"publish","type":"product","link":"https:\/\/stoic-curie.212-227-153-4.plesk.page\/hr\/product\/jedrilicarske-hlace-helly-hansen-skagen-offshore-grey-velicina-xxl\/","title":{"rendered":"Jedrilicarske hlace Helly Hansen Skagen Offshore Grey, velicina : XXL"},"content":{"rendered":"<p>Jedrilicarske hlace Helly Hansen Skagen Offshore Grey, velicina : XXL &#8211; <\/p>\n<p>Helly Hansen Skagen Offshore kombinezoni za navigaciju na otvorenom moru i obali pru\u017eaju totalnu za\u0161titu od vjetra i valova. Izra\u0111eni su od 2-slojnog materijala s dugotrajnom vodoodbojnom (DWR) obradom koji je vodootporan, vjetrootporan i prozra\u010dan (HellyTech\u00ae Performance). Imaju potpuno zape\u010datene \u0161avove, brzosu\u0161e\u0107u unutarnju mre\u017eicu, oja\u010danja na sjedi\u0161tu i koljenima, visoki stra\u017enji dio za dodatnu za\u0161titu, dvostruki prednji zip, podesive naramenice i struk, desnu cargo-torbu s vodoodbojnim zipom, lijevu cargo-torbu, podesive otvore za nogavice te ergonomskog sjedi\u0161ta i koljena.<\/p>\n","protected":false},"excerpt":{"rendered":"<p>Jedrilicarske hlace Helly Hansen Skagen Offshore Grey, velicina : XXL &#8211; Helly Hansen Skagen Offshore kombinezoni za navigaciju na otvorenom<\/p>\n","protected":false},"featured_media":5946683,"comment_status":"open","ping_status":"closed","template":"","meta":[],"product_brand":[3001],"product_cat":[1857],"product_tag":[],"class_list":{"0":"post-744572","1":"product","2":"type-product","3":"status-publish","4":"has-post-thumbnail","6":"product_brand-helly-hansen-hr","7":"product_cat-jedrilicarska-odjeca-helly-hansen","9":"first","10":"instock","11":"shipping-taxable","12":"purchasable","13":"product-type-simple"},"_links":{"self":[{"href":"https:\/\/stoic-curie.212-227-153-4.plesk.page\/hr\/wp-json\/wp\/v2\/product\/744572","targetHints":{"allow":["GET"]}}],"collection":[{"href":"https:\/\/stoic-curie.212-227-153-4.plesk.page\/hr\/wp-json\/wp\/v2\/product"}],"about":[{"href":"https:\/\/stoic-curie.212-227-153-4.plesk.page\/hr\/wp-json\/wp\/v2\/types\/product"}],"replies":[{"embeddable":true,"href":"https:\/\/stoic-curie.212-227-153-4.plesk.page\/hr\/wp-json\/wp\/v2\/comments?post=744572"}],"version-history":[{"count":0,"href":"https:\/\/stoic-curie.212-227-153-4.plesk.page\/hr\/wp-json\/wp\/v2\/product\/744572\/revisions"}],"wp:featuredmedia":[{"embeddable":true,"href":"https:\/\/stoic-curie.212-227-153-4.plesk.page\/hr\/wp-json\/wp\/v2\/media\/5946683"}],"wp:attachment":[{"href":"https:\/\/stoic-curie.212-227-153-4.plesk.page\/hr\/wp-json\/wp\/v2\/media?parent=744572"}],"wp:term":[{"taxonomy":"product_brand","embeddable":true,"href":"https:\/\/stoic-curie.212-227-153-4.plesk.page\/hr\/wp-json\/wp\/v2\/product_brand?post=744572"},{"taxonomy":"product_cat","embeddable":true,"href":"https:\/\/stoic-curie.212-227-153-4.plesk.page\/hr\/wp-json\/wp\/v2\/product_cat?post=744572"},{"taxonomy":"product_tag","embeddable":true,"href":"https:\/\/stoic-curie.212-227-153-4.plesk.page\/hr\/wp-json\/wp\/v2\/product_tag?post=744572"}],"curies":[{"name":"wp","href":"https:\/\/api.w.org\/{rel}","templated":true}]}}