{"id":744574,"date":"2025-03-03T19:41:17","date_gmt":"2025-03-03T18:41:17","guid":{"rendered":"https:\/\/stoic-curie.212-227-153-4.plesk.page\/producto\/spremnik-goriva-can-sb-oem-128lt-850-x-650-x-v270mm\/"},"modified":"2026-02-25T00:01:15","modified_gmt":"2026-02-25T00:01:15","slug":"spremnik-goriva-can-sb-oem-128lt-850-x-650-x-v270mm","status":"publish","type":"product","link":"https:\/\/stoic-curie.212-227-153-4.plesk.page\/hr\/product\/spremnik-goriva-can-sb-oem-128lt-850-x-650-x-v270mm\/","title":{"rendered":"Spremnik goriva Can-SB OEM1 128l"},"content":{"rendered":"<p>Spremnik goriva Can-SB OEM1 128l &#8211; <\/p>\n<p>Predstavljamo rezervoar za gorivo Can-SB OEM 1, robustno i pouzdano rje\u0161enje za va\u0161e potrebe skladi\u0161tenja goriva, s velikim kapacitetom od 128 litara. Ovaj pravokutni rezervoar za gorivo ima dimenzije 850 mm u du\u017eini, 650 mm u \u0161irini i visinu od 270 mm, \u0161to ga \u010dini kompaktnim, ali prostranim izborom za razli\u010dite primjene. Izra\u0111en od visokokvalitetnog umre\u017eenog polietilena, ovaj rezervoar je dizajniran da izdr\u017ei rigorozne uvjete morskog okoli\u0161a, jam\u010de\u0107i izdr\u017eljivost i dugovje\u010dnost.<\/p>\n<p>Rezervoar za gorivo Can-SB OEM 1 opremljen je unaprijed oblikovanim spojnicama koje olak\u0161avaju jednostavnu instalaciju za proizvo\u0111a\u010de originalne opreme (OEM), \u010dine\u0107i ga idealnim izborom za one koji ga \u017eele integrirati u postoje\u0107e sustave. Tako\u0111er, ima inspekcijski otvor koji uklju\u010duje ventil od 17\/19 mm, cijev za mjerenje goriva od 12 mm i sigurnosni navojni \u010dep, \u0161to omogu\u0107uje lagan pristup i odr\u017eavanje.<\/p>\n<p>Ovaj svestrani rezervoar mo\u017ee prihvatiti ulaze promjera 38, 50 ili 60 mm, pru\u017eaju\u0107i fleksibilnost za razli\u010dite potrebe prijenosa goriva. Ima RINA CE-ISO21487 certifikat, jam\u010de\u0107i sukladnost s industrijskim standardima. Izra\u0111en od polietilena visoke gusto\u0107e, ovaj rezervoar nije samo prikladan za skladi\u0161tenje goriva, ve\u0107 i za kiseline, \u010dine\u0107i ga svestranom dodatkom va\u0161em asortimanu opreme. Standardni inspekcijski otvor dodatno pobolj\u0161ava njegovu funkcionalnost, omogu\u0107uju\u0107i lako pra\u0107enje sadr\u017eaja.<\/p>\n","protected":false},"excerpt":{"rendered":"<p>Spremnik goriva Can-SB OEM1 128l &#8211; Predstavljamo rezervoar za gorivo Can-SB OEM 1, robustno i pouzdano rje\u0161enje za va\u0161e potrebe<\/p>\n","protected":false},"featured_media":5946685,"comment_status":"open","ping_status":"closed","template":"","meta":[],"product_brand":[2856],"product_cat":[1800],"product_tag":[],"class_list":{"0":"post-744574","1":"product","2":"type-product","3":"status-publish","4":"has-post-thumbnail","6":"product_brand-can-marine-hr","7":"product_cat-spremnici-goriva","9":"first","10":"instock","11":"shipping-taxable","12":"purchasable","13":"product-type-simple"},"_links":{"self":[{"href":"https:\/\/stoic-curie.212-227-153-4.plesk.page\/hr\/wp-json\/wp\/v2\/product\/744574","targetHints":{"allow":["GET"]}}],"collection":[{"href":"https:\/\/stoic-curie.212-227-153-4.plesk.page\/hr\/wp-json\/wp\/v2\/product"}],"about":[{"href":"https:\/\/stoic-curie.212-227-153-4.plesk.page\/hr\/wp-json\/wp\/v2\/types\/product"}],"replies":[{"embeddable":true,"href":"https:\/\/stoic-curie.212-227-153-4.plesk.page\/hr\/wp-json\/wp\/v2\/comments?post=744574"}],"version-history":[{"count":0,"href":"https:\/\/stoic-curie.212-227-153-4.plesk.page\/hr\/wp-json\/wp\/v2\/product\/744574\/revisions"}],"wp:featuredmedia":[{"embeddable":true,"href":"https:\/\/stoic-curie.212-227-153-4.plesk.page\/hr\/wp-json\/wp\/v2\/media\/5946685"}],"wp:attachment":[{"href":"https:\/\/stoic-curie.212-227-153-4.plesk.page\/hr\/wp-json\/wp\/v2\/media?parent=744574"}],"wp:term":[{"taxonomy":"product_brand","embeddable":true,"href":"https:\/\/stoic-curie.212-227-153-4.plesk.page\/hr\/wp-json\/wp\/v2\/product_brand?post=744574"},{"taxonomy":"product_cat","embeddable":true,"href":"https:\/\/stoic-curie.212-227-153-4.plesk.page\/hr\/wp-json\/wp\/v2\/product_cat?post=744574"},{"taxonomy":"product_tag","embeddable":true,"href":"https:\/\/stoic-curie.212-227-153-4.plesk.page\/hr\/wp-json\/wp\/v2\/product_tag?post=744574"}],"curies":[{"name":"wp","href":"https:\/\/api.w.org\/{rel}","templated":true}]}}