{"id":744576,"date":"2025-03-03T19:41:18","date_gmt":"2025-03-03T18:41:18","guid":{"rendered":"https:\/\/stoic-curie.212-227-153-4.plesk.page\/producto\/spremnik-goriva-can-sb-oem-210lt-1240-x-580-x-v350mm\/"},"modified":"2026-02-25T00:01:15","modified_gmt":"2026-02-25T00:01:15","slug":"spremnik-goriva-can-sb-oem-210lt-1240-x-580-x-v350mm","status":"publish","type":"product","link":"https:\/\/stoic-curie.212-227-153-4.plesk.page\/hr\/product\/spremnik-goriva-can-sb-oem-210lt-1240-x-580-x-v350mm\/","title":{"rendered":"Spremnik goriva Can-Sb OEM 210lt 1240 x 580 x V350mm"},"content":{"rendered":"<p>Spremnik goriva Can-Sb OEM 210lt 1240 x 580 x V350mm &#8211; <\/p>\n<p style=\"color: rgb(34, 34, 34); font-family: Arial, Helvetica, sans-serif; font-size: small;\">Na\u0161i spremnici za gorivo od umre\u017eenog polietilena pa\u017eljivo su projektirani s oblikom trupa koji optimizira instalaciju u razli\u010ditim morskim aplikacijama. Ovi spremnici opremljeni su unaprijed oblikovanim vezama, \u0161to ih \u010dini posebno pogodnima za instalacije proizvo\u0111a\u010da originalne opreme (OEM). Svaki spremnik opremljen je inspekcijskim prozorom koji ima ventilaciju od 17\/19 mm, cijev za uranjanje goriva od 12 mm i sigurni navojni kapak. Ovaj promi\u0161ljen dizajn omogu\u0107ava korisnicima da jednostavno prate razinu goriva uz o\u010duvanje strukturne cjelovitosti spremnika. Osim toga, na\u0161i spremnici mogu primiti veli\u010dine ulaza od 38\/50\/60 mm, zadovoljavaju\u0107i \u0161irok spektar potreba za prijenosom goriva.<\/p>\n<p style=\"color: rgb(34, 34, 34); font-family: Arial, Helvetica, sans-serif; font-size: small;\">Ovi umre\u017eeni polietilenski spremnici posebno su izra\u0111eni za vlasnike plovila koji trebaju prevoziti velike koli\u010dine benzina ili dizela na brodu. Kako bismo pobolj\u0161ali prakti\u010dnost, nudimo ove spremnike u pravokutnim i nepravilnim oblicima, \u0161to omogu\u0107uje optimalno postavljanje na trupu va\u0161eg plovila. Ova fleksibilnost dizajna dodatno je potpomognuta ventilacijskim mogu\u0107nostima i pripremama za spajanje od 38 mm i 50 mm, osiguravaju\u0107i jednostavan i u\u010dinkovit proces instalacije.<\/p>\n<p style=\"color: rgb(34, 34, 34); font-family: Arial, Helvetica, sans-serif; font-size: small;\">Neki modeli na\u0161ih spremnika za gorivo uklju\u010duju kromirani mesingani plovak, \u0161to pobolj\u0161ava izdr\u017eljivost i omogu\u0107ava potencijalnu instalaciju dodatnog plovka ako je potrebno. Za one koji koriste benzin, nudimo spremnike opremljene kapacitivnim indikatorom razine, \u0161to olak\u0161ava precizno pra\u0107enje razine goriva. Va\u017eno je napomenuti da svi na\u0161i plovila spremnici za gorivo posjeduju RINA i CE odobrenja, osiguravaju\u0107i uskla\u0111enost sa strogim standardima sigurnosti i kvalitete te pru\u017eaju\u0107i na\u0161im kupcima miran san.<\/p>\n<p style=\"color: rgb(34, 34, 34); font-family: Arial, Helvetica, sans-serif; font-size: small;\">Spremnici za gorivo dostupni na na\u0161oj web stranici spadaju me\u0111u najkvalitetnije plasti\u010dne spremnike za gorivo trenutno dostupne na tr\u017ei\u0161tu. Za razliku od konvencionalnih metalnih spremnika, na\u0161e polietilenske alternative su prirodno otporne na koroziju, \u0161to je zna\u010dajna prednost u morskom okru\u017eenju gdje je izlo\u017eenost slanoj vodi i drugim korozivnim elementima uobi\u010dajena. \u0160tovi\u0161e, na\u0161i spremnici su otprilike 30% lak\u0161i od metalnih spremnika sli\u010dne veli\u010dine, \u0161to doprinosi pobolj\u0161anoj u\u010dinkovitosti potro\u0161nje goriva i ukupnim performansama plovila.<\/p>\n<p style=\"color: rgb(34, 34, 34); font-family: Arial, Helvetica, sans-serif; font-size: small;\">Izra\u0111eni od umre\u017eenog polietilena, ovi spremnici pokazuju potpunu otpornost na benzin i dizel, osiguravaju\u0107i da se ne\u0107e razgraditi niti ugroziti kvalitetu goriva koje sadr\u017ee. Svaki spremnik prolazi rigorozne procese ispitivanja i certifikacije kako bi se osigurala pouzdanost i u\u010dinkovitost, omogu\u0107uju\u0107i vam ulaganje u proizvod koji \u0107e vam u\u010dinkovito slu\u017eiti dugi niz godina. Na\u0161a neodustaju\u0107a predanost kvaliteti i zadovoljstvu kupaca poti\u010de nas da pru\u017eimo vlasnicima plovila najbolju opremu i dodatke dostupne na tr\u017ei\u0161tu.<\/p>\n","protected":false},"excerpt":{"rendered":"<p>Spremnik goriva Can-Sb OEM 210lt 1240 x 580 x V350mm &#8211; Na\u0161i spremnici za gorivo od umre\u017eenog polietilena pa\u017eljivo su<\/p>\n","protected":false},"featured_media":5946579,"comment_status":"open","ping_status":"closed","template":"","meta":[],"product_brand":[2856],"product_cat":[1800],"product_tag":[],"class_list":{"0":"post-744576","1":"product","2":"type-product","3":"status-publish","4":"has-post-thumbnail","6":"product_brand-can-marine-hr","7":"product_cat-spremnici-goriva","9":"first","10":"instock","11":"shipping-taxable","12":"purchasable","13":"product-type-simple"},"_links":{"self":[{"href":"https:\/\/stoic-curie.212-227-153-4.plesk.page\/hr\/wp-json\/wp\/v2\/product\/744576","targetHints":{"allow":["GET"]}}],"collection":[{"href":"https:\/\/stoic-curie.212-227-153-4.plesk.page\/hr\/wp-json\/wp\/v2\/product"}],"about":[{"href":"https:\/\/stoic-curie.212-227-153-4.plesk.page\/hr\/wp-json\/wp\/v2\/types\/product"}],"replies":[{"embeddable":true,"href":"https:\/\/stoic-curie.212-227-153-4.plesk.page\/hr\/wp-json\/wp\/v2\/comments?post=744576"}],"version-history":[{"count":0,"href":"https:\/\/stoic-curie.212-227-153-4.plesk.page\/hr\/wp-json\/wp\/v2\/product\/744576\/revisions"}],"wp:featuredmedia":[{"embeddable":true,"href":"https:\/\/stoic-curie.212-227-153-4.plesk.page\/hr\/wp-json\/wp\/v2\/media\/5946579"}],"wp:attachment":[{"href":"https:\/\/stoic-curie.212-227-153-4.plesk.page\/hr\/wp-json\/wp\/v2\/media?parent=744576"}],"wp:term":[{"taxonomy":"product_brand","embeddable":true,"href":"https:\/\/stoic-curie.212-227-153-4.plesk.page\/hr\/wp-json\/wp\/v2\/product_brand?post=744576"},{"taxonomy":"product_cat","embeddable":true,"href":"https:\/\/stoic-curie.212-227-153-4.plesk.page\/hr\/wp-json\/wp\/v2\/product_cat?post=744576"},{"taxonomy":"product_tag","embeddable":true,"href":"https:\/\/stoic-curie.212-227-153-4.plesk.page\/hr\/wp-json\/wp\/v2\/product_tag?post=744576"}],"curies":[{"name":"wp","href":"https:\/\/api.w.org\/{rel}","templated":true}]}}