{"id":744577,"date":"2025-03-03T19:41:18","date_gmt":"2025-03-03T18:41:18","guid":{"rendered":"https:\/\/stoic-curie.212-227-153-4.plesk.page\/producto\/spremnik-za-gorivo-can-sb-oem-347lt-1450-x-800-x-v320mm\/"},"modified":"2026-02-25T00:01:15","modified_gmt":"2026-02-25T00:01:15","slug":"spremnik-za-gorivo-can-sb-oem-347lt-1450-x-800-x-v320mm","status":"publish","type":"product","link":"https:\/\/stoic-curie.212-227-153-4.plesk.page\/hr\/product\/spremnik-za-gorivo-can-sb-oem-347lt-1450-x-800-x-v320mm\/","title":{"rendered":"Spremnik za gorivo Can-Sb OEM 347lt 1450 x 800 x V320mm"},"content":{"rendered":"<p>Spremnik za gorivo Can-Sb OEM 347lt 1450 x 800 x V320mm &#8211; <\/p>\n<p>Na\u0161i rezervoari za gorivo od umre\u017eenog polietilena pa\u017eljivo su dizajnirani s oblikom donjeg trupa koji optimalno podr\u017eava ugradnju u razne pomorske primjene. Ovi rezervoari opremljeni su prethodno oblikovanim spojnicama, \u0161to ih \u010dini posebno pogodnim za instalacije proizvo\u0111a\u010da originalne opreme (OEM). Svaki rezervoar ima pregledni otvor sa ventilacijom od 17\/19 mm, cijev za ulaz goriva promjera 12 mm i sigurnu navojnu kapu. Ovaj dizajn omogu\u0107uje korisnicima jednostavno pra\u0107enje razine goriva i odr\u017eavanje cjelovitosti rezervoara. Osim toga, na\u0161i rezervoari mogu primiti ulaze veli\u010dine 38\/50\/60 mm, \u0161to zadovoljava \u0161irok spektar zahtjeva za prijenos goriva.<\/p>\n<p>Ovi rezervoari od umre\u017eenog polietilena posebno su dizajnirani za vlasnike \u010damaca koji trebaju transportirati zna\u010dajne koli\u010dine benzina ili dizela na svom plovilu. Kako bismo pobolj\u0161ali upotrebljivost, ove rezervoare nudimo u pravokutnim i nepravilnim oblicima, \u0161to omogu\u0107ava optimalno postavljanje na trupu va\u0161eg plovila. Ova fleksibilnost u dizajnu dodatno se potkrepljuje opcijama ventilacije i odredbama za spojnice od 38 mm i 50 mm, osiguravaju\u0107i jednostavnu i u\u010dinkovitu instalaciju.<\/p>\n<p>Neki modeli na\u0161ih rezervoara za gorivo opremljeni su plovkom od kromiranog mesinga, \u0161to pobolj\u0161ava izdr\u017eljivost proizvoda i omogu\u0107uje instalaciju dodatnog plovka ako je potrebno. Za one koji koriste benzin, nudimo rezervoare koji dolaze s kapacitivnim mjera\u010dem razine, omogu\u0107uju\u0107i precizno pra\u0107enje razine goriva. Va\u017eno je napomenuti da svi na\u0161i rezervoari za gorivo za \u010damce imaju RINA i CE odobrenja, \u0161to osigurava da ispunjavaju stroge sigurnosne i kvalitete standarde, pru\u017eaju\u0107i mir na\u0161im kupcima.<\/p>\n<p>Rezervoari za gorivo prikazani na na\u0161oj web stranici me\u0111u su najkvalitetnijim plasti\u010dnim rezervoarima za gorivo dostupnim na tr\u017ei\u0161tu danas. Za razliku od tradicionalnih metalnih rezervoara, na\u0161e opcije od polietilena otporne su na koroziju, \u0161to je zna\u010dajna prednost u morskom okru\u017eenju gdje je izlo\u017eenost slanoj vodi i drugim korozivnim elementima \u010desta. Osim toga, na\u0161i rezervoari su otprilike 30% lak\u0161i od metalnih rezervoara jednake veli\u010dine, \u0161to mo\u017ee doprinijeti pobolj\u0161anju u\u010dinkovitosti goriva i ukupnoj u\u010dinkovitosti va\u0161eg plovila.<\/p>\n<p>Izra\u0111eni od umre\u017eenog polietilena, ovi rezervoari su potpuno otporni na benzin i dizel, osiguravaju\u0107i da se ne degradiraju niti ugro\u017eavaju kvalitetu pohranjenog goriva. Svaki rezervoar prolazi stroge pojedina\u010dne testove i procese certifikacije kako bi se osigurala pouzdanost i performanse, tako da mo\u017eete biti sigurni da ula\u017eete u proizvod koji \u0107e vam dobro slu\u017eiti dugi niz godina. Na\u0161a predanost kvaliteti i zadovoljstvu kupaca ostaje jaka, a predani smo pru\u017eanju vlasnicima \u010damaca najboljih ure\u0111aja i dodataka koji su dostupni.<\/p>\n","protected":false},"excerpt":{"rendered":"<p>Spremnik za gorivo Can-Sb OEM 347lt 1450 x 800 x V320mm &#8211; Na\u0161i rezervoari za gorivo od umre\u017eenog polietilena pa\u017eljivo<\/p>\n","protected":false},"featured_media":5946579,"comment_status":"open","ping_status":"closed","template":"","meta":[],"product_brand":[2856],"product_cat":[1800],"product_tag":[],"class_list":{"0":"post-744577","1":"product","2":"type-product","3":"status-publish","4":"has-post-thumbnail","6":"product_brand-can-marine-hr","7":"product_cat-spremnici-goriva","9":"first","10":"instock","11":"shipping-taxable","12":"purchasable","13":"product-type-simple"},"_links":{"self":[{"href":"https:\/\/stoic-curie.212-227-153-4.plesk.page\/hr\/wp-json\/wp\/v2\/product\/744577","targetHints":{"allow":["GET"]}}],"collection":[{"href":"https:\/\/stoic-curie.212-227-153-4.plesk.page\/hr\/wp-json\/wp\/v2\/product"}],"about":[{"href":"https:\/\/stoic-curie.212-227-153-4.plesk.page\/hr\/wp-json\/wp\/v2\/types\/product"}],"replies":[{"embeddable":true,"href":"https:\/\/stoic-curie.212-227-153-4.plesk.page\/hr\/wp-json\/wp\/v2\/comments?post=744577"}],"version-history":[{"count":0,"href":"https:\/\/stoic-curie.212-227-153-4.plesk.page\/hr\/wp-json\/wp\/v2\/product\/744577\/revisions"}],"wp:featuredmedia":[{"embeddable":true,"href":"https:\/\/stoic-curie.212-227-153-4.plesk.page\/hr\/wp-json\/wp\/v2\/media\/5946579"}],"wp:attachment":[{"href":"https:\/\/stoic-curie.212-227-153-4.plesk.page\/hr\/wp-json\/wp\/v2\/media?parent=744577"}],"wp:term":[{"taxonomy":"product_brand","embeddable":true,"href":"https:\/\/stoic-curie.212-227-153-4.plesk.page\/hr\/wp-json\/wp\/v2\/product_brand?post=744577"},{"taxonomy":"product_cat","embeddable":true,"href":"https:\/\/stoic-curie.212-227-153-4.plesk.page\/hr\/wp-json\/wp\/v2\/product_cat?post=744577"},{"taxonomy":"product_tag","embeddable":true,"href":"https:\/\/stoic-curie.212-227-153-4.plesk.page\/hr\/wp-json\/wp\/v2\/product_tag?post=744577"}],"curies":[{"name":"wp","href":"https:\/\/api.w.org\/{rel}","templated":true}]}}