{"id":744578,"date":"2025-03-03T19:41:19","date_gmt":"2025-03-03T18:41:19","guid":{"rendered":"https:\/\/stoic-curie.212-227-153-4.plesk.page\/producto\/amortizeri-sidermarine-mpp-k-do-150-tona\/"},"modified":"2026-02-25T00:01:15","modified_gmt":"2026-02-25T00:01:15","slug":"amortizeri-sidermarine-mpp-k-do-150-tona","status":"publish","type":"product","link":"https:\/\/stoic-curie.212-227-153-4.plesk.page\/hr\/product\/amortizeri-sidermarine-mpp-k-do-150-tona\/","title":{"rendered":"SiderMarine MK65 hibrid za 90 do 150 tona"},"content":{"rendered":"<p>SiderMarine MK65 hibrid za 90 do 150 tona &#8211; <\/p>\n<p style=\"color: rgb(34, 34, 34); font-family: Arial, Helvetica, sans-serif; font-size: small;\">Mooring Spring MK 65<\/p>\n<p style=\"color: rgb(34, 34, 34); font-family: Arial, Helvetica, sans-serif; font-size: small;\">MK65 hibridna sidrena opruga dizajnirana je za brodove te\u017eine izme\u0111u 90 i 150 tona.<\/p>\n<p style=\"color: rgb(34, 34, 34); font-family: Arial, Helvetica, sans-serif; font-size: small;\">Ova opruga sadr\u017ei elastomere koji pobolj\u0161avaju njeno inercijsko optere\u0107enje. Klju\u010dne prednosti uklju\u010duju:<\/p>\n<ul style=\"color: rgb(34, 34, 34); font-family: Arial, Helvetica, sans-serif; font-size: small;\">\n<li>Progresivna damping sila<\/li>\n<li>Tih rad i otpornost na stres<\/li>\n<li>Unutarnji dijelovi izra\u0111eni od 316 nehr\u0111aju\u0107eg \u010delika, bez zavarenih spojeva<\/li>\n<li>Pouzdana izvedba u \u0161irokom temperaturnom rasponu, od -20\u00b0 do +80\u00b0<\/li>\n<\/ul>\n<p style=\"color: rgb(34, 34, 34); font-family: Arial, Helvetica, sans-serif; font-size: small;\">Patentirani MK Hybrid amortizeri koriste cilindri\u010dne elastomere koji sami po sebi pru\u017eaju visoko, neprogresivno inercijsko optere\u0107enje. Me\u0111utim, kada se kombiniraju s oprugom \u2013 bilo da je to jedna sredi\u0161nja jedinica ili \u010detiri na svakom kraju \u2013 zna\u010dajno pobolj\u0161avaju sposobnost sustava da izdr\u017ei velike stresove. Ovaj dizajn omogu\u0107uje progresivno kretanje koje se prilago\u0111ava potrebama broda.<\/p>\n<p style=\"color: rgb(34, 34, 34); font-family: Arial, Helvetica, sans-serif; font-size: small;\">Ove sidrene opruge posebno su dizajnirane za smanjenje napetosti u sidrenim konopcima. One su jedino u\u010dinkovito rje\u0161enje za minimiziranje oscilacija broda dok je usidren, osiguravaju\u0107i sigurnost pravilnim ubla\u017eavanjem napetosti u konopcima. To zna\u010dajno smanjuje sile koje djeluju na oblikovanje krmene strane, stvaraju\u0107i stabilnije i ugodnije okru\u017eenje za korisnike.<\/p>\n<p style=\"color: rgb(34, 34, 34); font-family: Arial, Helvetica, sans-serif; font-size: small;\">Dimenzije: 108 x 474 mm (4.25 x 1.66 in\u010da)<br \/>Te\u017eina: 5.60 kg (12.35 lb)<br \/>Pogodno za brodove te\u017eine od 90 do 150 tona.<\/p>\n","protected":false},"excerpt":{"rendered":"<p>SiderMarine MK65 hibrid za 90 do 150 tona &#8211; Mooring Spring MK 65 MK65 hibridna sidrena opruga dizajnirana je za<\/p>\n","protected":false},"featured_media":5946687,"comment_status":"open","ping_status":"closed","template":"","meta":[],"product_brand":[3386],"product_cat":[1624],"product_tag":[],"class_list":{"0":"post-744578","1":"product","2":"type-product","3":"status-publish","4":"has-post-thumbnail","6":"product_brand-sidermarine-hr","7":"product_cat-amortizeri-za-konope-za-vez","9":"first","10":"instock","11":"shipping-taxable","12":"purchasable","13":"product-type-simple"},"_links":{"self":[{"href":"https:\/\/stoic-curie.212-227-153-4.plesk.page\/hr\/wp-json\/wp\/v2\/product\/744578","targetHints":{"allow":["GET"]}}],"collection":[{"href":"https:\/\/stoic-curie.212-227-153-4.plesk.page\/hr\/wp-json\/wp\/v2\/product"}],"about":[{"href":"https:\/\/stoic-curie.212-227-153-4.plesk.page\/hr\/wp-json\/wp\/v2\/types\/product"}],"replies":[{"embeddable":true,"href":"https:\/\/stoic-curie.212-227-153-4.plesk.page\/hr\/wp-json\/wp\/v2\/comments?post=744578"}],"version-history":[{"count":0,"href":"https:\/\/stoic-curie.212-227-153-4.plesk.page\/hr\/wp-json\/wp\/v2\/product\/744578\/revisions"}],"wp:featuredmedia":[{"embeddable":true,"href":"https:\/\/stoic-curie.212-227-153-4.plesk.page\/hr\/wp-json\/wp\/v2\/media\/5946687"}],"wp:attachment":[{"href":"https:\/\/stoic-curie.212-227-153-4.plesk.page\/hr\/wp-json\/wp\/v2\/media?parent=744578"}],"wp:term":[{"taxonomy":"product_brand","embeddable":true,"href":"https:\/\/stoic-curie.212-227-153-4.plesk.page\/hr\/wp-json\/wp\/v2\/product_brand?post=744578"},{"taxonomy":"product_cat","embeddable":true,"href":"https:\/\/stoic-curie.212-227-153-4.plesk.page\/hr\/wp-json\/wp\/v2\/product_cat?post=744578"},{"taxonomy":"product_tag","embeddable":true,"href":"https:\/\/stoic-curie.212-227-153-4.plesk.page\/hr\/wp-json\/wp\/v2\/product_tag?post=744578"}],"curies":[{"name":"wp","href":"https:\/\/api.w.org\/{rel}","templated":true}]}}