{"id":744579,"date":"2025-03-03T19:41:19","date_gmt":"2025-03-03T18:41:19","guid":{"rendered":"https:\/\/stoic-curie.212-227-153-4.plesk.page\/producto\/amortizeri-sidermarine-mk90-special-flex-od-150-do-900-tona\/"},"modified":"2026-02-25T00:01:15","modified_gmt":"2026-02-25T00:01:15","slug":"amortizeri-sidermarine-mk90-special-flex-od-150-do-900-tona","status":"publish","type":"product","link":"https:\/\/stoic-curie.212-227-153-4.plesk.page\/hr\/product\/amortizeri-sidermarine-mk90-special-flex-od-150-do-900-tona\/","title":{"rendered":"Amortizeri Sidermarine MK90 Flex od 150 do 900 tona"},"content":{"rendered":"<p>Amortizeri Sidermarine MK90 Flex od 150 do 900 tona &#8211; <\/p>\n<p style=\"color: rgb(34, 34, 34); font-family: Arial, Helvetica, sans-serif; font-size: small;\">Sidermarine MK 90 amortizer za privez posebno je dizajniran za vrlo te\u0161ke brodove. Njegov sredi\u0161nji elastomer u\u010dinkovito apsorbira velike optere\u0107enja, \u0161to ga \u010dini idealnim za \u010damce te\u017eine izme\u0111u 150 i 900 tona. Patentirani MK FLEX amortizer za privez sadr\u017ei jedinstveni sredi\u0161nji elastomer u obliku &#8220;BARELA&#8221; koji je osmi\u0161ljen za podno\u0161enje visokih optere\u0107enja. Ovaj model je posebno prikladan za ultra-te\u0161ke brodove, osiguravaju\u0107i pouzdanu izvedbu.<\/p>\n<p style=\"color: rgb(34, 34, 34); font-family: Arial, Helvetica, sans-serif; font-size: small;\">Svi unutarnji dijelovi izra\u0111eni su od nehr\u0111aju\u0107eg \u010delika AISI 316 L, \u0161to osigurava izdr\u017eljivost i snagu. Zanimljivo je da MK 90 Flex ne uklju\u010duje zavarene dijelove, \u010dime se pove\u0107ava njegova pouzdanost.<\/p>\n<p style=\"color: rgb(34, 34, 34); font-family: Arial, Helvetica, sans-serif; font-size: small;\">Klju\u010dne zna\u010dajke uklju\u010duju:<\/p>\n<ul style=\"color: rgb(34, 34, 34); font-family: Arial, Helvetica, sans-serif; font-size: small;\">\n<li>Visokokvalitetni materijali<\/li>\n<li>Tih rad<\/li>\n<li>Izvrsna kapacitet prigu\u0161enja<\/li>\n<li>Izvedba nije pogo\u0111ena niskim temperaturama, funkcioni\u0161e u\u010dinkovito od -20\u00b0 do +80\u00b0<\/li>\n<\/ul>\n<p style=\"color: rgb(34, 34, 34); font-family: Arial, Helvetica, sans-serif; font-size: small;\">Va\u017ena karakteristika koju treba istaknuti je njena jednostavnost; vlasnici lako mogu odr\u017eavati ovaj amortizer.<\/p>\n<p style=\"color: rgb(34, 34, 34); font-family: Arial, Helvetica, sans-serif; font-size: small;\">MK 90 FLEX model posebno je prikladan za plovila te\u0161ka izme\u0111u 300 i 900 tona. Ima sredi\u0161nji elastomer u obliku &#8220;BARELA&#8221; osmi\u0161ljen za upravljanje zna\u010dajnim optere\u0107enjima.<\/p>\n<p style=\"color: rgb(34, 34, 34); font-family: Arial, Helvetica, sans-serif; font-size: small;\">Dodatne zna\u010dajke su:<\/p>\n<ul style=\"color: rgb(34, 34, 34); font-family: Arial, Helvetica, sans-serif; font-size: small;\">\n<li>Progresivna silu prigu\u0161enja koja pobolj\u0161ava ukupne performanse<\/li>\n<li>Tih rad i otpornost na stres<\/li>\n<li>Unutarnji dijelovi izra\u0111eni od 316 nehr\u0111aju\u0107eg \u010delika, osiguravaju\u0107i dugotrajnu izdr\u017eljivost bez zavarenih spojeva<\/li>\n<li>Dosljedne performanse kroz \u0161irok temperaturni raspon, od -20\u00b0 do +80\u00b0<\/li>\n<\/ul>\n<p style=\"color: rgb(34, 34, 34); font-family: Arial, Helvetica, sans-serif; font-size: small;\">Ovaj amortizer za privez kombinira snagu i pouzdanost, \u010dine\u0107i ga izvrsnim izborom za te\u0161ke morskim aplikacijama.<\/p>\n<p style=\"color: rgb(34, 34, 34); font-family: Arial, Helvetica, sans-serif; font-size: small;\">Dimenzije: 120 x 525 mm (4.72 x 20.67 in\u010da)<br \/>Te\u017eina: 5.80 kg (12.79 lbs)<br \/>Prikladno za \u010damce te\u017eine od 300 do 900 tona.<\/p>\n","protected":false},"excerpt":{"rendered":"<p>Amortizeri Sidermarine MK90 Flex od 150 do 900 tona &#8211; Sidermarine MK 90 amortizer za privez posebno je dizajniran za<\/p>\n","protected":false},"featured_media":5946689,"comment_status":"open","ping_status":"closed","template":"","meta":[],"product_brand":[3386],"product_cat":[1624],"product_tag":[],"class_list":{"0":"post-744579","1":"product","2":"type-product","3":"status-publish","4":"has-post-thumbnail","6":"product_brand-sidermarine-hr","7":"product_cat-amortizeri-za-konope-za-vez","9":"first","10":"instock","11":"shipping-taxable","12":"purchasable","13":"product-type-simple"},"_links":{"self":[{"href":"https:\/\/stoic-curie.212-227-153-4.plesk.page\/hr\/wp-json\/wp\/v2\/product\/744579","targetHints":{"allow":["GET"]}}],"collection":[{"href":"https:\/\/stoic-curie.212-227-153-4.plesk.page\/hr\/wp-json\/wp\/v2\/product"}],"about":[{"href":"https:\/\/stoic-curie.212-227-153-4.plesk.page\/hr\/wp-json\/wp\/v2\/types\/product"}],"replies":[{"embeddable":true,"href":"https:\/\/stoic-curie.212-227-153-4.plesk.page\/hr\/wp-json\/wp\/v2\/comments?post=744579"}],"version-history":[{"count":0,"href":"https:\/\/stoic-curie.212-227-153-4.plesk.page\/hr\/wp-json\/wp\/v2\/product\/744579\/revisions"}],"wp:featuredmedia":[{"embeddable":true,"href":"https:\/\/stoic-curie.212-227-153-4.plesk.page\/hr\/wp-json\/wp\/v2\/media\/5946689"}],"wp:attachment":[{"href":"https:\/\/stoic-curie.212-227-153-4.plesk.page\/hr\/wp-json\/wp\/v2\/media?parent=744579"}],"wp:term":[{"taxonomy":"product_brand","embeddable":true,"href":"https:\/\/stoic-curie.212-227-153-4.plesk.page\/hr\/wp-json\/wp\/v2\/product_brand?post=744579"},{"taxonomy":"product_cat","embeddable":true,"href":"https:\/\/stoic-curie.212-227-153-4.plesk.page\/hr\/wp-json\/wp\/v2\/product_cat?post=744579"},{"taxonomy":"product_tag","embeddable":true,"href":"https:\/\/stoic-curie.212-227-153-4.plesk.page\/hr\/wp-json\/wp\/v2\/product_tag?post=744579"}],"curies":[{"name":"wp","href":"https:\/\/api.w.org\/{rel}","templated":true}]}}