{"id":744581,"date":"2025-03-03T19:44:56","date_gmt":"2025-03-03T18:44:56","guid":{"rendered":"https:\/\/stoic-curie.212-227-153-4.plesk.page\/producto\/anemometar-termometar-skywatch-wind\/"},"modified":"2026-02-25T00:01:15","modified_gmt":"2026-02-25T00:01:15","slug":"anemometar-termometar-skywatch-wind","status":"publish","type":"product","link":"https:\/\/stoic-curie.212-227-153-4.plesk.page\/hr\/product\/anemometar-termometar-skywatch-wind\/","title":{"rendered":"Anemometar-termometar Skywatch wind"},"content":{"rendered":"<p>Anemometar-termometar Skywatch wind &#8211; <\/p>\n<p>Kompaktni, jednostavni i u\u010dinkoviti anemometar-thermometar. Mjeri brzinu vjetra i temperaturu zraka, te mo\u017ee pru\u017eiti osje\u0107ajnu temperaturu (hladni vjetar). S ekranom visoke kontrastnosti, plovnim tijelom IP67, u kompletu s remenom, litijskom baterijom i ku\u0107i\u0161tem.<\/p>\n","protected":false},"excerpt":{"rendered":"<p>Anemometar-termometar Skywatch wind &#8211; Kompaktni, jednostavni i u\u010dinkoviti anemometar-thermometar. Mjeri brzinu vjetra i temperaturu zraka, te mo\u017ee pru\u017eiti osje\u0107ajnu temperaturu<\/p>\n","protected":false},"featured_media":5946699,"comment_status":"open","ping_status":"closed","template":"","meta":[],"product_brand":[3406],"product_cat":[1744,1777],"product_tag":[],"class_list":{"0":"post-744581","1":"product","2":"type-product","3":"status-publish","4":"has-post-thumbnail","6":"product_brand-skywatch-hr","7":"product_cat-brodska-elektronika","8":"product_cat-nauticki-instrumenti","10":"first","11":"outofstock","12":"shipping-taxable","13":"purchasable","14":"product-type-simple"},"_links":{"self":[{"href":"https:\/\/stoic-curie.212-227-153-4.plesk.page\/hr\/wp-json\/wp\/v2\/product\/744581","targetHints":{"allow":["GET"]}}],"collection":[{"href":"https:\/\/stoic-curie.212-227-153-4.plesk.page\/hr\/wp-json\/wp\/v2\/product"}],"about":[{"href":"https:\/\/stoic-curie.212-227-153-4.plesk.page\/hr\/wp-json\/wp\/v2\/types\/product"}],"replies":[{"embeddable":true,"href":"https:\/\/stoic-curie.212-227-153-4.plesk.page\/hr\/wp-json\/wp\/v2\/comments?post=744581"}],"version-history":[{"count":0,"href":"https:\/\/stoic-curie.212-227-153-4.plesk.page\/hr\/wp-json\/wp\/v2\/product\/744581\/revisions"}],"wp:featuredmedia":[{"embeddable":true,"href":"https:\/\/stoic-curie.212-227-153-4.plesk.page\/hr\/wp-json\/wp\/v2\/media\/5946699"}],"wp:attachment":[{"href":"https:\/\/stoic-curie.212-227-153-4.plesk.page\/hr\/wp-json\/wp\/v2\/media?parent=744581"}],"wp:term":[{"taxonomy":"product_brand","embeddable":true,"href":"https:\/\/stoic-curie.212-227-153-4.plesk.page\/hr\/wp-json\/wp\/v2\/product_brand?post=744581"},{"taxonomy":"product_cat","embeddable":true,"href":"https:\/\/stoic-curie.212-227-153-4.plesk.page\/hr\/wp-json\/wp\/v2\/product_cat?post=744581"},{"taxonomy":"product_tag","embeddable":true,"href":"https:\/\/stoic-curie.212-227-153-4.plesk.page\/hr\/wp-json\/wp\/v2\/product_tag?post=744581"}],"curies":[{"name":"wp","href":"https:\/\/api.w.org\/{rel}","templated":true}]}}