{"id":744590,"date":"2025-03-03T19:48:27","date_gmt":"2025-03-03T18:48:27","guid":{"rendered":"https:\/\/stoic-curie.212-227-153-4.plesk.page\/producto\/liros-porto-16mm-plava-100mt\/"},"modified":"2026-02-25T00:01:15","modified_gmt":"2026-02-25T00:01:15","slug":"liros-porto-16mm-plava-100mt","status":"publish","type":"product","link":"https:\/\/stoic-curie.212-227-153-4.plesk.page\/hr\/product\/liros-porto-16mm-plava-100mt\/","title":{"rendered":"Liros Porto 16mm Plava 100mt"},"content":{"rendered":"<p>Liros Porto 16mm Plava 100mt &#8211; <\/p>\n<p style=\"color: rgb(34, 34, 34); font-family: Arial, Helvetica, sans-serif; font-size: small;\">S ponosom predstavljamo Liros Porto veznu i sidrenu u\u017ee, proizvod koji se isti\u010de izvanrednom kvalitetom i impresivnom izdr\u017eljivo\u0161\u0107u. Ovo u\u017ee je pa\u017eljivo dizajnirano kako bi efikasno otporno na tro\u0161enje, olak\u0161avaju\u0107i rukovanje i spajanje. Njegova kompaktna struktura osigurava visoku \u010dvrsto\u0107u uz zadr\u017eavanje fleksibilnosti tokom vremena.<\/p>\n<p style=\"color: rgb(34, 34, 34); font-family: Arial, Helvetica, sans-serif; font-size: small;\"><strong>Klju\u010dne karakteristike:<\/strong><\/p>\n<ul style=\"color: rgb(34, 34, 34); font-family: Arial, Helvetica, sans-serif; font-size: small;\">\n<li><strong>Osnova<\/strong>: \u010cvrsta pletena poliester<\/li>\n<li><strong>Prevleka<\/strong>: UV-otporni visoko uvrnuti poliester<\/li>\n<li><strong>Radna elasti\u010dnost<\/strong>: Manje od 15%<\/li>\n<li><strong>Ne-plutaju\u0107e<\/strong>: Posebno napravljeno za lako rukovanje kao 100% poliester vezno ili sidreno u\u017ee<\/li>\n<\/ul>\n<p style=\"color: rgb(34, 34, 34); font-family: Arial, Helvetica, sans-serif; font-size: small;\">Ovo u\u017ee nudi izvanrednu \u010dvrsto\u0107u i otpornost na abraziju, zadr\u017eavaju\u0107i fleksibilnost tokom cijelog \u017eivotnog veka. Njegov jedinstveni twist dizajn omogu\u0107ava zna\u010dajnu elasti\u010dnost, \u010dine\u0107i ga pouzdanim za razne primene.<\/p>\n<p style=\"color: rgb(34, 34, 34); font-family: Arial, Helvetica, sans-serif; font-size: small;\"><strong>Specifikacije:<\/strong><\/p>\n<ul style=\"color: rgb(34, 34, 34); font-family: Arial, Helvetica, sans-serif; font-size: small;\">\n<li><strong>Izgradnja<\/strong>: 20-pletna<\/li>\n<li><strong>Osnova<\/strong>: \u010cvrsta poliester pletenica<\/li>\n<\/ul>\n<p style=\"color: rgb(34, 34, 34); font-family: Arial, Helvetica, sans-serif; font-size: small;\"><strong>Dodatne prednosti:<\/strong><\/p>\n<ul style=\"color: rgb(34, 34, 34); font-family: Arial, Helvetica, sans-serif; font-size: small;\">\n<li>Radna elasti\u010dnost preko 15%<\/li>\n<li>Vrlo lako za spajanje<\/li>\n<li>Odli\u010dna UV otpornost<\/li>\n<li>Izvrsna \u010dvrsto\u0107a i otpornost na abraziju<\/li>\n<\/ul>\n","protected":false},"excerpt":{"rendered":"<p>Liros Porto 16mm Plava 100mt &#8211; S ponosom predstavljamo Liros Porto veznu i sidrenu u\u017ee, proizvod koji se isti\u010de izvanrednom<\/p>\n","protected":false},"featured_media":5946703,"comment_status":"open","ping_status":"closed","template":"","meta":[],"product_brand":[3066],"product_cat":[1622],"product_tag":[],"class_list":{"0":"post-744590","1":"product","2":"type-product","3":"status-publish","4":"has-post-thumbnail","6":"product_brand-liros-hr","7":"product_cat-konopi-za-pristajanje-i-privez","9":"first","10":"instock","11":"shipping-taxable","12":"purchasable","13":"product-type-simple"},"_links":{"self":[{"href":"https:\/\/stoic-curie.212-227-153-4.plesk.page\/hr\/wp-json\/wp\/v2\/product\/744590","targetHints":{"allow":["GET"]}}],"collection":[{"href":"https:\/\/stoic-curie.212-227-153-4.plesk.page\/hr\/wp-json\/wp\/v2\/product"}],"about":[{"href":"https:\/\/stoic-curie.212-227-153-4.plesk.page\/hr\/wp-json\/wp\/v2\/types\/product"}],"replies":[{"embeddable":true,"href":"https:\/\/stoic-curie.212-227-153-4.plesk.page\/hr\/wp-json\/wp\/v2\/comments?post=744590"}],"version-history":[{"count":0,"href":"https:\/\/stoic-curie.212-227-153-4.plesk.page\/hr\/wp-json\/wp\/v2\/product\/744590\/revisions"}],"wp:featuredmedia":[{"embeddable":true,"href":"https:\/\/stoic-curie.212-227-153-4.plesk.page\/hr\/wp-json\/wp\/v2\/media\/5946703"}],"wp:attachment":[{"href":"https:\/\/stoic-curie.212-227-153-4.plesk.page\/hr\/wp-json\/wp\/v2\/media?parent=744590"}],"wp:term":[{"taxonomy":"product_brand","embeddable":true,"href":"https:\/\/stoic-curie.212-227-153-4.plesk.page\/hr\/wp-json\/wp\/v2\/product_brand?post=744590"},{"taxonomy":"product_cat","embeddable":true,"href":"https:\/\/stoic-curie.212-227-153-4.plesk.page\/hr\/wp-json\/wp\/v2\/product_cat?post=744590"},{"taxonomy":"product_tag","embeddable":true,"href":"https:\/\/stoic-curie.212-227-153-4.plesk.page\/hr\/wp-json\/wp\/v2\/product_tag?post=744590"}],"curies":[{"name":"wp","href":"https:\/\/api.w.org\/{rel}","templated":true}]}}