{"id":744591,"date":"2025-03-03T19:48:28","date_gmt":"2025-03-03T18:48:28","guid":{"rendered":"https:\/\/stoic-curie.212-227-153-4.plesk.page\/producto\/liros-porto-18mm-plava-100mt\/"},"modified":"2026-02-25T00:01:15","modified_gmt":"2026-02-25T00:01:15","slug":"liros-porto-18mm-plava-100mt","status":"publish","type":"product","link":"https:\/\/stoic-curie.212-227-153-4.plesk.page\/hr\/product\/liros-porto-18mm-plava-100mt\/","title":{"rendered":"Liros Porto 18mm Plava 100mt"},"content":{"rendered":"<p>Liros Porto 18mm Plava 100mt &#8211; <\/p>\n<p style=\"color: rgb(34, 34, 34); font-family: Arial, Helvetica, sans-serif; font-size: small;\">S ponosom predstavljamo Liros Porto sidrenu i pristani\u0161nu u\u017ee, proizvod koji predstavlja izvanrednu kvalitetu i nevjerojatnu izdr\u017eljivost. Ovo u\u017ee je pomno projektirano kako bi u\u010dinkovito odolevalo habanju, osiguravaju\u0107i jednostavnost rukovanja i lako\u0107u spajanja. Njegov kompaktni dizajn jam\u010di visoku \u010dvrsto\u0107u uz o\u010duvanje fleksibilnosti tijekom vremena.<\/p>\n<p style=\"color: rgb(34, 34, 34); font-family: Arial, Helvetica, sans-serif; font-size: small;\"><strong>Klju\u010dne zna\u010dajke:<\/strong><\/p>\n<ul style=\"color: rgb(34, 34, 34); font-family: Arial, Helvetica, sans-serif; font-size: small;\">\n<li><strong>Jezgra<\/strong>: Poliesterska pletenica visoke \u010dvrsto\u0107e<\/li>\n<li><strong>Obloga<\/strong>: UV-otporna poliesterska vrpca visoke uvijanja<\/li>\n<li><strong>Radna istezanja<\/strong>: Manje od 15%<\/li>\n<li><strong>Neplutaju\u0107e<\/strong>: Posebno dizajnirano za jednostavno rukovanje kao 100% poliesterska sidrena ili pristani\u0161na u\u017ee<\/li>\n<\/ul>\n<p style=\"color: rgb(34, 34, 34); font-family: Arial, Helvetica, sans-serif; font-size: small;\">Ovo u\u017ee pru\u017ea izvanrednu \u010dvrsto\u0107u i otpornost na habanje, zadr\u017eavaju\u0107i svoju fleksibilnost tijekom kori\u0161tenja. Njegov jedinstveni spiralni dizajn omogu\u0107ava znatno istezanje, \u010dine\u0107i ga pouzdanim za razne primjene.<\/p>\n<p style=\"color: rgb(34, 34, 34); font-family: Arial, Helvetica, sans-serif; font-size: small;\"><strong>Specifikacije:<\/strong><\/p>\n<ul style=\"color: rgb(34, 34, 34); font-family: Arial, Helvetica, sans-serif; font-size: small;\">\n<li><strong>Izrada<\/strong>: 20-pleteno<\/li>\n<li><strong>Jezgra<\/strong>: Izdr\u017eljiva poliesterska pletenica<\/li>\n<\/ul>\n<p style=\"color: rgb(34, 34, 34); font-family: Arial, Helvetica, sans-serif; font-size: small;\"><strong>Dodatne prednosti:<\/strong><\/p>\n<ul style=\"color: rgb(34, 34, 34); font-family: Arial, Helvetica, sans-serif; font-size: small;\">\n<li>Radno istezanje ve\u0107e od 15%<\/li>\n<li>Izuzetno lako spajanje<\/li>\n<li>Odli\u010dna otpornost na UV o\u0161te\u0107enja<\/li>\n<li>Izvanredna \u010dvrsto\u0107a i otpornost na habanje<\/li>\n<\/ul>\n","protected":false},"excerpt":{"rendered":"<p>Liros Porto 18mm Plava 100mt &#8211; S ponosom predstavljamo Liros Porto sidrenu i pristani\u0161nu u\u017ee, proizvod koji predstavlja izvanrednu kvalitetu<\/p>\n","protected":false},"featured_media":5946703,"comment_status":"open","ping_status":"closed","template":"","meta":[],"product_brand":[3066],"product_cat":[1622],"product_tag":[],"class_list":{"0":"post-744591","1":"product","2":"type-product","3":"status-publish","4":"has-post-thumbnail","6":"product_brand-liros-hr","7":"product_cat-konopi-za-pristajanje-i-privez","9":"first","10":"instock","11":"shipping-taxable","12":"purchasable","13":"product-type-simple"},"_links":{"self":[{"href":"https:\/\/stoic-curie.212-227-153-4.plesk.page\/hr\/wp-json\/wp\/v2\/product\/744591","targetHints":{"allow":["GET"]}}],"collection":[{"href":"https:\/\/stoic-curie.212-227-153-4.plesk.page\/hr\/wp-json\/wp\/v2\/product"}],"about":[{"href":"https:\/\/stoic-curie.212-227-153-4.plesk.page\/hr\/wp-json\/wp\/v2\/types\/product"}],"replies":[{"embeddable":true,"href":"https:\/\/stoic-curie.212-227-153-4.plesk.page\/hr\/wp-json\/wp\/v2\/comments?post=744591"}],"version-history":[{"count":0,"href":"https:\/\/stoic-curie.212-227-153-4.plesk.page\/hr\/wp-json\/wp\/v2\/product\/744591\/revisions"}],"wp:featuredmedia":[{"embeddable":true,"href":"https:\/\/stoic-curie.212-227-153-4.plesk.page\/hr\/wp-json\/wp\/v2\/media\/5946703"}],"wp:attachment":[{"href":"https:\/\/stoic-curie.212-227-153-4.plesk.page\/hr\/wp-json\/wp\/v2\/media?parent=744591"}],"wp:term":[{"taxonomy":"product_brand","embeddable":true,"href":"https:\/\/stoic-curie.212-227-153-4.plesk.page\/hr\/wp-json\/wp\/v2\/product_brand?post=744591"},{"taxonomy":"product_cat","embeddable":true,"href":"https:\/\/stoic-curie.212-227-153-4.plesk.page\/hr\/wp-json\/wp\/v2\/product_cat?post=744591"},{"taxonomy":"product_tag","embeddable":true,"href":"https:\/\/stoic-curie.212-227-153-4.plesk.page\/hr\/wp-json\/wp\/v2\/product_tag?post=744591"}],"curies":[{"name":"wp","href":"https:\/\/api.w.org\/{rel}","templated":true}]}}