{"id":744593,"date":"2025-03-03T19:48:28","date_gmt":"2025-03-03T18:48:28","guid":{"rendered":"https:\/\/stoic-curie.212-227-153-4.plesk.page\/producto\/liros-porto-22mm-plava-100mt\/"},"modified":"2026-02-25T00:01:15","modified_gmt":"2026-02-25T00:01:15","slug":"liros-porto-22mm-plava-100mt","status":"publish","type":"product","link":"https:\/\/stoic-curie.212-227-153-4.plesk.page\/hr\/product\/liros-porto-22mm-plava-100mt\/","title":{"rendered":"Liros Porto 22mm Plava 100mt"},"content":{"rendered":"<p>Liros Porto 22mm Plava 100mt &#8211; <\/p>\n<p style=\"color: rgb(34, 34, 34); font-family: Arial, Helvetica, sans-serif; font-size: small;\">Predstavljamo Liros Porto u\u017ee za vezivanje i sidrenje, koje spaja izvanrednu kvalitetu s iznimnom izdr\u017eljivo\u0161\u0107u. Ovo u\u017ee je dizajnirano da bude vrlo otporno na habanje, lako se rukuje i jednostavno se splicava. Njegova kompaktna struktura osigurava visoku \u010dvrsto\u0107u dok ostaje fleksibilno tijekom vremena.<\/p>\n<p style=\"color: rgb(34, 34, 34); font-family: Arial, Helvetica, sans-serif; font-size: small;\"><strong>Klju\u010dne zna\u010dajke:<\/strong><\/p>\n<ul style=\"color: rgb(34, 34, 34); font-family: Arial, Helvetica, sans-serif; font-size: small;\">\n<li><strong>Jezgra<\/strong>: Pletena poliester visoke otpornosti<\/li>\n<li><strong>Omot<\/strong>: Poliester s visokim uvijanjem koji je otporan na UV zrake<\/li>\n<li><strong>Radna napetost<\/strong>: Manje od 15%<\/li>\n<li><strong>Neplutaju\u0107e<\/strong>: Izra\u0111eno za lak\u0161e rukovanje kao u\u017eetom za vezivanje ili sidrenje od 100% poliestera<\/li>\n<\/ul>\n<p style=\"color: rgb(34, 34, 34); font-family: Arial, Helvetica, sans-serif; font-size: small;\">Ovo u\u017ee se mo\u017ee pohvaliti izvanrednom snagom i otporno\u0161\u0107u na habanje, zadr\u017eavaju\u0107i svoju fleksibilnost tijekom upotrebe. Njegov jedinstveni dizajn uvijanja pru\u017ea zna\u010dajnu napetost, \u010dine\u0107i ga pouzdanim za razne upotrebe.<\/p>\n<p style=\"color: rgb(34, 34, 34); font-family: Arial, Helvetica, sans-serif; font-size: small;\"><strong>Specifikacije:<\/strong><\/p>\n<ul style=\"color: rgb(34, 34, 34); font-family: Arial, Helvetica, sans-serif; font-size: small;\">\n<li><strong>Izrada<\/strong>: 20-pletno<\/li>\n<li><strong>Jezgra<\/strong>: Jaka pletenica od poliestera<\/li>\n<\/ul>\n<p style=\"color: rgb(34, 34, 34); font-family: Arial, Helvetica, sans-serif; font-size: small;\"><strong>Dodatne prednosti:<\/strong><\/p>\n<ul style=\"color: rgb(34, 34, 34); font-family: Arial, Helvetica, sans-serif; font-size: small;\">\n<li>Radna napetost ve\u0107a od 15%<\/li>\n<li>Vrlo jednostavno splicavanje<\/li>\n<li>Visoka stabilnost prema UV zraku<\/li>\n<li>Superiorna snaga i otpornost na habanje<\/li>\n<\/ul>\n","protected":false},"excerpt":{"rendered":"<p>Liros Porto 22mm Plava 100mt &#8211; Predstavljamo Liros Porto u\u017ee za vezivanje i sidrenje, koje spaja izvanrednu kvalitetu s iznimnom<\/p>\n","protected":false},"featured_media":5946703,"comment_status":"open","ping_status":"closed","template":"","meta":[],"product_brand":[3066],"product_cat":[1622],"product_tag":[],"class_list":{"0":"post-744593","1":"product","2":"type-product","3":"status-publish","4":"has-post-thumbnail","6":"product_brand-liros-hr","7":"product_cat-konopi-za-pristajanje-i-privez","9":"first","10":"instock","11":"shipping-taxable","12":"purchasable","13":"product-type-simple"},"_links":{"self":[{"href":"https:\/\/stoic-curie.212-227-153-4.plesk.page\/hr\/wp-json\/wp\/v2\/product\/744593","targetHints":{"allow":["GET"]}}],"collection":[{"href":"https:\/\/stoic-curie.212-227-153-4.plesk.page\/hr\/wp-json\/wp\/v2\/product"}],"about":[{"href":"https:\/\/stoic-curie.212-227-153-4.plesk.page\/hr\/wp-json\/wp\/v2\/types\/product"}],"replies":[{"embeddable":true,"href":"https:\/\/stoic-curie.212-227-153-4.plesk.page\/hr\/wp-json\/wp\/v2\/comments?post=744593"}],"version-history":[{"count":0,"href":"https:\/\/stoic-curie.212-227-153-4.plesk.page\/hr\/wp-json\/wp\/v2\/product\/744593\/revisions"}],"wp:featuredmedia":[{"embeddable":true,"href":"https:\/\/stoic-curie.212-227-153-4.plesk.page\/hr\/wp-json\/wp\/v2\/media\/5946703"}],"wp:attachment":[{"href":"https:\/\/stoic-curie.212-227-153-4.plesk.page\/hr\/wp-json\/wp\/v2\/media?parent=744593"}],"wp:term":[{"taxonomy":"product_brand","embeddable":true,"href":"https:\/\/stoic-curie.212-227-153-4.plesk.page\/hr\/wp-json\/wp\/v2\/product_brand?post=744593"},{"taxonomy":"product_cat","embeddable":true,"href":"https:\/\/stoic-curie.212-227-153-4.plesk.page\/hr\/wp-json\/wp\/v2\/product_cat?post=744593"},{"taxonomy":"product_tag","embeddable":true,"href":"https:\/\/stoic-curie.212-227-153-4.plesk.page\/hr\/wp-json\/wp\/v2\/product_tag?post=744593"}],"curies":[{"name":"wp","href":"https:\/\/api.w.org\/{rel}","templated":true}]}}