{"id":744598,"date":"2025-03-03T19:52:00","date_gmt":"2025-03-03T18:52:00","guid":{"rendered":"https:\/\/stoic-curie.212-227-153-4.plesk.page\/producto\/liros-porto-16mm-crno-100mt\/"},"modified":"2026-02-25T00:01:15","modified_gmt":"2026-02-25T00:01:15","slug":"liros-porto-16mm-crno-100mt","status":"publish","type":"product","link":"https:\/\/stoic-curie.212-227-153-4.plesk.page\/hr\/product\/liros-porto-16mm-crno-100mt\/","title":{"rendered":"Liros Porto 16mm Crno 100mt"},"content":{"rendered":"<p>Liros Porto 16mm Crno 100mt &#8211; <\/p>\n<p style=\"color: rgb(34, 34, 34); font-family: Arial, Helvetica, sans-serif; font-size: small;\">Sa zadovoljstvom predstavljamo Liros Porto veznu i sidrenu u\u017ee, proizvod koji oslikava izvanrednu kvalitetu i impresivnu izdr\u017eljivost. Ovo u\u017ee je pa\u017eljivo izra\u0111eno da izdr\u017ei tro\u0161enje, olak\u0161avaju\u0107i rukovanje i spajanje. Njegov kompaktni dizajn jam\u010di visoku \u010dvrsto\u0107u uz o\u010duvanje fleksibilnosti tijekom vremena.<\/p>\n<p style=\"color: rgb(34, 34, 34); font-family: Arial, Helvetica, sans-serif; font-size: small;\"><strong>Klju\u010dne zna\u010dajke:<\/strong><\/p>\n<ul style=\"color: rgb(34, 34, 34); font-family: Arial, Helvetica, sans-serif; font-size: small;\">\n<li><strong>Sr\u017e<\/strong>: Poliester s visokom \u010dvrsto\u0107om, pleten<\/li>\n<li><strong>Kop\u010da<\/strong>: UV-otporan pleteni poliester s velikim uvrtanjem<\/li>\n<li><strong>Radna ekstenzija<\/strong>: Manje od 15%<\/li>\n<li><strong>Neplutaju\u0107i<\/strong>: Specijalno dizajniran za lako rukovanje kao 100% poliester vezna ili sidrena u\u017ee<\/li>\n<\/ul>\n<p style=\"color: rgb(34, 34, 34); font-family: Arial, Helvetica, sans-serif; font-size: small;\">Ovo u\u017ee pru\u017ea izvanrednu \u010dvrsto\u0107u i otpornost na habanje, o\u010duvaju\u0107i svoju fleksibilnost tijekom svog vijeka trajanja. Njegov prepoznatljiv uvrtni dizajn omogu\u0107ava zna\u010dajnu ekstenziju, \u010dine\u0107i ga pouzdanim za razne primjene.<\/p>\n<p style=\"color: rgb(34, 34, 34); font-family: Arial, Helvetica, sans-serif; font-size: small;\"><strong>Specifikacije:<\/strong><\/p>\n<ul style=\"color: rgb(34, 34, 34); font-family: Arial, Helvetica, sans-serif; font-size: small;\">\n<li><strong>Izrada<\/strong>: 20-pletenica<\/li>\n<li><strong>Sr\u017e<\/strong>: Izdr\u017eljiv pleteni poliester<\/li>\n<\/ul>\n<p style=\"color: rgb(34, 34, 34); font-family: Arial, Helvetica, sans-serif; font-size: small;\"><strong>Dodatne prednosti:<\/strong><\/p>\n<ul style=\"color: rgb(34, 34, 34); font-family: Arial, Helvetica, sans-serif; font-size: small;\">\n<li>Radna ekstenzija ve\u0107a od 15%<\/li>\n<li>Vrlo jednostavno za spajanje<\/li>\n<li>Izvrsna UV otpornost<\/li>\n<li>Superiorna \u010dvrsto\u0107a i otpornost na habanje<\/li>\n<\/ul>\n","protected":false},"excerpt":{"rendered":"<p>Liros Porto 16mm Crno 100mt &#8211; Sa zadovoljstvom predstavljamo Liros Porto veznu i sidrenu u\u017ee, proizvod koji oslikava izvanrednu kvalitetu<\/p>\n","protected":false},"featured_media":5946706,"comment_status":"open","ping_status":"closed","template":"","meta":[],"product_brand":[3066],"product_cat":[1622],"product_tag":[],"class_list":{"0":"post-744598","1":"product","2":"type-product","3":"status-publish","4":"has-post-thumbnail","6":"product_brand-liros-hr","7":"product_cat-konopi-za-pristajanje-i-privez","9":"first","10":"instock","11":"shipping-taxable","12":"purchasable","13":"product-type-simple"},"_links":{"self":[{"href":"https:\/\/stoic-curie.212-227-153-4.plesk.page\/hr\/wp-json\/wp\/v2\/product\/744598","targetHints":{"allow":["GET"]}}],"collection":[{"href":"https:\/\/stoic-curie.212-227-153-4.plesk.page\/hr\/wp-json\/wp\/v2\/product"}],"about":[{"href":"https:\/\/stoic-curie.212-227-153-4.plesk.page\/hr\/wp-json\/wp\/v2\/types\/product"}],"replies":[{"embeddable":true,"href":"https:\/\/stoic-curie.212-227-153-4.plesk.page\/hr\/wp-json\/wp\/v2\/comments?post=744598"}],"version-history":[{"count":0,"href":"https:\/\/stoic-curie.212-227-153-4.plesk.page\/hr\/wp-json\/wp\/v2\/product\/744598\/revisions"}],"wp:featuredmedia":[{"embeddable":true,"href":"https:\/\/stoic-curie.212-227-153-4.plesk.page\/hr\/wp-json\/wp\/v2\/media\/5946706"}],"wp:attachment":[{"href":"https:\/\/stoic-curie.212-227-153-4.plesk.page\/hr\/wp-json\/wp\/v2\/media?parent=744598"}],"wp:term":[{"taxonomy":"product_brand","embeddable":true,"href":"https:\/\/stoic-curie.212-227-153-4.plesk.page\/hr\/wp-json\/wp\/v2\/product_brand?post=744598"},{"taxonomy":"product_cat","embeddable":true,"href":"https:\/\/stoic-curie.212-227-153-4.plesk.page\/hr\/wp-json\/wp\/v2\/product_cat?post=744598"},{"taxonomy":"product_tag","embeddable":true,"href":"https:\/\/stoic-curie.212-227-153-4.plesk.page\/hr\/wp-json\/wp\/v2\/product_tag?post=744598"}],"curies":[{"name":"wp","href":"https:\/\/api.w.org\/{rel}","templated":true}]}}