{"id":744599,"date":"2025-03-03T19:52:01","date_gmt":"2025-03-03T18:52:01","guid":{"rendered":"https:\/\/stoic-curie.212-227-153-4.plesk.page\/producto\/liros-porto-18mm-crno-100mt\/"},"modified":"2026-02-25T00:01:15","modified_gmt":"2026-02-25T00:01:15","slug":"liros-porto-18mm-crno-100mt","status":"publish","type":"product","link":"https:\/\/stoic-curie.212-227-153-4.plesk.page\/hr\/product\/liros-porto-18mm-crno-100mt\/","title":{"rendered":"Liros Porto 18mm Crno 100mt"},"content":{"rendered":"<p>Liros Porto 18mm Crno 100mt &#8211; <\/p>\n<p style=\"color: rgb(34, 34, 34); font-family: Arial, Helvetica, sans-serif; font-size: small;\">Sa zadovoljstvom predstavljamo Liros Porto konopi\u0161te za vezivanje i sidrenje, koje kombinira izvanrednu kvalitetu s impresivnom izdr\u017eljivo\u0161\u0107u. Ovaj konop je specijalno dizajniran da u\u010dinkovito odoli abraziji, lako se rukuje i jednostavno se spaja. Njegov kompaktni dizajn osigurava visoku \u010dvrsto\u0107u uz zadr\u017eavanje fleksibilnosti tijekom vremena.<\/p>\n<p style=\"color: rgb(34, 34, 34); font-family: Arial, Helvetica, sans-serif; font-size: small;\"><strong>Klju\u010dne zna\u010dajke:<\/strong><\/p>\n<ul style=\"color: rgb(34, 34, 34); font-family: Arial, Helvetica, sans-serif; font-size: small;\">\n<li><strong>Osnova<\/strong>: Poliesterska pletenica visoke otpornosti<\/li>\n<li><strong>Prevla\u010denje<\/strong>: UV-otporni poliesterski konop s visokim uvijanjem<\/li>\n<li><strong>Radna elasti\u010dnost<\/strong>: Manje od 15%<\/li>\n<li><strong>Nemogu\u0107e ploviti<\/strong>: Dizajniran za jednostavno rukovanje kao konopi\u0161te ili sidreni konop od 100% poliestera<\/li>\n<\/ul>\n<p style=\"color: rgb(34, 34, 34); font-family: Arial, Helvetica, sans-serif; font-size: small;\">Ovaj konop nudi izvanrednu \u010dvrsto\u0107u i otpornost na abraziju, zadr\u017eavaju\u0107i fleksibilnost tijekom kori\u0161tenja. Njegov jedinstveni dizajn uvijanja omogu\u0107ava zna\u010dajnu elasti\u010dnost, \u010dine\u0107i ga pouzdanim za razne primjene.<\/p>\n<p style=\"color: rgb(34, 34, 34); font-family: Arial, Helvetica, sans-serif; font-size: small;\"><strong>Specifikacije:<\/strong><\/p>\n<ul style=\"color: rgb(34, 34, 34); font-family: Arial, Helvetica, sans-serif; font-size: small;\">\n<li><strong>Izgradnja<\/strong>: 20-pletenice<\/li>\n<li><strong>Osnova<\/strong>: Trajna poliesterska pletenica<\/li>\n<\/ul>\n<p style=\"color: rgb(34, 34, 34); font-family: Arial, Helvetica, sans-serif; font-size: small;\"><strong>Dodatne prednosti:<\/strong><\/p>\n<ul style=\"color: rgb(34, 34, 34); font-family: Arial, Helvetica, sans-serif; font-size: small;\">\n<li>Radna elasti\u010dnost preko 15%<\/li>\n<li>Vrlo lako se spaja<\/li>\n<li>Izvrsna otpornost na UV o\u0161te\u0107enja<\/li>\n<li>Iznimna snaga i otpornost na abraziju<\/li>\n<\/ul>\n","protected":false},"excerpt":{"rendered":"<p>Liros Porto 18mm Crno 100mt &#8211; Sa zadovoljstvom predstavljamo Liros Porto konopi\u0161te za vezivanje i sidrenje, koje kombinira izvanrednu kvalitetu<\/p>\n","protected":false},"featured_media":5946706,"comment_status":"open","ping_status":"closed","template":"","meta":[],"product_brand":[3066],"product_cat":[1622],"product_tag":[],"class_list":{"0":"post-744599","1":"product","2":"type-product","3":"status-publish","4":"has-post-thumbnail","6":"product_brand-liros-hr","7":"product_cat-konopi-za-pristajanje-i-privez","9":"first","10":"instock","11":"shipping-taxable","12":"purchasable","13":"product-type-simple"},"_links":{"self":[{"href":"https:\/\/stoic-curie.212-227-153-4.plesk.page\/hr\/wp-json\/wp\/v2\/product\/744599","targetHints":{"allow":["GET"]}}],"collection":[{"href":"https:\/\/stoic-curie.212-227-153-4.plesk.page\/hr\/wp-json\/wp\/v2\/product"}],"about":[{"href":"https:\/\/stoic-curie.212-227-153-4.plesk.page\/hr\/wp-json\/wp\/v2\/types\/product"}],"replies":[{"embeddable":true,"href":"https:\/\/stoic-curie.212-227-153-4.plesk.page\/hr\/wp-json\/wp\/v2\/comments?post=744599"}],"version-history":[{"count":0,"href":"https:\/\/stoic-curie.212-227-153-4.plesk.page\/hr\/wp-json\/wp\/v2\/product\/744599\/revisions"}],"wp:featuredmedia":[{"embeddable":true,"href":"https:\/\/stoic-curie.212-227-153-4.plesk.page\/hr\/wp-json\/wp\/v2\/media\/5946706"}],"wp:attachment":[{"href":"https:\/\/stoic-curie.212-227-153-4.plesk.page\/hr\/wp-json\/wp\/v2\/media?parent=744599"}],"wp:term":[{"taxonomy":"product_brand","embeddable":true,"href":"https:\/\/stoic-curie.212-227-153-4.plesk.page\/hr\/wp-json\/wp\/v2\/product_brand?post=744599"},{"taxonomy":"product_cat","embeddable":true,"href":"https:\/\/stoic-curie.212-227-153-4.plesk.page\/hr\/wp-json\/wp\/v2\/product_cat?post=744599"},{"taxonomy":"product_tag","embeddable":true,"href":"https:\/\/stoic-curie.212-227-153-4.plesk.page\/hr\/wp-json\/wp\/v2\/product_tag?post=744599"}],"curies":[{"name":"wp","href":"https:\/\/api.w.org\/{rel}","templated":true}]}}