{"id":744600,"date":"2025-03-03T19:52:02","date_gmt":"2025-03-03T18:52:02","guid":{"rendered":"https:\/\/stoic-curie.212-227-153-4.plesk.page\/producto\/liros-porto-20mm-crni-100mt\/"},"modified":"2026-02-25T00:01:15","modified_gmt":"2026-02-25T00:01:15","slug":"liros-porto-20mm-crni-100mt","status":"publish","type":"product","link":"https:\/\/stoic-curie.212-227-153-4.plesk.page\/hr\/product\/liros-porto-20mm-crni-100mt\/","title":{"rendered":"Liros Porto 20mm Crni 100mt"},"content":{"rendered":"<p>Liros Porto 20mm Crni 100mt &#8211; <\/p>\n<p style=\"color: rgb(34, 34, 34); font-family: Arial, Helvetica, sans-serif; font-size: small;\">S ponosom predstavljamo Liros Porto konop za vezivanje i sidrenje, koji spaja izvrsnu kvalitetu s izuzetnom izdr\u017eljivo\u0161\u0107u. Ovaj konop je dizajniran da u\u010dinkovito odolijeva habanju, jednostavan je za kori\u0161tenje i lako se spaja. Njegova kompaktna struktura osigurava visoku \u010dvrsto\u0107u uz zadr\u017eavanje fleksibilnosti tijekom vremena.<\/p>\n<p style=\"color: rgb(34, 34, 34); font-family: Arial, Helvetica, sans-serif; font-size: small;\"><strong>Klju\u010dne zna\u010dajke:<\/strong><\/p>\n<ul style=\"color: rgb(34, 34, 34); font-family: Arial, Helvetica, sans-serif; font-size: small;\">\n<li><strong>Sr\u017e<\/strong>: Poliester s visokom otpornosti na istezanje<\/li>\n<li><strong>Omot<\/strong>: UV-otpornog, visoko uvijenog poliestera<\/li>\n<li><strong>Radno istezanje<\/strong>: Manje od 15%<\/li>\n<li><strong>Neplutaju\u0107i<\/strong>: Izra\u0111en za jednostavno rukovanje kao konop za vezivanje ili sidrenje od 100% poliestera<\/li>\n<\/ul>\n<p style=\"color: rgb(34, 34, 34); font-family: Arial, Helvetica, sans-serif; font-size: small;\">Ovaj konop pru\u017ea izuzetnu \u010dvrsto\u0107u i otpornost na habanje, zadr\u017eavaju\u0107i svoju fleksibilnost tijekom kori\u0161tenja. Njegov jedinstveni dizajn omogu\u0107uje zna\u010dajno istezanje, \u010dine\u0107i ga pouzdanim za razne primjene.<\/p>\n<p style=\"color: rgb(34, 34, 34); font-family: Arial, Helvetica, sans-serif; font-size: small;\"><strong>Specifikacije:<\/strong><\/p>\n<ul style=\"color: rgb(34, 34, 34); font-family: Arial, Helvetica, sans-serif; font-size: small;\">\n<li><strong>Konstruiranje<\/strong>: 20-plo\u010dni<\/li>\n<li><strong>Sr\u017e<\/strong>: \u010cvrsti pleteni poliester<\/li>\n<\/ul>\n<p style=\"color: rgb(34, 34, 34); font-family: Arial, Helvetica, sans-serif; font-size: small;\"><strong>Dodatne prednosti:<\/strong><\/p>\n<ul style=\"color: rgb(34, 34, 34); font-family: Arial, Helvetica, sans-serif; font-size: small;\">\n<li>Radno istezanje preko 15%<\/li>\n<li>Vrlo jednostavno za spajanje<\/li>\n<li>Izvrsna stabilnost protiv UV o\u0161te\u0107enja<\/li>\n<li>Superiorna snaga i otpornost na habanje<\/li>\n<\/ul>\n","protected":false},"excerpt":{"rendered":"<p>Liros Porto 20mm Crni 100mt &#8211; S ponosom predstavljamo Liros Porto konop za vezivanje i sidrenje, koji spaja izvrsnu kvalitetu<\/p>\n","protected":false},"featured_media":5946706,"comment_status":"open","ping_status":"closed","template":"","meta":[],"product_brand":[3066],"product_cat":[1622],"product_tag":[],"class_list":{"0":"post-744600","1":"product","2":"type-product","3":"status-publish","4":"has-post-thumbnail","6":"product_brand-liros-hr","7":"product_cat-konopi-za-pristajanje-i-privez","9":"first","10":"instock","11":"shipping-taxable","12":"purchasable","13":"product-type-simple"},"_links":{"self":[{"href":"https:\/\/stoic-curie.212-227-153-4.plesk.page\/hr\/wp-json\/wp\/v2\/product\/744600","targetHints":{"allow":["GET"]}}],"collection":[{"href":"https:\/\/stoic-curie.212-227-153-4.plesk.page\/hr\/wp-json\/wp\/v2\/product"}],"about":[{"href":"https:\/\/stoic-curie.212-227-153-4.plesk.page\/hr\/wp-json\/wp\/v2\/types\/product"}],"replies":[{"embeddable":true,"href":"https:\/\/stoic-curie.212-227-153-4.plesk.page\/hr\/wp-json\/wp\/v2\/comments?post=744600"}],"version-history":[{"count":0,"href":"https:\/\/stoic-curie.212-227-153-4.plesk.page\/hr\/wp-json\/wp\/v2\/product\/744600\/revisions"}],"wp:featuredmedia":[{"embeddable":true,"href":"https:\/\/stoic-curie.212-227-153-4.plesk.page\/hr\/wp-json\/wp\/v2\/media\/5946706"}],"wp:attachment":[{"href":"https:\/\/stoic-curie.212-227-153-4.plesk.page\/hr\/wp-json\/wp\/v2\/media?parent=744600"}],"wp:term":[{"taxonomy":"product_brand","embeddable":true,"href":"https:\/\/stoic-curie.212-227-153-4.plesk.page\/hr\/wp-json\/wp\/v2\/product_brand?post=744600"},{"taxonomy":"product_cat","embeddable":true,"href":"https:\/\/stoic-curie.212-227-153-4.plesk.page\/hr\/wp-json\/wp\/v2\/product_cat?post=744600"},{"taxonomy":"product_tag","embeddable":true,"href":"https:\/\/stoic-curie.212-227-153-4.plesk.page\/hr\/wp-json\/wp\/v2\/product_tag?post=744600"}],"curies":[{"name":"wp","href":"https:\/\/api.w.org\/{rel}","templated":true}]}}