{"id":744601,"date":"2025-03-03T19:52:02","date_gmt":"2025-03-03T18:52:02","guid":{"rendered":"https:\/\/stoic-curie.212-227-153-4.plesk.page\/producto\/liros-porto-22mm-crno-100mt\/"},"modified":"2026-02-25T00:01:15","modified_gmt":"2026-02-25T00:01:15","slug":"liros-porto-22mm-crno-100mt","status":"publish","type":"product","link":"https:\/\/stoic-curie.212-227-153-4.plesk.page\/hr\/product\/liros-porto-22mm-crno-100mt\/","title":{"rendered":"Liros Porto 22mm Crno 100mt"},"content":{"rendered":"<p>Liros Porto 22mm Crno 100mt &#8211; <\/p>\n<p style=\"color: rgb(34, 34, 34); font-family: Arial, Helvetica, sans-serif; font-size: small;\">U\u017ee za pristajanje i sidrenje Liros Porto koja kombinira vrhunsku kvalitetu s izvanrednom trajno\u0161\u0107u. Ova u\u017ee je visoko otporno na abraziju, lako se koristi i jednostavno se prepli\u0107e. Njegov kompaktni dizajn osigurava visoku snagu bez postajanja krutim tijekom vremena.<\/p>\n<p style=\"color: rgb(34, 34, 34); font-family: Arial, Helvetica, sans-serif; font-size: small;\">Klju\u010dne zna\u010dajke:<\/p>\n<ul style=\"color: rgb(34, 34, 34); font-family: Arial, Helvetica, sans-serif; font-size: small;\">\n<li><strong>Jezgra<\/strong>: Polyester s visokom \u010dvrsto\u0107om<\/li>\n<li><strong>Preklop<\/strong>: UV-otporni, visoko uvijeni polyester<\/li>\n<li><strong>Radno istezanje<\/strong>: Manje od 15%<\/li>\n<li><strong>Neplutaju\u0107i<\/strong>: Dizajniran za jednostavno rukovanje kao 100% polyester u\u017ee za pristajanje ili sidrenje<\/li>\n<\/ul>\n<p style=\"color: rgb(34, 34, 34); font-family: Arial, Helvetica, sans-serif; font-size: small;\">Ova u\u017ee je izuzetno jaka i otporna na abraziju, odr\u017eavaju\u0107i svoju fleksibilnost tijekom kori\u0161tenja. Njegova posebna konstrukcija omogu\u0107uje visoko istezanje, \u010dine\u0107i je pouzdanom za razne primjene.<\/p>\n<p style=\"color: rgb(34, 34, 34); font-family: Arial, Helvetica, sans-serif; font-size: small;\">Specifikacije:<\/p>\n<ul style=\"color: rgb(34, 34, 34); font-family: Arial, Helvetica, sans-serif; font-size: small;\">\n<li><strong>Konstrukcija<\/strong>: 20-pletena<\/li>\n<li><strong>Jezgra<\/strong>: Pletenica od visoko jakog poliestera<\/li>\n<\/ul>\n<p style=\"color: rgb(34, 34, 34); font-family: Arial, Helvetica, sans-serif; font-size: small;\">Dodatne prednosti:<\/p>\n<ul style=\"color: rgb(34, 34, 34); font-family: Arial, Helvetica, sans-serif; font-size: small;\">\n<li>Radno istezanje ve\u0107e od 15%<\/li>\n<li>Vrlo lako za preplitanje<\/li>\n<li>Visoko UV stabilno<\/li>\n<li>Izvrsna \u010dvrsto\u0107a i otpornost na abraziju<\/li>\n<\/ul>\n","protected":false},"excerpt":{"rendered":"<p>Liros Porto 22mm Crno 100mt &#8211; U\u017ee za pristajanje i sidrenje Liros Porto koja kombinira vrhunsku kvalitetu s izvanrednom trajno\u0161\u0107u.<\/p>\n","protected":false},"featured_media":5946706,"comment_status":"open","ping_status":"closed","template":"","meta":[],"product_brand":[3066],"product_cat":[1622],"product_tag":[],"class_list":{"0":"post-744601","1":"product","2":"type-product","3":"status-publish","4":"has-post-thumbnail","6":"product_brand-liros-hr","7":"product_cat-konopi-za-pristajanje-i-privez","9":"first","10":"instock","11":"shipping-taxable","12":"purchasable","13":"product-type-simple"},"_links":{"self":[{"href":"https:\/\/stoic-curie.212-227-153-4.plesk.page\/hr\/wp-json\/wp\/v2\/product\/744601","targetHints":{"allow":["GET"]}}],"collection":[{"href":"https:\/\/stoic-curie.212-227-153-4.plesk.page\/hr\/wp-json\/wp\/v2\/product"}],"about":[{"href":"https:\/\/stoic-curie.212-227-153-4.plesk.page\/hr\/wp-json\/wp\/v2\/types\/product"}],"replies":[{"embeddable":true,"href":"https:\/\/stoic-curie.212-227-153-4.plesk.page\/hr\/wp-json\/wp\/v2\/comments?post=744601"}],"version-history":[{"count":0,"href":"https:\/\/stoic-curie.212-227-153-4.plesk.page\/hr\/wp-json\/wp\/v2\/product\/744601\/revisions"}],"wp:featuredmedia":[{"embeddable":true,"href":"https:\/\/stoic-curie.212-227-153-4.plesk.page\/hr\/wp-json\/wp\/v2\/media\/5946706"}],"wp:attachment":[{"href":"https:\/\/stoic-curie.212-227-153-4.plesk.page\/hr\/wp-json\/wp\/v2\/media?parent=744601"}],"wp:term":[{"taxonomy":"product_brand","embeddable":true,"href":"https:\/\/stoic-curie.212-227-153-4.plesk.page\/hr\/wp-json\/wp\/v2\/product_brand?post=744601"},{"taxonomy":"product_cat","embeddable":true,"href":"https:\/\/stoic-curie.212-227-153-4.plesk.page\/hr\/wp-json\/wp\/v2\/product_cat?post=744601"},{"taxonomy":"product_tag","embeddable":true,"href":"https:\/\/stoic-curie.212-227-153-4.plesk.page\/hr\/wp-json\/wp\/v2\/product_tag?post=744601"}],"curies":[{"name":"wp","href":"https:\/\/api.w.org\/{rel}","templated":true}]}}