{"id":744605,"date":"2025-03-03T19:55:35","date_gmt":"2025-03-03T18:55:35","guid":{"rendered":"https:\/\/stoic-curie.212-227-153-4.plesk.page\/producto\/tessilmare-radial-65-crna-24mt\/"},"modified":"2026-02-25T00:01:15","modified_gmt":"2026-02-25T00:01:15","slug":"tessilmare-radial-65-crna-24mt","status":"publish","type":"product","link":"https:\/\/stoic-curie.212-227-153-4.plesk.page\/hr\/product\/tessilmare-radial-65-crna-24mt\/","title":{"rendered":"Tessilmare Radial 65 Crna 24mt"},"content":{"rendered":"<p>Tessilmare Radial 65 Crna 24mt &#8211; <\/p>\n<p style=\"color: rgb(34, 34, 34); font-family: Arial, Helvetica, sans-serif; font-size: small;\">Tessilmare Radial pa\u017eljivo je izra\u0111en za pomorski sektor i mo\u017ee se sastaviti u samo nekoliko minuta.<\/p>\n<p style=\"color: rgb(34, 34, 34); font-family: Arial, Helvetica, sans-serif; font-size: small;\">Ovaj patentirani sustav fenderiranja sastoji se od dva glavna dijela:<\/p>\n<ol style=\"color: rgb(34, 34, 34); font-family: Arial, Helvetica, sans-serif; font-size: small;\">\n<li>\u010cvrsta \u0161ipka koja se mo\u017ee \u010dvrsto pri\u010dvrstiti za \u010damac pomo\u0107u vijaka ili zakovica, bez potrebe za posebnim alatima.<\/li>\n<li>Fleksibilni gumeni profil koji se povezuje s bazom. Ova besprijekorna umetnuta traka dolazi u prilago\u0111enim rolnama kako bi se smanjio otpad. Radijalne PVC trake za rubove mogu se savijati ru\u010dno u bilo kojem smjeru bez potrebne topline. One su 70% br\u017ee za sastavljanje, ekonomi\u010dne, lako se popravljaju i brzo se prilago\u0111avaju.<\/li>\n<\/ol>\n<p style=\"color: rgb(34, 34, 34); font-family: Arial, Helvetica, sans-serif; font-size: small;\">Spojne i zavr\u0161ne kapice dostupne su u dva materijala: PVC-u i nehr\u0111aju\u0107em \u010deliku. Radial je prikladan za sve pomorske namjene, uklju\u010duju\u0107i brodove i jahte s kutnim spojima.<\/p>\n<p style=\"color: rgb(34, 34, 34); font-family: Arial, Helvetica, sans-serif; font-size: small;\">Za instalaciju, jednostavno je potrebno u\u010dvrstiti duralen bar pomo\u0107u vijaka ili Sika ljepila, a zatim kliziti profil fenderiranja na \u0161ipku. Profil fenderiranja broda mo\u017ee predstavljati i stil i funkcionalnost. Patenti fenderiranja Tessilmare kombiniraju visoku otpornost na udarce s elegancijom i pristupa\u010dno\u0161\u0107u. Njihovi inovativni dizajni transformirali su izgled tradicionalnih rubova za za\u0161titu. Radijalni profili fenderiranja nude besprijekorno i vizualno privla\u010dno rje\u0161enje, bez vidljivih spojeva ili o\u0161trih rubova, \u0161to rezultira \u010di\u0161\u0107im i atraktivnijim zavr\u0161etkom u usporedbi sa standardnim vi\u0161edijelnim rubovima.<\/p>\n<p style=\"color: rgb(34, 34, 34); font-family: Arial, Helvetica, sans-serif; font-size: small;\">Proces instalacije je jednostavan; uklju\u010duje pri\u010dvr\u0161\u0107ivanje sekcija tra\u010dnica na trup i pri\u010dvr\u0161\u0107ivanje vanjskog pokrova preko tra\u010dnice. Pokrov se mo\u017ee lako odmotati iz velikog koluta, a uklju\u010dene zavr\u0161ne kapice zavr\u0161avaju instalaciju.<\/p>\n<p style=\"color: rgb(34, 34, 34); font-family: Arial, Helvetica, sans-serif; font-size: small;\">Jedna od klju\u010dnih prednosti Radial Rub Rail-a je njegova jednostavna instalacija, koja ne zahtijeva specijalizirane alate. Njegov fleksibilni PVC pokrov olak\u0161ava postavljanje, \u010dak i u hladnijim uvjetima, eliminiraju\u0107i potrebu za zagrijavanjem. Kada je postavljen, sekcije tra\u010dnica su potpuno skrivene pokrovom, pru\u017eaju\u0107i glatki i aerodinami\u010dki izgled. Set uklju\u010duje sve bitne komponente: kontinuiranu rolu mekanog pokrova za rub, potrebni broj polukrutih vinilnih sekcija za monta\u017eu, dvije vinilne zavr\u0161ne kapice i jednu vinilnu kapicu za spoj.<\/p>\n","protected":false},"excerpt":{"rendered":"<p>Tessilmare Radial 65 Crna 24mt &#8211; Tessilmare Radial pa\u017eljivo je izra\u0111en za pomorski sektor i mo\u017ee se sastaviti u samo<\/p>\n","protected":false},"featured_media":5945154,"comment_status":"open","ping_status":"closed","template":"","meta":[],"product_brand":[3481],"product_cat":[1852],"product_tag":[],"class_list":{"0":"post-744605","1":"product","2":"type-product","3":"status-publish","4":"has-post-thumbnail","6":"product_brand-tessilmare-hr","7":"product_cat-profili-za-bokobrane","9":"first","10":"instock","11":"shipping-taxable","12":"purchasable","13":"product-type-simple"},"_links":{"self":[{"href":"https:\/\/stoic-curie.212-227-153-4.plesk.page\/hr\/wp-json\/wp\/v2\/product\/744605","targetHints":{"allow":["GET"]}}],"collection":[{"href":"https:\/\/stoic-curie.212-227-153-4.plesk.page\/hr\/wp-json\/wp\/v2\/product"}],"about":[{"href":"https:\/\/stoic-curie.212-227-153-4.plesk.page\/hr\/wp-json\/wp\/v2\/types\/product"}],"replies":[{"embeddable":true,"href":"https:\/\/stoic-curie.212-227-153-4.plesk.page\/hr\/wp-json\/wp\/v2\/comments?post=744605"}],"version-history":[{"count":0,"href":"https:\/\/stoic-curie.212-227-153-4.plesk.page\/hr\/wp-json\/wp\/v2\/product\/744605\/revisions"}],"wp:featuredmedia":[{"embeddable":true,"href":"https:\/\/stoic-curie.212-227-153-4.plesk.page\/hr\/wp-json\/wp\/v2\/media\/5945154"}],"wp:attachment":[{"href":"https:\/\/stoic-curie.212-227-153-4.plesk.page\/hr\/wp-json\/wp\/v2\/media?parent=744605"}],"wp:term":[{"taxonomy":"product_brand","embeddable":true,"href":"https:\/\/stoic-curie.212-227-153-4.plesk.page\/hr\/wp-json\/wp\/v2\/product_brand?post=744605"},{"taxonomy":"product_cat","embeddable":true,"href":"https:\/\/stoic-curie.212-227-153-4.plesk.page\/hr\/wp-json\/wp\/v2\/product_cat?post=744605"},{"taxonomy":"product_tag","embeddable":true,"href":"https:\/\/stoic-curie.212-227-153-4.plesk.page\/hr\/wp-json\/wp\/v2\/product_tag?post=744605"}],"curies":[{"name":"wp","href":"https:\/\/api.w.org\/{rel}","templated":true}]}}