{"id":744606,"date":"2025-03-03T19:55:35","date_gmt":"2025-03-03T18:55:35","guid":{"rendered":"https:\/\/stoic-curie.212-227-153-4.plesk.page\/producto\/tessilmare-radial-65-bijeli-24mt\/"},"modified":"2026-02-25T00:01:15","modified_gmt":"2026-02-25T00:01:15","slug":"tessilmare-radial-65-bijeli-24mt","status":"publish","type":"product","link":"https:\/\/stoic-curie.212-227-153-4.plesk.page\/hr\/product\/tessilmare-radial-65-bijeli-24mt\/","title":{"rendered":"Tessilmare Radial 65 Bijeli 24mt"},"content":{"rendered":"<p>Tessilmare Radial 65 Bijeli 24mt &#8211; <\/p>\n<p style=\"color: rgb(34, 34, 34); font-family: Arial, Helvetica, sans-serif; font-size: small;\">Tessilmare Radial pa\u017eljivo je izra\u0111en za pomorsku industriju i mo\u017ee se sastaviti za samo nekoliko minuta.<\/p>\n<p style=\"color: rgb(34, 34, 34); font-family: Arial, Helvetica, sans-serif; font-size: small;\">Ovaj patentirani sustav za\u0161tite od udaraca sastoji se od dva glavna dijela:<\/p>\n<ol style=\"color: rgb(34, 34, 34); font-family: Arial, Helvetica, sans-serif; font-size: small;\">\n<li>\u010cvrsta \u0161ipka koja se mo\u017ee sigurno pri\u010dvrstiti za \u010damac pomo\u0107u vijaka ili zakovica, bez potrebe za posebnim alatom.<\/li>\n<li>Fleksibilni gumeni profil koji se spaja s bazom. Ova be\u0161avna umetnost dolazi u prilago\u0111enim rolnama kako bi se smanjio otpad. Radijalne PVC za\u0161tite od udaraca mogu se ru\u010dno savijati u bilo kojem smijeru bez potrebe za zagrijavanjem. Sastoje se 70% br\u017ee, ekonomi\u010dne su, lako ih je popraviti, a brzo se mogu ponovno postaviti.<\/li>\n<\/ol>\n<p style=\"color: rgb(34, 34, 34); font-family: Arial, Helvetica, sans-serif; font-size: small;\">Spojevi i zavr\u0161ni poklopci dostupni su u dva materijala: PVC-u i nehr\u0111aju\u0107em \u010deliku. Radijalni sustav pogodan je za sve pomorske primjene, uklju\u010duju\u0107i \u010damce i jahte s kutnim spajanjima.<\/p>\n<p style=\"color: rgb(34, 34, 34); font-family: Arial, Helvetica, sans-serif; font-size: small;\">Za instalaciju dovoljno je osigurati duralene \u0161ipke pomo\u0107u vijaka ili Sika ljepila, a zatim kliziti profil za\u0161tite od udaraca na \u0161ipku. Profil za\u0161tite od udaraca \u010damca mo\u017ee predstavljati i stil i prakti\u010dnost. Patentirani profili za\u0161tite od udaraca Tessilmare kombiniraju visoku otpornost na udarce s elegancijom i povoljnim cijenama. Njihovi inovativni dizajni transformiraju izgled tradicionalnih rubnih za\u0161tita. Radijalni profili za\u0161tite od udaraca pru\u017eaju be\u0161avno i vizualno ugodno rje\u0161enje, bez vidljivih spojeva ili o\u0161trih rubova, \u0161to rezultira \u010di\u0161\u0107im i atraktivnijim zavr\u0161etkom u odnosu na standardne vi\u0161edijelne rubne za\u0161tite.<\/p>\n<p style=\"color: rgb(34, 34, 34); font-family: Arial, Helvetica, sans-serif; font-size: small;\">Proces instalacije je brz i jednostavan; uklju\u010duje pri\u010dvr\u0161\u0107ivanje dijelova tra\u010dnica za trup i stavljanje vanjske za\u0161tite na tra\u010dnicu. Pokrov se mo\u017ee lako odmotati iz masovne role, a uklju\u010deni zavr\u0161ni poklopci zavr\u0161avaju instalaciju.<\/p>\n<p style=\"color: rgb(34, 34, 34); font-family: Arial, Helvetica, sans-serif; font-size: small;\">Jedna od klju\u010dnih prednosti Radijalne rubne za\u0161tite je jednostavna instalacija, koja ne zahtijeva posebne alate. Njegov fleksibilni PVC pokrov olak\u0161ava monta\u017eu, \u010dak i u hladnim vremenskim uvjetima, \u010dime se uklanja potreba za zagrijavanjem. Jednom kada je instaliran, dijelovi tra\u010dnica potpuno su skriveni pod pokrovom, \u0161to pru\u017ea glatki i elegantni izgled. Set uklju\u010duje sve \u0161to je potrebno: neprekidnu rolu mekog pokrova za rubove, odgovaraju\u0107i broj polukrutih vinilnih dijelova za monta\u017eu, dva vinilna zavr\u0161na poklopca i jedan vinilni poklopac za spoj.<\/p>\n","protected":false},"excerpt":{"rendered":"<p>Tessilmare Radial 65 Bijeli 24mt &#8211; Tessilmare Radial pa\u017eljivo je izra\u0111en za pomorsku industriju i mo\u017ee se sastaviti za samo<\/p>\n","protected":false},"featured_media":5945169,"comment_status":"open","ping_status":"closed","template":"","meta":[],"product_brand":[3481],"product_cat":[1852],"product_tag":[],"class_list":{"0":"post-744606","1":"product","2":"type-product","3":"status-publish","4":"has-post-thumbnail","6":"product_brand-tessilmare-hr","7":"product_cat-profili-za-bokobrane","9":"first","10":"instock","11":"shipping-taxable","12":"purchasable","13":"product-type-simple"},"_links":{"self":[{"href":"https:\/\/stoic-curie.212-227-153-4.plesk.page\/hr\/wp-json\/wp\/v2\/product\/744606","targetHints":{"allow":["GET"]}}],"collection":[{"href":"https:\/\/stoic-curie.212-227-153-4.plesk.page\/hr\/wp-json\/wp\/v2\/product"}],"about":[{"href":"https:\/\/stoic-curie.212-227-153-4.plesk.page\/hr\/wp-json\/wp\/v2\/types\/product"}],"replies":[{"embeddable":true,"href":"https:\/\/stoic-curie.212-227-153-4.plesk.page\/hr\/wp-json\/wp\/v2\/comments?post=744606"}],"version-history":[{"count":0,"href":"https:\/\/stoic-curie.212-227-153-4.plesk.page\/hr\/wp-json\/wp\/v2\/product\/744606\/revisions"}],"wp:featuredmedia":[{"embeddable":true,"href":"https:\/\/stoic-curie.212-227-153-4.plesk.page\/hr\/wp-json\/wp\/v2\/media\/5945169"}],"wp:attachment":[{"href":"https:\/\/stoic-curie.212-227-153-4.plesk.page\/hr\/wp-json\/wp\/v2\/media?parent=744606"}],"wp:term":[{"taxonomy":"product_brand","embeddable":true,"href":"https:\/\/stoic-curie.212-227-153-4.plesk.page\/hr\/wp-json\/wp\/v2\/product_brand?post=744606"},{"taxonomy":"product_cat","embeddable":true,"href":"https:\/\/stoic-curie.212-227-153-4.plesk.page\/hr\/wp-json\/wp\/v2\/product_cat?post=744606"},{"taxonomy":"product_tag","embeddable":true,"href":"https:\/\/stoic-curie.212-227-153-4.plesk.page\/hr\/wp-json\/wp\/v2\/product_tag?post=744606"}],"curies":[{"name":"wp","href":"https:\/\/api.w.org\/{rel}","templated":true}]}}