{"id":744611,"date":"2025-03-03T19:57:23","date_gmt":"2025-03-03T18:57:23","guid":{"rendered":"https:\/\/stoic-curie.212-227-153-4.plesk.page\/producto\/tessilmare-radial-85-bijeli-24mt\/"},"modified":"2026-02-25T00:01:15","modified_gmt":"2026-02-25T00:01:15","slug":"tessilmare-radial-85-bijeli-24mt","status":"publish","type":"product","link":"https:\/\/stoic-curie.212-227-153-4.plesk.page\/hr\/product\/tessilmare-radial-85-bijeli-24mt\/","title":{"rendered":"Tessilmare Radial 85 Bijeli 24mt"},"content":{"rendered":"<p>Tessilmare Radial 85 Bijeli 24mt &#8211; <\/p>\n<p style=\"color: rgb(34, 34, 34); font-family: Arial, Helvetica, sans-serif; font-size: small;\">Tessilmare Radial je stru\u010dno izra\u0111en za pomorski sektor i mo\u017ee se postaviti za samo nekoliko minuta.<\/p>\n<p style=\"color: rgb(34, 34, 34); font-family: Arial, Helvetica, sans-serif; font-size: small;\">Ovaj patentirani dizajn fenderiranja sastoji se od dva glavna dijela:<\/p>\n<ol style=\"color: rgb(34, 34, 34); font-family: Arial, Helvetica, sans-serif; font-size: small;\">\n<li>\u010cvrsta \u0161ipka koja se lako pri\u010dvr\u0161\u0107uje za brod pomo\u0107u vijaka ili zakovica, bez potrebe za posebnim alatom.<\/li>\n<li>Fleksibilni gumeni profil koji se povezuje s bazom. Ovaj be\u0161avni umetak dostupan je u rolnama prilago\u0111enim rezanjem kako bi se smanjio otpad. Radial PVC rubni tra\u010dnici mogu se ru\u010dno savijati u bilo kojem smjeru bez potrebe za zagrijavanjem. Oni su 70% br\u017ei za sastavljanje, povoljni, jednostavni za popravak i brzi za monta\u017eu.<\/li>\n<\/ol>\n<p style=\"color: rgb(34, 34, 34); font-family: Arial, Helvetica, sans-serif; font-size: small;\">Spojnice i zavr\u0161ne kape dolaze u dva materijala: PVC i nehr\u0111aju\u0107i \u010delik. Radial je idealan za sve morske kori\u0161tenja, uklju\u010duju\u0107i brodove i jahte s kutnim spojevima.<\/p>\n<p style=\"color: rgb(34, 34, 34); font-family: Arial, Helvetica, sans-serif; font-size: small;\">Za instalaciju jednostavno u\u010dvrstite duralen \u0161ipku pomo\u0107u vijaka ili Sika ljepila, a zatim kliznite profil fenderiranja preko \u0161ipke. Profil fenderiranja broda mo\u017ee biti i stilski i prakti\u010dan. Patentirani profili fenderiranja Tessilmare spajaju izdr\u017eljivost visokog udarca s elegancijom i povoljnim cijenama. Njihovi inovativni dizajni transformirali su izgled tradicionalnih rubnih tra\u010dnika. Radial profili fenderiranja nude be\u0161avno i vizualno privla\u010dno rje\u0161enje, bez vidljivih spojeva ili o\u0161trih rubova, rezultiraju\u0107i \u010distijim i privla\u010dnijim zavr\u0161etkom u usporedbi s konvencionalnim vi\u0161edijelnim rubnim tra\u010dnicima.<\/p>\n<p style=\"color: rgb(34, 34, 34); font-family: Arial, Helvetica, sans-serif; font-size: small;\">Proces instalacije je brz i jednostavan; uklju\u010duje pri\u010dvr\u0161\u0107ivanje dijelova staze na trup i postavljanje vanjskog pokrova preko staze. Pokrov se mo\u017ee prakti\u010dno razviti iz bu\u0161ene rolne, a uklju\u010dene zavr\u0161ne kape zavr\u0161avaju instalaciju.<\/p>\n<p style=\"color: rgb(34, 34, 34); font-family: Arial, Helvetica, sans-serif; font-size: small;\">Jedna od glavnih prednosti Radial rubnog tra\u010dnika je njegova jednostavna instalacija, koja ne zahtijeva posebne alate. Njegov fleksibilni PVC pokrov omogu\u0107ava lako postavljanje, \u010dak i u hladnijim uvjetima, \u010dime se uklanja potreba za zagrijavanjem. Nakon instalacije, dijelovi staze su potpuno skriveni pokrovom, nude\u0107i glatak i aerodinami\u010dan izgled. Set uklju\u010duje sve \u0161to vam je potrebno: neprekidnu rolu mekanog rubnog pokrova, to\u010dan broj polu-rigidnih vinilnih dijelova za monta\u017eu, dvije vinilne zavr\u0161ne kape i jednu vinilnu pokrivku za spoj.<\/p>\n","protected":false},"excerpt":{"rendered":"<p>Tessilmare Radial 85 Bijeli 24mt &#8211; Tessilmare Radial je stru\u010dno izra\u0111en za pomorski sektor i mo\u017ee se postaviti za samo<\/p>\n","protected":false},"featured_media":5945169,"comment_status":"open","ping_status":"closed","template":"","meta":[],"product_brand":[3481],"product_cat":[1852],"product_tag":[],"class_list":{"0":"post-744611","1":"product","2":"type-product","3":"status-publish","4":"has-post-thumbnail","6":"product_brand-tessilmare-hr","7":"product_cat-profili-za-bokobrane","9":"first","10":"instock","11":"shipping-taxable","12":"purchasable","13":"product-type-simple"},"_links":{"self":[{"href":"https:\/\/stoic-curie.212-227-153-4.plesk.page\/hr\/wp-json\/wp\/v2\/product\/744611","targetHints":{"allow":["GET"]}}],"collection":[{"href":"https:\/\/stoic-curie.212-227-153-4.plesk.page\/hr\/wp-json\/wp\/v2\/product"}],"about":[{"href":"https:\/\/stoic-curie.212-227-153-4.plesk.page\/hr\/wp-json\/wp\/v2\/types\/product"}],"replies":[{"embeddable":true,"href":"https:\/\/stoic-curie.212-227-153-4.plesk.page\/hr\/wp-json\/wp\/v2\/comments?post=744611"}],"version-history":[{"count":0,"href":"https:\/\/stoic-curie.212-227-153-4.plesk.page\/hr\/wp-json\/wp\/v2\/product\/744611\/revisions"}],"wp:featuredmedia":[{"embeddable":true,"href":"https:\/\/stoic-curie.212-227-153-4.plesk.page\/hr\/wp-json\/wp\/v2\/media\/5945169"}],"wp:attachment":[{"href":"https:\/\/stoic-curie.212-227-153-4.plesk.page\/hr\/wp-json\/wp\/v2\/media?parent=744611"}],"wp:term":[{"taxonomy":"product_brand","embeddable":true,"href":"https:\/\/stoic-curie.212-227-153-4.plesk.page\/hr\/wp-json\/wp\/v2\/product_brand?post=744611"},{"taxonomy":"product_cat","embeddable":true,"href":"https:\/\/stoic-curie.212-227-153-4.plesk.page\/hr\/wp-json\/wp\/v2\/product_cat?post=744611"},{"taxonomy":"product_tag","embeddable":true,"href":"https:\/\/stoic-curie.212-227-153-4.plesk.page\/hr\/wp-json\/wp\/v2\/product_tag?post=744611"}],"curies":[{"name":"wp","href":"https:\/\/api.w.org\/{rel}","templated":true}]}}