{"id":744633,"date":"2025-03-03T19:57:29","date_gmt":"2025-03-03T18:57:29","guid":{"rendered":"https:\/\/stoic-curie.212-227-153-4.plesk.page\/producto\/sklopivi-stol-od-tikovine-mb-120-x-80-x-v75-cm\/"},"modified":"2026-02-25T00:01:15","modified_gmt":"2026-02-25T00:01:15","slug":"sklopivi-stol-od-tikovine-mb-120-x-80-x-v75-cm","status":"publish","type":"product","link":"https:\/\/stoic-curie.212-227-153-4.plesk.page\/hr\/product\/sklopivi-stol-od-tikovine-mb-120-x-80-x-v75-cm\/","title":{"rendered":"Sklopivi stol za terasu MB dvostruke visine"},"content":{"rendered":"<p>Sklopivi stol za terasu MB dvostruke visine &#8211; <\/p>\n<p style=\"color: rgb(34, 34, 34); font-family: Arial, Helvetica, sans-serif; font-size: small;\">Predstavljamo na\u0161 pravokutni sklopivi stol s krilima, dostupan u boji teaka, dimenzija 120\u00d740 cm i 120\u00d780 cm. Ovaj svestrani stol ima dva krila koja omogu\u0107uju pro\u0161irenje na dvostruku veli\u010dinu. Osim toga, nudi opcije pode\u0161avanja visine od 60 cm ili 75 cm kako bi zadovoljio va\u0161e potrebe.<\/p>\n<p style=\"color: rgb(34, 34, 34); font-family: Arial, Helvetica, sans-serif; font-size: small;\">Izra\u0111en od visokokvalitetnog teaka otpornog na more, ovaj stol otporan je na UV zrake i te\u0161ke vremenske uvjete. Odlikuje se izvanrednom kvalitetom i superiornom zavr\u0161nom obradom, uz izdr\u017eljive dijelove od nehr\u0111aju\u0107eg \u010delika 316.<\/p>\n<p style=\"color: rgb(34, 34, 34); font-family: Arial, Helvetica, sans-serif; font-size: small;\">Sklopiva krila pru\u017eaju dvije razli\u010dite \u0161irine: 40 cm kada su preklopljena i 80 cm kada su potpuno pro\u0161irena. Ovaj dizajn ne samo da pobolj\u0161ava funkcionalnost, ve\u0107 olak\u0161ava i u\u0161tedu prostora. Kada se preklopi, stol se lako mo\u017ee premjestiti i pohraniti.<\/p>\n<p style=\"color: rgb(34, 34, 34); font-family: Arial, Helvetica, sans-serif; font-size: small;\">Na\u0161a kolekcija Marine Business sadr\u017ei ru\u010dno izra\u0111ene drvene stolove i stolice od najfinijeg teaka. Odabrani teak tretira se morskim uljem za dodatnu UV za\u0161titu, osiguravaju\u0107i dugovje\u010dnost i izdr\u017eljivost. Koristimo bezbojni lak kako bismo naglasili prirodnu ljepotu drva, \u010dine\u0107i ga idealnim za brodove, mega jahte, bazene i vanjske prostore.<\/p>\n<p style=\"color: rgb(34, 34, 34); font-family: Arial, Helvetica, sans-serif; font-size: small;\">Za odr\u017eavanje va\u0161eg teak stola, jednostavno ga operite svje\u017eom vodom i neutralnim sapunom koriste\u0107i prirodnu spu\u017evu. Nakon godine dana preporu\u010dujemo primjenu novog sloja teak ulja. Upotrijebite krpu za nano\u0161enje nekoliko slojeva, ostavljaju\u0107i otprilike 24 sata izme\u0111u svakog sloja kako bi drvo apsorbiralo ulje. Ova njega pomo\u0107i \u0107e za\u0161tititi drvo od prljav\u0161tine i vlage.<\/p>\n<p style=\"color: rgb(34, 34, 34); font-family: Arial, Helvetica, sans-serif; font-size: small;\">Iskusite savr\u0161enu kombinaciju stila i funkcionalnosti s na\u0161im pravokutnim sklopivim stolom s krilima.<\/p>\n","protected":false},"excerpt":{"rendered":"<p>Sklopivi stol za terasu MB dvostruke visine &#8211; Predstavljamo na\u0161 pravokutni sklopivi stol s krilima, dostupan u boji teaka, dimenzija<\/p>\n","protected":false},"featured_media":5946723,"comment_status":"open","ping_status":"closed","template":"","meta":[],"product_brand":[3111],"product_cat":[1642],"product_tag":[],"class_list":{"0":"post-744633","1":"product","2":"type-product","3":"status-publish","4":"has-post-thumbnail","6":"product_brand-marine-business-mb-hr","7":"product_cat-brodske-stolice-i-stolovi","9":"first","10":"instock","11":"shipping-taxable","12":"purchasable","13":"product-type-simple"},"_links":{"self":[{"href":"https:\/\/stoic-curie.212-227-153-4.plesk.page\/hr\/wp-json\/wp\/v2\/product\/744633","targetHints":{"allow":["GET"]}}],"collection":[{"href":"https:\/\/stoic-curie.212-227-153-4.plesk.page\/hr\/wp-json\/wp\/v2\/product"}],"about":[{"href":"https:\/\/stoic-curie.212-227-153-4.plesk.page\/hr\/wp-json\/wp\/v2\/types\/product"}],"replies":[{"embeddable":true,"href":"https:\/\/stoic-curie.212-227-153-4.plesk.page\/hr\/wp-json\/wp\/v2\/comments?post=744633"}],"version-history":[{"count":0,"href":"https:\/\/stoic-curie.212-227-153-4.plesk.page\/hr\/wp-json\/wp\/v2\/product\/744633\/revisions"}],"wp:featuredmedia":[{"embeddable":true,"href":"https:\/\/stoic-curie.212-227-153-4.plesk.page\/hr\/wp-json\/wp\/v2\/media\/5946723"}],"wp:attachment":[{"href":"https:\/\/stoic-curie.212-227-153-4.plesk.page\/hr\/wp-json\/wp\/v2\/media?parent=744633"}],"wp:term":[{"taxonomy":"product_brand","embeddable":true,"href":"https:\/\/stoic-curie.212-227-153-4.plesk.page\/hr\/wp-json\/wp\/v2\/product_brand?post=744633"},{"taxonomy":"product_cat","embeddable":true,"href":"https:\/\/stoic-curie.212-227-153-4.plesk.page\/hr\/wp-json\/wp\/v2\/product_cat?post=744633"},{"taxonomy":"product_tag","embeddable":true,"href":"https:\/\/stoic-curie.212-227-153-4.plesk.page\/hr\/wp-json\/wp\/v2\/product_tag?post=744633"}],"curies":[{"name":"wp","href":"https:\/\/api.w.org\/{rel}","templated":true}]}}