{"id":744699,"date":"2025-03-03T19:57:46","date_gmt":"2025-03-03T18:57:46","guid":{"rendered":"https:\/\/stoic-curie.212-227-153-4.plesk.page\/producto\/konop-s-upletkom-28-mm-x-16mt-plavi\/"},"modified":"2026-02-25T00:01:15","modified_gmt":"2026-02-25T00:01:15","slug":"konop-s-upletkom-28-mm-x-16mt-plavi","status":"publish","type":"product","link":"https:\/\/stoic-curie.212-227-153-4.plesk.page\/hr\/product\/konop-s-upletkom-28-mm-x-16mt-plavi\/","title":{"rendered":"Konop s upletkom 28 mm x 16mt plavi"},"content":{"rendered":"<p>Konop s upletkom 28 mm x 16mt plavi &#8211; <\/p>\n<p>Spremna za kori\u0161tenje dok bra\u0161na uze, s ru\u010dno spojenim i obra\u0111enim nehr\u0111aju\u0107im \u010delikom. Tako\u0111er, zavr\u0161ni terminal je ru\u010dno obra\u0111en i \u0161iven kako bi se izbjegle nesavr\u0161enosti. Sna\u017eno i mekano, izra\u0111eno od 16 pletenih visokotla\u010dnih poliesteri, s maksimalnom otporno\u0161\u0107u na habanje. Ne pluta. daN = nosivost u kg<\/p>\n","protected":false},"excerpt":{"rendered":"<p>Konop s upletkom 28 mm x 16mt plavi &#8211; Spremna za kori\u0161tenje dok bra\u0161na uze, s ru\u010dno spojenim i obra\u0111enim<\/p>\n","protected":false},"featured_media":5942779,"comment_status":"open","ping_status":"closed","template":"","meta":[],"product_brand":[3101],"product_cat":[1622,1623],"product_tag":[],"class_list":{"0":"post-744699","1":"product","2":"type-product","3":"status-publish","4":"has-post-thumbnail","6":"product_brand-marco-benvenuti-hr","7":"product_cat-konopi-za-pristajanje-i-privez","8":"product_cat-prethodno-spojena-uzad","10":"first","11":"outofstock","12":"shipping-taxable","13":"purchasable","14":"product-type-simple"},"_links":{"self":[{"href":"https:\/\/stoic-curie.212-227-153-4.plesk.page\/hr\/wp-json\/wp\/v2\/product\/744699","targetHints":{"allow":["GET"]}}],"collection":[{"href":"https:\/\/stoic-curie.212-227-153-4.plesk.page\/hr\/wp-json\/wp\/v2\/product"}],"about":[{"href":"https:\/\/stoic-curie.212-227-153-4.plesk.page\/hr\/wp-json\/wp\/v2\/types\/product"}],"replies":[{"embeddable":true,"href":"https:\/\/stoic-curie.212-227-153-4.plesk.page\/hr\/wp-json\/wp\/v2\/comments?post=744699"}],"version-history":[{"count":0,"href":"https:\/\/stoic-curie.212-227-153-4.plesk.page\/hr\/wp-json\/wp\/v2\/product\/744699\/revisions"}],"wp:featuredmedia":[{"embeddable":true,"href":"https:\/\/stoic-curie.212-227-153-4.plesk.page\/hr\/wp-json\/wp\/v2\/media\/5942779"}],"wp:attachment":[{"href":"https:\/\/stoic-curie.212-227-153-4.plesk.page\/hr\/wp-json\/wp\/v2\/media?parent=744699"}],"wp:term":[{"taxonomy":"product_brand","embeddable":true,"href":"https:\/\/stoic-curie.212-227-153-4.plesk.page\/hr\/wp-json\/wp\/v2\/product_brand?post=744699"},{"taxonomy":"product_cat","embeddable":true,"href":"https:\/\/stoic-curie.212-227-153-4.plesk.page\/hr\/wp-json\/wp\/v2\/product_cat?post=744699"},{"taxonomy":"product_tag","embeddable":true,"href":"https:\/\/stoic-curie.212-227-153-4.plesk.page\/hr\/wp-json\/wp\/v2\/product_tag?post=744699"}],"curies":[{"name":"wp","href":"https:\/\/api.w.org\/{rel}","templated":true}]}}